{"id":721632,"date":"2025-08-27T18:52:52","date_gmt":"2025-08-27T15:52:52","guid":{"rendered":"https:\/\/roveyayinevi.com.tr\/index.php\/urun\/hayatin-icindeki-iktisat\/"},"modified":"2026-04-16T02:29:27","modified_gmt":"2026-04-15T23:29:27","slug":"hayatin-icindeki-iktisat","status":"publish","type":"product","link":"https:\/\/roveyayinevi.com.tr\/index.php\/urun\/hayatin-icindeki-iktisat\/","title":{"rendered":"Hayat\u0131n \u0130\u00e7indeki \u0130ktisat"},"content":{"rendered":"<p>Bir\u00e7ok ki\u015finin korkulu r\u00fcyas\u0131 haline gelen kredi kart\u0131 bor\u00e7lar\u0131yla nas\u0131l ba\u015f edilebilir? Hi\u00e7 kullan\u0131lmayan dakikalara ve mesajlara y\u00fckl\u00fcce \u00fccretlerin \u00f6denece\u011fi telefon tarifeleri her \u015feye ra\u011fmen neden se\u00e7iliyor? \u201cPazarl\u0131k yapma\u201d halinin i\u00e7inde nas\u0131l bir iktisat yat\u0131yor ve pazarl\u0131k yaparken nelere dikkat edilmeli? Marka alg\u0131s\u0131 nas\u0131l olu\u015fuyor, beynimizi nas\u0131l y\u00f6netiyor? Ba\u015fka t\u00fcrl\u00fc bir kamu politikas\u0131 sahiden m\u00fcmk\u00fcn m\u00fc? Homo economicus ne kadar riske girebilir? Kay\u0131t d\u0131\u015f\u0131 ekonominin hayat\u0131m\u0131za etkisi neler? Peki b\u00f6brek hastal\u0131klar\u0131 ile iktisat aras\u0131nda nas\u0131l bir ili\u015fki olabilir?Hayat\u0131n \u0130\u00e7indeki \u0130ktisat, iktisadi davran\u0131\u015flara farkl\u0131 bir bak\u0131\u015f sunmay\u0131 ama\u00e7layan sorulardan yola \u00e7\u0131kan makalelerden olu\u015fuyor. Bir yandan modern insan\u0131n ar\u0131zalar\u0131n\u0131n bir k\u0131sm\u0131n\u0131 daha yak\u0131ndan tan\u0131may\u0131 ve bunlar\u0131n iktisadi sonu\u00e7lar\u0131n\u0131 incelemeyi hedeflerken, bir yandan da iktisad\u0131n nas\u0131l bir bilim oldu\u011funa dair yerle\u015fik fikirleri de\u011fi\u015ftirecek \u00e7al\u0131\u015fmalara dayan\u0131yor.Merak uyand\u0131r\u0131c\u0131, iktisattaki ilgin\u00e7 ve nispeten yeni \u00e7al\u0131\u015fmalara dikkat \u00e7eken, renkli bir derleme.N. Emrah Ayd\u0131nonat ve \u00dc. Bar\u0131\u015f Urhan\u2019\u0131n haz\u0131rlad\u0131klar\u0131 derlemede Emin K\u00f6ksal, \u015eule Alan, Seda Erta\u00e7, Serkan K\u00fc\u00e7\u00fck\u015fenel, Emin Karag\u00f6zo\u011flu, Mehmet Yi\u011fit G\u00fcrdal, Tuna \u00c7akar, Levent Neyse, \u00d6zlem \u00d6zdemir, Muhammed Emin Toruno\u011flu, Yasin Uzun, Hatice \u015eafak Bozk\u0131r, Bilge Kale ve Ceyhun Elgin\u2019in katk\u0131lar\u0131 yer al\u0131yor.<\/p>\n","protected":false},"excerpt":{"rendered":"<p>Bir\u00e7ok ki\u015finin korkulu r\u00fcyas\u0131 haline gelen kredi kart\u0131 bor\u00e7lar\u0131yla nas\u0131l ba\u015f edilebilir? Hi\u00e7 kullan\u0131lmayan dakikalara ve mesajlara y\u00fckl\u00fcce \u00fccretlerin \u00f6denece\u011fi telefon tarifeleri her \u015feye ra\u011fmen neden<span class=\"excerpt-hellip\"> [\u2026]<\/span><\/p>\n","protected":false},"featured_media":0,"template":"","meta":{"_monsterinsights_skip_tracking":false,"_monsterinsights_sitenote_active":false,"_monsterinsights_sitenote_note":"","_monsterinsights_sitenote_category":0},"product_brand":[],"product_cat":[27157,12291],"product_tag":[],"class_list":{"0":"post-721632","1":"product","2":"type-product","3":"status-publish","5":"product_cat-derleme","6":"product_cat-edebiyat","7":"pa_cilt-ciltsiz","8":"pa_tur-kitap","9":"pa_yayinevi-iletisim-yayinlari","10":"pa_yazar-n-emrah-aydinonat-u-baris-urhan","12":"first","13":"instock","14":"sale","15":"shipping-taxable","16":"purchasable","17":"product-type-simple"},"_links":{"self":[{"href":"https:\/\/roveyayinevi.com.tr\/index.php\/wp-json\/wp\/v2\/product\/721632","targetHints":{"allow":["GET"]}}],"collection":[{"href":"https:\/\/roveyayinevi.com.tr\/index.php\/wp-json\/wp\/v2\/product"}],"about":[{"href":"https:\/\/roveyayinevi.com.tr\/index.php\/wp-json\/wp\/v2\/types\/product"}],"wp:attachment":[{"href":"https:\/\/roveyayinevi.com.tr\/index.php\/wp-json\/wp\/v2\/media?parent=721632"}],"wp:term":[{"taxonomy":"product_brand","embeddable":true,"href":"https:\/\/roveyayinevi.com.tr\/index.php\/wp-json\/wp\/v2\/product_brand?post=721632"},{"taxonomy":"product_cat","embeddable":true,"href":"https:\/\/roveyayinevi.com.tr\/index.php\/wp-json\/wp\/v2\/product_cat?post=721632"},{"taxonomy":"product_tag","embeddable":true,"href":"https:\/\/roveyayinevi.com.tr\/index.php\/wp-json\/wp\/v2\/product_tag?post=721632"}],"curies":[{"name":"wp","href":"https:\/\/api.w.org\/{rel}","templated":true}]}}