{"id":721629,"date":"2025-08-27T18:52:45","date_gmt":"2025-08-27T15:52:45","guid":{"rendered":"https:\/\/roveyayinevi.com.tr\/index.php\/urun\/egzersiz-biyokimyasi\/"},"modified":"2026-04-16T02:29:27","modified_gmt":"2026-04-15T23:29:27","slug":"egzersiz-biyokimyasi","status":"publish","type":"product","link":"https:\/\/roveyayinevi.com.tr\/index.php\/urun\/egzersiz-biyokimyasi\/","title":{"rendered":"Egzersiz Biyokimyas\u0131"},"content":{"rendered":"<p>Alan\u0131n h\u0131zl\u0131 geli\u015fimini yans\u0131tan bu kitapta, Biyokimyan\u0131n temellerini (Temel Biyokimya, Klinik Biyokimya, metabolizma ve transkripsiyon d\u00fczenlenmesi\u2026) anla\u015f\u0131lmas\u0131 kolay bir bi\u00e7imde d\u00fczenledik. Kitab\u0131m\u0131z Biyokimyasal temel kavramlar\u0131 birle\u015ftirmek, Egzersiz Bilimi i\u00e7in, yeni bulgular\u0131n yan\u0131 s\u0131ra, ara\u015ft\u0131rmalar\u0131n gelecekteki y\u00f6nelimlerinin birle\u015fimi ile spor ve egzersiz ile ili\u015fkilendirilmesine yard\u0131mc\u0131 olacak \u015fekilde tasarlanm\u0131\u015ft\u0131r. Amac\u0131m\u0131z hem spor bilimleri alan\u0131nda e\u011fitim g\u00f6ren \u00f6\u011frenciler, hem de profosyonellerin \u00e7al\u0131\u015fma alanlar\u0131nda ihtiya\u00e7 duyduklar\u0131 bilgileri bulmalar\u0131d\u0131r. \u0130\u00c7\u0130NDEK\u0130LER 1.Metabolizmaya Giri\u015f 2.Enerji Sistemleri ve Biyoenerjetikler 3.Dinlenme ve Egzersizde Aerobik ve Anaerobik Enerji Kaynaklar\u0131 4.Egzersiz Sonras\u0131 Toparlanma 5.Karbohidratlar,Karbohidrat Metabolizmas\u0131,Egzersizde Karbohidrat Biyokimyas\u0131 6.Lipidler,Lipid Metabolizmas\u0131 ,Plazma Lipoproteinleri,Egzersizde Lipid Biyokimyas\u0131,Ya\u011f Dokusu Biyokimyas\u0131 7.Aminoasitler,Proteinler,Metabolizmalar\u0131,Egzersiz ve Protein 8.N\u00fckleik Asitler,Gen Transkripsiyonu ve Protein Sentezi 9.Enzimler 10.Vitaminler 11.Mineraller\/Elementler 12.Su V\u00fccut S\u0131v\u0131lar\u0131,Egzersiz ve Su Dengesi 13.pH,V\u00fccut Tampon Sistemleri 14.Hormonlar(Endokrin Sistem) 15.Sportif Performans ve Beslenme Biyokimyas\u0131 16.Spocu De\u011ferlendirilmesinde T\u0131bbi Laboratuvar Testleri 17.Kan,Eritrosit-L\u00f6kosit-Trombosit Biyokimyas\u0131,Egzersiz ve Kan 18.Kas Y\u00f6netimi Biyokimyas\u0131 19.Kemik Dokusu Biyokimyas\u0131 20.Egzersiz,Serbest Radikaller Oksidatif strs ve Antioksidanlar 21.Kanser Biyokimyas\u0131,Egzersiz 22.Ergojenik Yard\u0131mc\u0131lar,Doping 23.Spor,Vitaminler ve Mineraller <\/p>\n","protected":false},"excerpt":{"rendered":"<p>Alan\u0131n h\u0131zl\u0131 geli\u015fimini yans\u0131tan bu kitapta, Biyokimyan\u0131n temellerini (Temel Biyokimya, Klinik Biyokimya, metabolizma ve transkripsiyon d\u00fczenlenmesi\u2026) anla\u015f\u0131lmas\u0131 kolay bir bi\u00e7imde d\u00fczenledik. Kitab\u0131m\u0131z Biyokimyasal temel kavramlar\u0131 birle\u015ftirmek,<span class=\"excerpt-hellip\"> [\u2026]<\/span><\/p>\n","protected":false},"featured_media":0,"template":"","meta":{"_monsterinsights_skip_tracking":false,"_monsterinsights_sitenote_active":false,"_monsterinsights_sitenote_note":"","_monsterinsights_sitenote_category":0},"product_brand":[],"product_cat":[12573,12566],"product_tag":[],"class_list":{"0":"post-721629","1":"product","2":"type-product","3":"status-publish","5":"product_cat-akademik-kitaplar","6":"product_cat-egitim","7":"pa_cilt-ciltsiz","8":"pa_tur-kitap","9":"pa_yayinevi-gazi-kitabevi","10":"pa_yazar-kolektif","12":"first","13":"instock","14":"sale","15":"shipping-taxable","16":"purchasable","17":"product-type-simple"},"_links":{"self":[{"href":"https:\/\/roveyayinevi.com.tr\/index.php\/wp-json\/wp\/v2\/product\/721629","targetHints":{"allow":["GET"]}}],"collection":[{"href":"https:\/\/roveyayinevi.com.tr\/index.php\/wp-json\/wp\/v2\/product"}],"about":[{"href":"https:\/\/roveyayinevi.com.tr\/index.php\/wp-json\/wp\/v2\/types\/product"}],"wp:attachment":[{"href":"https:\/\/roveyayinevi.com.tr\/index.php\/wp-json\/wp\/v2\/media?parent=721629"}],"wp:term":[{"taxonomy":"product_brand","embeddable":true,"href":"https:\/\/roveyayinevi.com.tr\/index.php\/wp-json\/wp\/v2\/product_brand?post=721629"},{"taxonomy":"product_cat","embeddable":true,"href":"https:\/\/roveyayinevi.com.tr\/index.php\/wp-json\/wp\/v2\/product_cat?post=721629"},{"taxonomy":"product_tag","embeddable":true,"href":"https:\/\/roveyayinevi.com.tr\/index.php\/wp-json\/wp\/v2\/product_tag?post=721629"}],"curies":[{"name":"wp","href":"https:\/\/api.w.org\/{rel}","templated":true}]}}