{"id":721627,"date":"2025-08-27T18:52:43","date_gmt":"2025-08-27T15:52:43","guid":{"rendered":"https:\/\/roveyayinevi.com.tr\/index.php\/urun\/bosanma-ve-cocuk\/"},"modified":"2026-04-16T02:29:27","modified_gmt":"2026-04-15T23:29:27","slug":"bosanma-ve-cocuk","status":"publish","type":"product","link":"https:\/\/roveyayinevi.com.tr\/index.php\/urun\/bosanma-ve-cocuk\/","title":{"rendered":"Bo\u015fanma Ve \u00c7ocuk"},"content":{"rendered":"<p>\u201cEvlilikler Biter, Ebeveynlik S\u00fcrer\u201d kitab\u0131m\u0131zda, bo\u015fanma ve \u00e7ocuk \u00fczerindeki etkileri ili\u015fkisel s\u00fcre\u00e7ler ile a\u00e7\u0131klanmaya \u00e7al\u0131\u015f\u0131lm\u0131\u015ft\u0131r. G\u00fcn\u00fcm\u00fczde \u00e7ocuklar ebeveynlerinden birini \u00e7o\u011funlukla bo\u015fanma yoluyla kaybetmekte ve \u00e7o\u011funlukla yeni aile sistemleri olu\u015fmakta, \u00fcvey ebeveynler de onlar i\u00e7in \u00e7at\u0131\u015fmal\u0131 ili\u015fkiler ve yabanc\u0131 anlam\u0131na gelmektedir. Bu nedenle, bo\u015fanma s\u00fcre\u00e7lerinden \u00e7ocuklar\u0131n nas\u0131l etkilendi\u011fine ve etkin m\u00fcdahale ve destek yakla\u015f\u0131mlar\u0131na odaklan\u0131lm\u0131\u015ft\u0131r. Bo\u015fanm\u0131\u015f pek \u00e7ok \u00e7ift \u00e7ocuklar\u0131n\u0131 ne kadar sevdiklerini ve \u201conlar i\u00e7in her \u015feyi yapacaklar\u0131n\u0131 s\u00f6ylerler\u201d. Ama konu, \u00e7ocuklar\u0131 hakk\u0131nda birbirleriyle ileti\u015fim kurmaya geldi\u011finde, inan\u0131lmaz g\u00fc\u00e7l\u00fck ya\u015farlar. \u00c7ocuklar\u0131n, birlikte i\u015f yapabilen, \u00e7ocuklar\u0131 i\u00e7in sava\u015f\u0131 bir yana b\u0131rakabilecek ana babalara gereksinimi vard\u0131r.  \u00c7ocuklar, her iki ebeveynin de sevgisine, deste\u011fine ve k\u0131lavuzlu\u011funa gereksinim duymaya devam ederler. Mutlu olabilecek ve gelecekte sa\u011fl\u0131kl\u0131 ili\u015fkiler geli\u015ftirebilecek \u015fekilde yeti\u015fme ve b\u00fcy\u00fcme \u015fans\u0131na sahip olmak i\u00e7in, annelik babal\u0131k \u201cortakl\u0131\u011f\u0131n\u0131n\u201d s\u00fcrmesine gerek duyarlar. \u0130\u015fte bu y\u00fczden, \u201cEvlilikler Biter, Ebeveynlik S\u00fcrer\u201d diyoruz. Bu kitab\u0131n yeti\u015fkinlere ve \u00e7ocuklarla \u00e7al\u0131\u015fan \u00f6\u011fretmen, okulda ruh sa\u011fl\u0131\u011f\u0131 personeli ve uzmanlara yard\u0131mc\u0131 olmas\u0131n\u0131 diliyoruz. <\/p>\n","protected":false},"excerpt":{"rendered":"<p>\u201cEvlilikler Biter, Ebeveynlik S\u00fcrer\u201d kitab\u0131m\u0131zda, bo\u015fanma ve \u00e7ocuk \u00fczerindeki etkileri ili\u015fkisel s\u00fcre\u00e7ler ile a\u00e7\u0131klanmaya \u00e7al\u0131\u015f\u0131lm\u0131\u015ft\u0131r. G\u00fcn\u00fcm\u00fczde \u00e7ocuklar ebeveynlerinden birini \u00e7o\u011funlukla bo\u015fanma yoluyla kaybetmekte ve \u00e7o\u011funlukla yeni<span class=\"excerpt-hellip\"> [\u2026]<\/span><\/p>\n","protected":false},"featured_media":0,"template":"","meta":{"_monsterinsights_skip_tracking":false,"_monsterinsights_sitenote_active":false,"_monsterinsights_sitenote_note":"","_monsterinsights_sitenote_category":0},"product_brand":[],"product_cat":[12679,12357],"product_tag":[],"class_list":{"0":"post-721627","1":"product","2":"type-product","3":"status-publish","5":"product_cat-cocuk-psikolojisi","6":"product_cat-psikoloji","7":"pa_cilt-ciltsiz","8":"pa_tur-kitap","9":"pa_yayinevi-egiten-kitap","10":"pa_yazar-mahmut-yilmaz-evren-julide-koc","12":"first","13":"instock","14":"sale","15":"shipping-taxable","16":"purchasable","17":"product-type-simple"},"_links":{"self":[{"href":"https:\/\/roveyayinevi.com.tr\/index.php\/wp-json\/wp\/v2\/product\/721627","targetHints":{"allow":["GET"]}}],"collection":[{"href":"https:\/\/roveyayinevi.com.tr\/index.php\/wp-json\/wp\/v2\/product"}],"about":[{"href":"https:\/\/roveyayinevi.com.tr\/index.php\/wp-json\/wp\/v2\/types\/product"}],"wp:attachment":[{"href":"https:\/\/roveyayinevi.com.tr\/index.php\/wp-json\/wp\/v2\/media?parent=721627"}],"wp:term":[{"taxonomy":"product_brand","embeddable":true,"href":"https:\/\/roveyayinevi.com.tr\/index.php\/wp-json\/wp\/v2\/product_brand?post=721627"},{"taxonomy":"product_cat","embeddable":true,"href":"https:\/\/roveyayinevi.com.tr\/index.php\/wp-json\/wp\/v2\/product_cat?post=721627"},{"taxonomy":"product_tag","embeddable":true,"href":"https:\/\/roveyayinevi.com.tr\/index.php\/wp-json\/wp\/v2\/product_tag?post=721627"}],"curies":[{"name":"wp","href":"https:\/\/api.w.org\/{rel}","templated":true}]}}