{"id":721620,"date":"2025-08-27T18:52:38","date_gmt":"2025-08-27T15:52:38","guid":{"rendered":"https:\/\/roveyayinevi.com.tr\/index.php\/urun\/elveda-patatesler\/"},"modified":"2026-04-16T02:29:26","modified_gmt":"2026-04-15T23:29:26","slug":"elveda-patatesler","status":"publish","type":"product","link":"https:\/\/roveyayinevi.com.tr\/index.php\/urun\/elveda-patatesler\/","title":{"rendered":"Elveda Patatesler"},"content":{"rendered":"<p>Yeter ki sen i\u00e7ini d\u00f6kmek iste\u2026Nazl\u0131 ve annesinin hayat\u0131 son zamanlarda biraz kar\u0131\u015f\u0131kt\u0131r. Anne, i\u015f ve ailevi s\u0131k\u0131nt\u0131larla bo\u011fu\u015fmaktad\u0131r. Baban\u0131n aniden evden uzakla\u015fmas\u0131, annenin duygusal dalgalanmalar\u0131 derken, Nazl\u0131\u2019n\u0131n okul ba\u015far\u0131s\u0131 t\u00fcm bu ya\u015fananlardan nasibini al\u0131r. Kendi k\u00fc\u00e7\u00fck d\u00fcnyas\u0131nda, boyundan b\u00fcy\u00fck dertlerle m\u00fccadele etmeye \u00e7al\u0131\u015fan Nazl\u0131 i\u00e7in mutluluk belki de annesinin tek bir tebess\u00fcm\u00fcne ba\u011fl\u0131d\u0131r. Bo\u011faz\u0131na birer yumru misali dizilen sorunlar\u0131n \u00fcstesinden gelebilmek zor gibi g\u00f6r\u00fcnse de, b\u00fcy\u00fckannesinin bu gibi durumlar i\u00e7in \u00e7ok \u00f6zel bir tarifi vard\u0131r: Bir kalem, bir k\u00e2\u011f\u0131t, s\u0131cac\u0131k bir \u00e7ay ve \u00f6zveriyle dinlemeye haz\u0131r bir \u00e7ift kulak. Yeter ki Nazl\u0131 anlatmak istesin&#8230;\u00d6d\u00fcll\u00fc yazar Pelin G\u00fcne\u015f\u2019in fark\u0131ndal\u0131k yaratan hik\u00e2yesi ve yenilik\u00e7i ressam G\u00fcl Sar\u0131\u2019n\u0131n karakteristik \u00e7izimleriyle dikkat \u00e7eken Elveda Patatesler, Tudem\u2019in, okumaya isteksiz ve okuma g\u00fc\u00e7l\u00fc\u011f\u00fc \u00e7eken \u00e7ocuklar i\u00e7in \u00f6zel olarak haz\u0131rlad\u0131\u011f\u0131 SEN de OKU koleksiyonunun T\u00fcrk yazarlar serisindeki yerini al\u0131yor.Yeti\u015fkinlerin kendi hayatlar\u0131 ile ilgili ald\u0131klar\u0131 kararlar\u0131n \u00e7ocuklar\u0131 \u00fczerinde nas\u0131l \u2018derin\u2019 izler b\u0131rakabilece\u011fini g\u00f6zler \u00f6n\u00fcne seren bu i\u00e7tenlikli kitap; da\u011f\u0131lan aileler, i\u015fsizlikle m\u00fccadele, maddi zorluklar gibi g\u00fcncel toplumsal ve ekonomik sorunlara da e\u011filerek, okurlar\u0131n\u0131n d\u00fcnya g\u00f6r\u00fc\u015flerini \u00e7e\u015fitlendiriyor.Ger\u00e7ek hayattan ilham alan naif metniyle son derece vurucu bir hayata tutunma hik\u00e2yesine imza atan Elveda Patatesler, s\u0131k\u0131nt\u0131lar\u0131n \u00fcstesinden gelebilmek ve zorluklara g\u00f6\u011f\u00fcs gerebilmek i\u00e7in payla\u015fman\u0131n ve dayan\u0131\u015fman\u0131n \u00f6nemini vurguluyor.S\u00f6zc\u00fcklerle m\u00fccadele eden \u00e7ocuklar; Nazl\u0131 ile birlikte duygular\u0131n\u0131 tan\u0131y\u0131p ba\u015fkalar\u0131yla empati kurman\u0131n yollar\u0131n\u0131 ke\u015ffederken, kalplerini titretecek bir \u00f6yk\u00fcn\u00fcn kahramanlar\u0131ndan birine d\u00f6n\u00fc\u015ferek okuma sevgisi kazan\u0131yor!<\/p>\n","protected":false},"excerpt":{"rendered":"<p>Yeter ki sen i\u00e7ini d\u00f6kmek iste\u2026Nazl\u0131 ve annesinin hayat\u0131 son zamanlarda biraz kar\u0131\u015f\u0131kt\u0131r. Anne, i\u015f ve ailevi s\u0131k\u0131nt\u0131larla bo\u011fu\u015fmaktad\u0131r. Baban\u0131n aniden evden uzakla\u015fmas\u0131, annenin duygusal dalgalanmalar\u0131<span class=\"excerpt-hellip\"> [\u2026]<\/span><\/p>\n","protected":false},"featured_media":0,"template":"","meta":{"_monsterinsights_skip_tracking":false,"_monsterinsights_sitenote_active":false,"_monsterinsights_sitenote_note":"","_monsterinsights_sitenote_category":0},"product_brand":[],"product_cat":[12274,12518],"product_tag":[],"class_list":{"0":"post-721620","1":"product","2":"type-product","3":"status-publish","5":"product_cat-cocuk-ve-genclik-kitaplari","6":"product_cat-okul-oncesi-kitaplar","7":"pa_cilt-ciltsiz","8":"pa_tur-kitap","9":"pa_yayinevi-tudem-yayinlari","10":"pa_yazar-pelin-gunes","12":"first","13":"instock","14":"sale","15":"shipping-taxable","16":"purchasable","17":"product-type-simple"},"_links":{"self":[{"href":"https:\/\/roveyayinevi.com.tr\/index.php\/wp-json\/wp\/v2\/product\/721620","targetHints":{"allow":["GET"]}}],"collection":[{"href":"https:\/\/roveyayinevi.com.tr\/index.php\/wp-json\/wp\/v2\/product"}],"about":[{"href":"https:\/\/roveyayinevi.com.tr\/index.php\/wp-json\/wp\/v2\/types\/product"}],"wp:attachment":[{"href":"https:\/\/roveyayinevi.com.tr\/index.php\/wp-json\/wp\/v2\/media?parent=721620"}],"wp:term":[{"taxonomy":"product_brand","embeddable":true,"href":"https:\/\/roveyayinevi.com.tr\/index.php\/wp-json\/wp\/v2\/product_brand?post=721620"},{"taxonomy":"product_cat","embeddable":true,"href":"https:\/\/roveyayinevi.com.tr\/index.php\/wp-json\/wp\/v2\/product_cat?post=721620"},{"taxonomy":"product_tag","embeddable":true,"href":"https:\/\/roveyayinevi.com.tr\/index.php\/wp-json\/wp\/v2\/product_tag?post=721620"}],"curies":[{"name":"wp","href":"https:\/\/api.w.org\/{rel}","templated":true}]}}