{"id":721614,"date":"2025-08-27T18:52:33","date_gmt":"2025-08-27T15:52:33","guid":{"rendered":"https:\/\/roveyayinevi.com.tr\/index.php\/urun\/eyub-basit-bir-adamin-romani\/"},"modified":"2026-04-16T02:29:26","modified_gmt":"2026-04-15T23:29:26","slug":"eyub-basit-bir-adamin-romani","status":"publish","type":"product","link":"https:\/\/roveyayinevi.com.tr\/index.php\/urun\/eyub-basit-bir-adamin-romani\/","title":{"rendered":"Eyub \/ Basit Bir Adam\u0131n Roman\u0131"},"content":{"rendered":"<p>\u00c7arl\u0131k Rusya\u2019s\u0131nda ailesiyle zor ko\u015fullar alt\u0131nda ya\u015fayan Mendel Singer, hayat\u0131n\u0131 Eyub misali Tanr\u0131\u2019ya adam\u0131\u015ft\u0131r. Kaderine Tanr\u0131\u2019n\u0131n y\u00f6n verdi\u011fine inanan Mendel, g\u00fcn\u00fcn birinde Amerika\u2019ya g\u00f6\u00e7 eder. Fakat bamba\u015fka bir hayat tarz\u0131 sunan bu yeni, h\u0131zl\u0131 ve modern d\u00fcnyada kendini konumland\u0131racak zemin bulamaz. Bu s\u0131rada patlak veren Birinci D\u00fcnya Sava\u015f\u0131 vatan\u0131yla birlikte ailesini de elinden al\u0131nca Mendel, Tanr\u0131\u2019yla ba\u015f ba\u015fa kal\u0131r ve kendini bir hesapla\u015fman\u0131n i\u00e7inde bulur. Eyub k\u00f6klerinden kopup savrulanlar\u0131n roman\u0131d\u0131r. G\u00f6\u00e7, kimlik ve yabanc\u0131la\u015fma etraf\u0131nda d\u00fc\u011f\u00fcmlenen roman, gelenek ile asimilasyon aras\u0131nda s\u0131k\u0131\u015f\u0131p kalan Do\u011fu Avrupa Yahudili\u011finin kaderini yans\u0131t\u0131r. Oda\u011f\u0131n\u0131 daima s\u00fcrg\u00fcnlere, vatans\u0131zlara ve yersiz yurtsuzlara \u00e7eviren Joseph Roth, Eyub\u2019da bir ailenin dram\u0131 \u00fczerinden 20. y\u00fczy\u0131l\u0131n ve modern d\u00fcnyan\u0131n en b\u00fcy\u00fck meselelerini ele al\u0131r.<\/p>\n","protected":false},"excerpt":{"rendered":"<p>\u00c7arl\u0131k Rusya\u2019s\u0131nda ailesiyle zor ko\u015fullar alt\u0131nda ya\u015fayan Mendel Singer, hayat\u0131n\u0131 Eyub misali Tanr\u0131\u2019ya adam\u0131\u015ft\u0131r. Kaderine Tanr\u0131\u2019n\u0131n y\u00f6n verdi\u011fine inanan Mendel, g\u00fcn\u00fcn birinde Amerika\u2019ya g\u00f6\u00e7 eder. Fakat<span class=\"excerpt-hellip\"> [\u2026]<\/span><\/p>\n","protected":false},"featured_media":0,"template":"","meta":{"_monsterinsights_skip_tracking":false,"_monsterinsights_sitenote_active":false,"_monsterinsights_sitenote_note":"","_monsterinsights_sitenote_category":0},"product_brand":[],"product_cat":[12291,12711],"product_tag":[],"class_list":{"0":"post-721614","1":"product","2":"type-product","3":"status-publish","5":"product_cat-edebiyat","6":"product_cat-roman-oyku","7":"pa_cilt-ciltsiz","8":"pa_tur-kitap","9":"pa_yayinevi-can-yayinlari","10":"pa_yazar-joseph-roth","12":"first","13":"instock","14":"sale","15":"shipping-taxable","16":"purchasable","17":"product-type-simple"},"_links":{"self":[{"href":"https:\/\/roveyayinevi.com.tr\/index.php\/wp-json\/wp\/v2\/product\/721614","targetHints":{"allow":["GET"]}}],"collection":[{"href":"https:\/\/roveyayinevi.com.tr\/index.php\/wp-json\/wp\/v2\/product"}],"about":[{"href":"https:\/\/roveyayinevi.com.tr\/index.php\/wp-json\/wp\/v2\/types\/product"}],"wp:attachment":[{"href":"https:\/\/roveyayinevi.com.tr\/index.php\/wp-json\/wp\/v2\/media?parent=721614"}],"wp:term":[{"taxonomy":"product_brand","embeddable":true,"href":"https:\/\/roveyayinevi.com.tr\/index.php\/wp-json\/wp\/v2\/product_brand?post=721614"},{"taxonomy":"product_cat","embeddable":true,"href":"https:\/\/roveyayinevi.com.tr\/index.php\/wp-json\/wp\/v2\/product_cat?post=721614"},{"taxonomy":"product_tag","embeddable":true,"href":"https:\/\/roveyayinevi.com.tr\/index.php\/wp-json\/wp\/v2\/product_tag?post=721614"}],"curies":[{"name":"wp","href":"https:\/\/api.w.org\/{rel}","templated":true}]}}