{"id":721613,"date":"2025-08-27T18:52:32","date_gmt":"2025-08-27T15:52:32","guid":{"rendered":"https:\/\/roveyayinevi.com.tr\/index.php\/urun\/heyula\/"},"modified":"2026-04-16T02:29:26","modified_gmt":"2026-04-15T23:29:26","slug":"heyula","status":"publish","type":"product","link":"https:\/\/roveyayinevi.com.tr\/index.php\/urun\/heyula\/","title":{"rendered":"Heyula"},"content":{"rendered":"<p>\u201cG\u00f6zlerine bir m\u00fcddet bakt\u0131m; beni g\u00f6rmedi. Sonra bu kadar derin oldu\u011fu i\u00e7in mukaddes olan bu ac\u0131ya diz \u00e7\u00f6kt\u00fcm. Bu benim tan\u0131d\u0131\u011f\u0131m Selma\u2019ya benzemeyen kad\u0131n\u0131n sarkan elini tutmak istedim. Titreyerek \u00e7ekildim. Bir \u00f6l\u00fc gibi so\u011fuktu. Hususuyla bu buz gibi elin \u00fczerindeki so\u011fuk nem v\u00fccuduma buz cehenneminde titreyen bir ruhun azab\u0131n\u0131 ihsas etti. Zavall\u0131, zavall\u0131 Selma!\u201d \u201cHisteriyi kurmacala\u015ft\u0131rmas\u0131, sinir hastal\u0131klar\u0131n\u0131n temsili, d\u00f6neminin psikolojik ve t\u0131bbi s\u00f6ylemine i\u015faret etmesi, estetik ve anestezik olan aras\u0131nda girift ili\u015fkileri sunu\u015fu, metinler aras\u0131 g\u00f6ndermeleri, m\u00fczi\u011fi ve operay\u0131 anlat\u0131s\u0131na kat\u0131\u015f\u0131yla Halide Edib edebiyat\u0131n\u0131n tarihyaz\u0131m\u0131na dahil edilmesi gereken Heyula, aram\u0131zda yeniden dola\u015fmal\u0131d\u0131r.\u201d Fatih Altu\u011f Kaleme ald\u0131\u011f\u0131 her metinle yeniden tart\u0131\u015f\u0131lan Halide Edib\u2019in b\u00fct\u00fcn eserleri, g\u00f6zden ge\u00e7irilmi\u015f bask\u0131lar\u0131yla Can Yay\u0131nlar\u0131\u2019nda.<\/p>\n","protected":false},"excerpt":{"rendered":"<p>\u201cG\u00f6zlerine bir m\u00fcddet bakt\u0131m; beni g\u00f6rmedi. Sonra bu kadar derin oldu\u011fu i\u00e7in mukaddes olan bu ac\u0131ya diz \u00e7\u00f6kt\u00fcm. Bu benim tan\u0131d\u0131\u011f\u0131m Selma\u2019ya benzemeyen kad\u0131n\u0131n sarkan elini<span class=\"excerpt-hellip\"> [\u2026]<\/span><\/p>\n","protected":false},"featured_media":0,"template":"","meta":{"_monsterinsights_skip_tracking":false,"_monsterinsights_sitenote_active":false,"_monsterinsights_sitenote_note":"","_monsterinsights_sitenote_category":0},"product_brand":[],"product_cat":[12291,12711],"product_tag":[],"class_list":{"0":"post-721613","1":"product","2":"type-product","3":"status-publish","5":"product_cat-edebiyat","6":"product_cat-roman-oyku","7":"pa_cilt-ciltsiz","8":"pa_tur-kitap","9":"pa_yayinevi-can-yayinlari","10":"pa_yazar-halide-edib-adivar","12":"first","13":"instock","14":"sale","15":"shipping-taxable","16":"purchasable","17":"product-type-simple"},"_links":{"self":[{"href":"https:\/\/roveyayinevi.com.tr\/index.php\/wp-json\/wp\/v2\/product\/721613","targetHints":{"allow":["GET"]}}],"collection":[{"href":"https:\/\/roveyayinevi.com.tr\/index.php\/wp-json\/wp\/v2\/product"}],"about":[{"href":"https:\/\/roveyayinevi.com.tr\/index.php\/wp-json\/wp\/v2\/types\/product"}],"wp:attachment":[{"href":"https:\/\/roveyayinevi.com.tr\/index.php\/wp-json\/wp\/v2\/media?parent=721613"}],"wp:term":[{"taxonomy":"product_brand","embeddable":true,"href":"https:\/\/roveyayinevi.com.tr\/index.php\/wp-json\/wp\/v2\/product_brand?post=721613"},{"taxonomy":"product_cat","embeddable":true,"href":"https:\/\/roveyayinevi.com.tr\/index.php\/wp-json\/wp\/v2\/product_cat?post=721613"},{"taxonomy":"product_tag","embeddable":true,"href":"https:\/\/roveyayinevi.com.tr\/index.php\/wp-json\/wp\/v2\/product_tag?post=721613"}],"curies":[{"name":"wp","href":"https:\/\/api.w.org\/{rel}","templated":true}]}}