{"id":721608,"date":"2025-08-27T18:52:29","date_gmt":"2025-08-27T15:52:29","guid":{"rendered":"https:\/\/roveyayinevi.com.tr\/index.php\/urun\/maruzatim-var\/"},"modified":"2026-04-16T02:29:26","modified_gmt":"2026-04-15T23:29:26","slug":"maruzatim-var","status":"publish","type":"product","link":"https:\/\/roveyayinevi.com.tr\/index.php\/urun\/maruzatim-var\/","title":{"rendered":"Maruzat\u0131m Var"},"content":{"rendered":"<p>Hayat: Ba\u015flang\u0131\u00e7 noktas\u0131ndan sona do\u011fru yol al\u0131rken, nelerle kar\u015f\u0131la\u015fabilece\u011fini tahmin edemedi\u011fin bir seyahat. Herkesin ba\u015flang\u0131\u00e7 noktas\u0131 farkl\u0131 oldu\u011fu gibi; son dura\u011fa gidi\u015f yolu, gidece\u011fi vesait, mola verece\u011fi yerler, yolun uzunlu\u011fu, k\u0131sal\u0131\u015f\u0131, engebesi, ge\u00e7ece\u011fi t\u00fcneller, refakatindekiler, inip binenler de farkl\u0131.   K\u00fcs\u00fclen anneler, ad\u0131n\u0131 sevmeyen \u00e7ocuklar, hayat\u0131m\u0131z\u0131 kendi hayatlar\u0131 sanan karde\u015fler, hemen \u201ckarde\u015f\u201d olanlar, kabu\u011funu k\u0131rmaya \u00e7al\u0131\u015fanlar, o kabu\u011fu evi sananlar, yaln\u0131z kalanlar, hep yaln\u0131z kalacaklar\u2026 Nurhan Suerdem, soka\u011f\u0131n, caddelerin ve evlerin g\u00fcmb\u00fcrt\u00fcs\u00fc aras\u0131nda kalan sesleri duyuruyor. Bazen duymamak i\u00e7in kula\u011f\u0131m\u0131z\u0131 kapad\u0131\u011f\u0131m\u0131z, bazen hayat\u0131m\u0131z\u0131n ar\u0131zal\u0131 bir par\u00e7as\u0131ndan geldi\u011fine inanmak istemedi\u011fimiz, bazen de t\u00fcm g\u00fcc\u00fcm\u00fczle bizim oldu\u011funu hayk\u0131rmak i\u00e7in \u00e7abalad\u0131\u011f\u0131m\u0131z sesleri\u2026   Maruzat\u0131m Var etraf\u0131m\u0131z\u0131n d\u00f6rt koldan sar\u0131ld\u0131\u011f\u0131 bu \u00e7a\u011fda, \u015fefkatle elimizi tutuyor. <\/p>\n","protected":false},"excerpt":{"rendered":"<p>Hayat: Ba\u015flang\u0131\u00e7 noktas\u0131ndan sona do\u011fru yol al\u0131rken, nelerle kar\u015f\u0131la\u015fabilece\u011fini tahmin edemedi\u011fin bir seyahat. Herkesin ba\u015flang\u0131\u00e7 noktas\u0131 farkl\u0131 oldu\u011fu gibi; son dura\u011fa gidi\u015f yolu, gidece\u011fi vesait, mola<span class=\"excerpt-hellip\"> [\u2026]<\/span><\/p>\n","protected":false},"featured_media":0,"template":"","meta":{"_monsterinsights_skip_tracking":false,"_monsterinsights_sitenote_active":false,"_monsterinsights_sitenote_note":"","_monsterinsights_sitenote_category":0},"product_brand":[],"product_cat":[12291,12711],"product_tag":[],"class_list":{"0":"post-721608","1":"product","2":"type-product","3":"status-publish","5":"product_cat-edebiyat","6":"product_cat-roman-oyku","7":"pa_cilt-ciltsiz","8":"pa_tur-kitap","9":"pa_yayinevi-iletisim-yayinlari","10":"pa_yazar-nurhan-suerdem","12":"first","13":"instock","14":"sale","15":"shipping-taxable","16":"purchasable","17":"product-type-simple"},"_links":{"self":[{"href":"https:\/\/roveyayinevi.com.tr\/index.php\/wp-json\/wp\/v2\/product\/721608","targetHints":{"allow":["GET"]}}],"collection":[{"href":"https:\/\/roveyayinevi.com.tr\/index.php\/wp-json\/wp\/v2\/product"}],"about":[{"href":"https:\/\/roveyayinevi.com.tr\/index.php\/wp-json\/wp\/v2\/types\/product"}],"wp:attachment":[{"href":"https:\/\/roveyayinevi.com.tr\/index.php\/wp-json\/wp\/v2\/media?parent=721608"}],"wp:term":[{"taxonomy":"product_brand","embeddable":true,"href":"https:\/\/roveyayinevi.com.tr\/index.php\/wp-json\/wp\/v2\/product_brand?post=721608"},{"taxonomy":"product_cat","embeddable":true,"href":"https:\/\/roveyayinevi.com.tr\/index.php\/wp-json\/wp\/v2\/product_cat?post=721608"},{"taxonomy":"product_tag","embeddable":true,"href":"https:\/\/roveyayinevi.com.tr\/index.php\/wp-json\/wp\/v2\/product_tag?post=721608"}],"curies":[{"name":"wp","href":"https:\/\/api.w.org\/{rel}","templated":true}]}}