{"id":721604,"date":"2025-08-27T18:52:26","date_gmt":"2025-08-27T15:52:26","guid":{"rendered":"https:\/\/roveyayinevi.com.tr\/index.php\/urun\/suret-11-sayi-kahramanlar-anti-kahramanlar\/"},"modified":"2026-02-02T02:33:30","modified_gmt":"2026-02-01T23:33:30","slug":"suret-11-sayi-kahramanlar-anti-kahramanlar","status":"publish","type":"product","link":"https:\/\/roveyayinevi.com.tr\/index.php\/urun\/suret-11-sayi-kahramanlar-anti-kahramanlar\/","title":{"rendered":"Suret, 11. Say\u0131: Kahramanlar &#8211; Anti-Kahramanlar"},"content":{"rendered":"<p>\u0130nsanl\u0131k tarihinin kurucu anlat\u0131 fig\u00fcrlerinden biri olan kahraman, Suret\u2019in bu dosyas\u0131nda alanlar\u0131n\u0131n uzman\u0131 \u00e7e\u015fitli kalemler taraf\u0131ndan tart\u0131\u015fmaya a\u00e7\u0131l\u0131yor. \u00d6zne olman\u0131n ne demek oldu\u011fu sorusunun giderek yak\u0131c\u0131 h\u00e2le geldi\u011fi bug\u00fcnlerde, bu dosyada yer alan yaz\u0131lar\u0131n s\u00f6yleyece\u011fi \u00f6nemli \u015feyler var.   \u201cM\u00fc\u015fk\u00fcl bir varolu\u015fa s\u0131k\u0131\u015f\u0131p kalm\u0131\u015ft\u0131r insan dedi\u011fin. G\u00fcnler ve y\u00fczy\u0131llard\u0131r birinin gelip onu bu h\u00e2lden \u00e7ekip \u00e7\u0131karmas\u0131n\u0131 bekler durur. Bilin\u00e7d\u0131\u015f\u0131nda t\u00fcmg\u00fc\u00e7l\u00fc tanr\u0131sal kudrete sahip oldu\u011funu sanr\u0131lad\u0131\u011f\u0131 o \u2018biri\u2019 insani \u00f6znenin kahraman\u0131d\u0131r; kahramanlar biz eksikli, e\u011freti, kayg\u0131l\u0131 ve arzulu \u00f6l\u00fcml\u00fclerin tanr\u0131lar\u0131d\u0131r. Nice kahramanlar gelir ge\u00e7er, nice kahramanl\u0131klara sahne olur hayat ama varolu\u015fun p\u00fcr\u00fczleri b\u00e2ki kal\u0131r. Belirsizli\u011fin ve olas\u0131l\u0131\u011f\u0131n ipli\u011fiyle dokunmu\u015f insani varolu\u015f ac\u0131, keder ama ne\u015fe; arzu, umut ama h\u00fcsran; \u00f6zg\u00fcrl\u00fck, kayg\u0131 ama yarat\u0131c\u0131l\u0131k; hayat ama \u00f6l\u00fcmle doludur. Varolu\u015f kendinden m\u00fc\u015fk\u00fcld\u00fcr; \u00e7atla\u011f\u0131ndan hayat da s\u0131zar \u00f6l\u00fcm de ve hi\u00e7bir kahraman\u0131n kudreti varolu\u015fun \u00e7atla\u011f\u0131n\u0131 s\u0131vamaya yetmez. Ama yine de kahramanlara ve kahramanl\u0131\u011fa yer var bu hik\u00e2yede; bu m\u00fc\u015fk\u00fcl insanl\u0131k durumundan, ya\u015fanmaya de\u011fer bir hayat yontman\u0131n m\u00fcmk\u00fcn oldu\u011funu anlayan ve anlatan, ya\u015fayan ve ya\u015fatan kahramanlara h\u00e2l\u00e2 yer var. Annelere, babalara, karde\u015flere, arkada\u015flara, dostlara ve yolda\u015flara, sevgililere, o\u011fullara ve k\u0131zlara, \u00f6\u011fretmenlere, ustalara, yazarlara, sanat\u00e7\u0131lara, bilim insanlar\u0131na ve filozoflara, bedenimizi ve ruhumuzu sa\u011faltan \u015fifac\u0131lara, ayd\u0131nl\u0131k, m\u00fc\u015ffik, yarat\u0131c\u0131 ve cesur zihinler ve y\u00fcreklere, kedilere, ku\u015flara, vapurlara, da\u011fa, ta\u015fa, \u00e7i\u00e7e\u011fe, g\u00fcne\u015fe ve aya, ya\u011fmura ve kara, \u015fiire, romana ve filmlere\u2026 Hepsi bu d\u00fcnyan\u0131n heng\u00e2mesi i\u00e7inde bize e\u015flik eden, varolu\u015f a\u011fr\u0131m\u0131z\u0131 dindiren ve avutan nice m\u00fctevaz\u0131 kahramanlar de\u011fil mi? Evet, Suret\u2019in bu dosyas\u0131nda i\u015fte bu do\u011frultuda \u2018Kahramanlar ve Anti-kahramanlar\u2019 temas\u0131n\u0131 i\u015fliyoruz.\u201d Hakan K\u0131z\u0131ltan, dosya edit\u00f6r\u00fc <\/p>\n","protected":false},"excerpt":{"rendered":"<p>\u0130nsanl\u0131k tarihinin kurucu anlat\u0131 fig\u00fcrlerinden biri olan kahraman, Suret\u2019in bu dosyas\u0131nda alanlar\u0131n\u0131n uzman\u0131 \u00e7e\u015fitli kalemler taraf\u0131ndan tart\u0131\u015fmaya a\u00e7\u0131l\u0131yor. \u00d6zne olman\u0131n ne demek oldu\u011fu sorusunun giderek yak\u0131c\u0131<span class=\"excerpt-hellip\"> [\u2026]<\/span><\/p>\n","protected":false},"featured_media":0,"template":"","meta":{"_monsterinsights_skip_tracking":false,"_monsterinsights_sitenote_active":false,"_monsterinsights_sitenote_note":"","_monsterinsights_sitenote_category":0},"product_brand":[],"product_cat":[12358,12357],"product_tag":[],"class_list":{"0":"post-721604","1":"product","2":"type-product","3":"status-publish","5":"product_cat-genel-psikoloji","6":"product_cat-psikoloji","7":"pa_cilt-ciltsiz","8":"pa_tur-kitap","9":"pa_yayinevi-ithaki-yayinlari","10":"pa_yazar-kolektif","12":"first","13":"instock","14":"sale","15":"shipping-taxable","16":"purchasable","17":"product-type-simple"},"_links":{"self":[{"href":"https:\/\/roveyayinevi.com.tr\/index.php\/wp-json\/wp\/v2\/product\/721604","targetHints":{"allow":["GET"]}}],"collection":[{"href":"https:\/\/roveyayinevi.com.tr\/index.php\/wp-json\/wp\/v2\/product"}],"about":[{"href":"https:\/\/roveyayinevi.com.tr\/index.php\/wp-json\/wp\/v2\/types\/product"}],"wp:attachment":[{"href":"https:\/\/roveyayinevi.com.tr\/index.php\/wp-json\/wp\/v2\/media?parent=721604"}],"wp:term":[{"taxonomy":"product_brand","embeddable":true,"href":"https:\/\/roveyayinevi.com.tr\/index.php\/wp-json\/wp\/v2\/product_brand?post=721604"},{"taxonomy":"product_cat","embeddable":true,"href":"https:\/\/roveyayinevi.com.tr\/index.php\/wp-json\/wp\/v2\/product_cat?post=721604"},{"taxonomy":"product_tag","embeddable":true,"href":"https:\/\/roveyayinevi.com.tr\/index.php\/wp-json\/wp\/v2\/product_tag?post=721604"}],"curies":[{"name":"wp","href":"https:\/\/api.w.org\/{rel}","templated":true}]}}