{"id":721603,"date":"2025-08-27T18:52:26","date_gmt":"2025-08-27T15:52:26","guid":{"rendered":"https:\/\/roveyayinevi.com.tr\/index.php\/urun\/ic-dunya-dis-gerceklik\/"},"modified":"2026-04-16T02:29:26","modified_gmt":"2026-04-15T23:29:26","slug":"ic-dunya-dis-gerceklik","status":"publish","type":"product","link":"https:\/\/roveyayinevi.com.tr\/index.php\/urun\/ic-dunya-dis-gerceklik\/","title":{"rendered":"\u0130\u00e7 D\u00fcnya D\u0131\u015f Ger\u00e7eklik"},"content":{"rendered":"<p>\u0130stanbul Psikanaliz E\u011fitim, Ara\u015ft\u0131rma ve Geli\u015ftirme Derne\u011fi (Psike \u0130stanbul) taraf\u0131ndan Bo\u011fazi\u00e7i \u00dcniversitesi\u2019nde 2018 y\u0131l\u0131n\u0131n Aral\u0131k ay\u0131nda 12. Psikanalitik Bak\u0131\u015flar Sempozyumu\u2019nda sunulmu\u015f tebli\u011flerin g\u00f6zden ge\u00e7irilmi\u015f h\u00e2llerinin bir araya getirildi\u011fi bu kitap, insan tekini ve toplumu a\u00e7\u0131klamada iddias\u0131n\u0131 s\u00fcrd\u00fcren psikanalizi bir kavramsal kav\u015fa\u011fa yana\u015ft\u0131r\u0131yor. \u0130\u00e7 d\u00fcnya ve d\u0131\u015f ger\u00e7eklik aras\u0131ndaki etkile\u015fim, i\u00e7erisi ile d\u0131\u015far\u0131s\u0131n\u0131 tan\u0131mlayan etkenler, konular\u0131n\u0131n uzman\u0131 yazarlarca enine boyuna masaya yat\u0131r\u0131l\u0131yor.  \u0130\u00e7 D\u00fcnya D\u0131\u015f Ger\u00e7eklik, psikanalitik ufkun i\u00e7inde bulunanlar kadar d\u0131\u015f\u0131nda bulunanlar\u0131n da ilgisini \u00e7ekecek metinlerle dolu bir kaynak.   \u201c\u0130\u00e7erisi ve d\u0131\u015far\u0131s\u0131 birbirini tamamlar, biri di\u011ferinden ayr\u0131lamaz. \u0130\u00e7erisi s\u0131n\u0131rlar, hudutlar, bir ayr\u0131m, bir farkl\u0131la\u015fma, bir ayr\u0131lma gerektirir. Kimlik, bireyle\u015fme, birey ve d\u00fc\u015f\u00fcnce bir s\u0131n\u0131r taraf\u0131ndan belirlenir. \u0130\u00e7erisi ve d\u0131\u015far\u0131s\u0131 birbiriyle etkile\u015fir ve birbiriyle z\u0131tla\u015f\u0131rken bir yandan da su\u00e7 orta\u011f\u0131 olurlar. Ya\u015famak i\u00e7in i\u00e7erisi, hayatta kalmak i\u00e7in ihtiya\u00e7 duydu\u011fu d\u0131\u015far\u0131n\u0131n baz\u0131 \u00f6\u011felerini bast\u0131rmal\u0131d\u0131r. \u0130\u00e7eriyi s\u0131n\u0131rland\u0131rmak aktif bir eylemdir ve kabul edebilmeyi veya reddedebilmeyi, evet ya da hay\u0131r deme kabiliyetini gerektirir. Bu kabul veya ret bir i\u00e7 in\u015fa edebilmek i\u00e7in mutlak bir ko\u015fuldur.\u201d Serge Frisch <\/p>\n","protected":false},"excerpt":{"rendered":"<p>\u0130stanbul Psikanaliz E\u011fitim, Ara\u015ft\u0131rma ve Geli\u015ftirme Derne\u011fi (Psike \u0130stanbul) taraf\u0131ndan Bo\u011fazi\u00e7i \u00dcniversitesi\u2019nde 2018 y\u0131l\u0131n\u0131n Aral\u0131k ay\u0131nda 12. Psikanalitik Bak\u0131\u015flar Sempozyumu\u2019nda sunulmu\u015f tebli\u011flerin g\u00f6zden ge\u00e7irilmi\u015f h\u00e2llerinin bir<span class=\"excerpt-hellip\"> [\u2026]<\/span><\/p>\n","protected":false},"featured_media":0,"template":"","meta":{"_monsterinsights_skip_tracking":false,"_monsterinsights_sitenote_active":false,"_monsterinsights_sitenote_note":"","_monsterinsights_sitenote_category":0},"product_brand":[],"product_cat":[12755,12357],"product_tag":[],"class_list":{"0":"post-721603","1":"product","2":"type-product","3":"status-publish","5":"product_cat-gelisim-psikolojisi","6":"product_cat-psikoloji","7":"pa_cilt-ciltsiz","8":"pa_tur-kitap","9":"pa_yayinevi-ithaki-yayinlari","10":"pa_yazar-esra-mutlu-dedik","12":"first","13":"instock","14":"sale","15":"shipping-taxable","16":"purchasable","17":"product-type-simple"},"_links":{"self":[{"href":"https:\/\/roveyayinevi.com.tr\/index.php\/wp-json\/wp\/v2\/product\/721603","targetHints":{"allow":["GET"]}}],"collection":[{"href":"https:\/\/roveyayinevi.com.tr\/index.php\/wp-json\/wp\/v2\/product"}],"about":[{"href":"https:\/\/roveyayinevi.com.tr\/index.php\/wp-json\/wp\/v2\/types\/product"}],"wp:attachment":[{"href":"https:\/\/roveyayinevi.com.tr\/index.php\/wp-json\/wp\/v2\/media?parent=721603"}],"wp:term":[{"taxonomy":"product_brand","embeddable":true,"href":"https:\/\/roveyayinevi.com.tr\/index.php\/wp-json\/wp\/v2\/product_brand?post=721603"},{"taxonomy":"product_cat","embeddable":true,"href":"https:\/\/roveyayinevi.com.tr\/index.php\/wp-json\/wp\/v2\/product_cat?post=721603"},{"taxonomy":"product_tag","embeddable":true,"href":"https:\/\/roveyayinevi.com.tr\/index.php\/wp-json\/wp\/v2\/product_tag?post=721603"}],"curies":[{"name":"wp","href":"https:\/\/api.w.org\/{rel}","templated":true}]}}