{"id":721601,"date":"2025-08-27T18:52:24","date_gmt":"2025-08-27T15:52:24","guid":{"rendered":"https:\/\/roveyayinevi.com.tr\/index.php\/urun\/dahiler-sinifi-stephen-hawking\/"},"modified":"2026-04-16T02:29:26","modified_gmt":"2026-04-15T23:29:26","slug":"dahiler-sinifi-stephen-hawking","status":"publish","type":"product","link":"https:\/\/roveyayinevi.com.tr\/index.php\/urun\/dahiler-sinifi-stephen-hawking\/","title":{"rendered":"Dahiler S\u0131n\u0131f\u0131: Stephen Hawking"},"content":{"rendered":"<p>D\u00e2hiler s\u0131n\u0131f\u0131: okumas\u0131 kolay, unutmas\u0131 zorDerslerinde bocalayan bir \u00f6\u011frenci nas\u0131l 20. Y\u00fczy\u0131l\u0131n en parlak zihinlerinden birine d\u00f6n\u00fc\u015ft\u00fc?Bedenini hareketsiz k\u0131lan hastal\u0131\u011f\u0131na inat, zihni uzay ve zaman\u0131n s\u0131n\u0131rlar\u0131nda gezinmi\u015f bir d\u00e2hinin, stephen hawking\u2019in ya\u015fam \u00f6yk\u00fcs\u00fc bu.B\u00fcy\u00fck ilgi g\u00f6ren d\u00e2hiler s\u0131n\u0131f\u0131 serisi stephen hawk\u0131ng: sonsuzlu\u011fun izinde bir zihin ile devam ediyor.D\u00e2hiler s\u0131n\u0131f\u0131 serisi hakk\u0131nda:Bunlar, her biri kendi y\u00f6ntemiyle; kelimeleriyle, icatlar\u0131yla, se\u00e7imleriyle ve hatta kaderleriyle d\u00fcnyay\u0131 de\u011fi\u015ftirmi\u015f kad\u0131nlar\u0131n ve erkeklerin hayat hik\u00e2yeleri; \u015fa\u015fk\u0131nl\u0131k ve hayranl\u0131k duyman\u0131z\u0131 sa\u011flayacak, hayal g\u00fcc\u00fc ve merak duygunuzu harekete ge\u00e7irecek b\u00fcy\u00fcleyici hik\u00e2yeler. D\u00e2hiler s\u0131n\u0131f\u0131 serisi bu \u00f6zel insanlar\u0131 \u00e7ocuklarla (9 ya\u015f ve \u00fcst\u00fc) tan\u0131\u015ft\u0131rmak \u00fczere tasarland\u0131. \u0130lk olarak yay\u0131mland\u0131\u011f\u0131 italya\u2019da b\u00fcy\u00fck \u00f6vg\u00fc toplayan ve ard\u0131ndan pek \u00e7ok dile \u00e7evrilen d\u00e2hiler s\u0131n\u0131f\u0131, minik ebad\u0131, renkli ill\u00fcstrasyonlar\u0131, bilgiyi heyecan ve macerayla birle\u015ftiren anlat\u0131m\u0131yla \u00e7ocuklar\u0131n kolay okuyaca\u011f\u0131, zor unutaca\u011f\u0131, onlara \u00f6\u011frendiklerinden daha da fazlas\u0131n\u0131 merak ettirecek bir seri.9 ya\u015f ve \u00fczeri<\/p>\n","protected":false},"excerpt":{"rendered":"<p>D\u00e2hiler s\u0131n\u0131f\u0131: okumas\u0131 kolay, unutmas\u0131 zorDerslerinde bocalayan bir \u00f6\u011frenci nas\u0131l 20. Y\u00fczy\u0131l\u0131n en parlak zihinlerinden birine d\u00f6n\u00fc\u015ft\u00fc?Bedenini hareketsiz k\u0131lan hastal\u0131\u011f\u0131na inat, zihni uzay ve zaman\u0131n s\u0131n\u0131rlar\u0131nda<span class=\"excerpt-hellip\"> [\u2026]<\/span><\/p>\n","protected":false},"featured_media":0,"template":"","meta":{"_monsterinsights_skip_tracking":false,"_monsterinsights_sitenote_active":false,"_monsterinsights_sitenote_note":"","_monsterinsights_sitenote_category":0},"product_brand":[],"product_cat":[12566],"product_tag":[],"class_list":{"0":"post-721601","1":"product","2":"type-product","3":"status-publish","5":"product_cat-egitim","6":"pa_cilt-ciltsiz","7":"pa_tur-kitap","8":"pa_yayinevi-domingo-yayinevi","9":"pa_yazar-jacopo-olivieri","11":"first","12":"instock","13":"sale","14":"shipping-taxable","15":"purchasable","16":"product-type-simple"},"_links":{"self":[{"href":"https:\/\/roveyayinevi.com.tr\/index.php\/wp-json\/wp\/v2\/product\/721601","targetHints":{"allow":["GET"]}}],"collection":[{"href":"https:\/\/roveyayinevi.com.tr\/index.php\/wp-json\/wp\/v2\/product"}],"about":[{"href":"https:\/\/roveyayinevi.com.tr\/index.php\/wp-json\/wp\/v2\/types\/product"}],"wp:attachment":[{"href":"https:\/\/roveyayinevi.com.tr\/index.php\/wp-json\/wp\/v2\/media?parent=721601"}],"wp:term":[{"taxonomy":"product_brand","embeddable":true,"href":"https:\/\/roveyayinevi.com.tr\/index.php\/wp-json\/wp\/v2\/product_brand?post=721601"},{"taxonomy":"product_cat","embeddable":true,"href":"https:\/\/roveyayinevi.com.tr\/index.php\/wp-json\/wp\/v2\/product_cat?post=721601"},{"taxonomy":"product_tag","embeddable":true,"href":"https:\/\/roveyayinevi.com.tr\/index.php\/wp-json\/wp\/v2\/product_tag?post=721601"}],"curies":[{"name":"wp","href":"https:\/\/api.w.org\/{rel}","templated":true}]}}