{"id":721600,"date":"2025-08-27T18:52:24","date_gmt":"2025-08-27T15:52:24","guid":{"rendered":"https:\/\/roveyayinevi.com.tr\/index.php\/urun\/birlesik-kaplar-teorisi\/"},"modified":"2026-04-16T02:29:26","modified_gmt":"2026-04-15T23:29:26","slug":"birlesik-kaplar-teorisi","status":"publish","type":"product","link":"https:\/\/roveyayinevi.com.tr\/index.php\/urun\/birlesik-kaplar-teorisi\/","title":{"rendered":"Birle\u015fik Kaplar Teorisi"},"content":{"rendered":"<p>G\u00f6\u00e7men ve m\u00fclteci meselesi i\u00e7inde ya\u015fad\u0131\u011f\u0131m\u0131z zaman diliminin en \u00f6nemli birg\u00fcvenlik ve beka sorunudur. \u00c7\u00fcnk\u00fc \u00fclkesini terk etmek zorunda kalan insanlar\u0131nya\u015fad\u0131klar\u0131 dramdan daha hakikatli ve ac\u0131kl\u0131 ne olabilir, bu \u00e7aresizlik neyle nas\u0131l tarifedilebilir. Nihayetinde her g\u00f6\u00e7 bir umuda yolculuktur, ama umuda yolculuktan daha\u00f6nemlisi, hikayenin \u00f6ncesinde ya\u015fanm\u0131\u015f olan ac\u0131 ve s\u0131k\u0131nt\u0131lar, hissedilen \u00e7aresizlik veyitirilen umutlard\u0131r. \u0130nsanlar\u0131n umutlar\u0131n\u0131n pe\u015finden gitmesi g\u00fczeldir, ama her insan\u0131nmemleketinde yani anas\u0131n\u0131n kuca\u011f\u0131nda, babas\u0131n\u0131n dizinin dibinde hayallerinekavu\u015fmas\u0131 daha g\u00fczeldir. \u0130\u015fin \u00f6z\u00fc her g\u00f6\u00e7 bir taraf\u0131yla trajedidir ve bu trajedininsadece fig\u00fcranlar\u0131d\u0131r g\u00f6\u00e7 edenler. G\u00f6\u00e7 edilen yere varmak ise yeni ve bamba\u015fka birhikayenin ba\u015flang\u0131c\u0131d\u0131r, bazen hayallerin ye\u015ferdi\u011fi, bazen de hayatlar\u0131n karard\u0131\u011f\u0131.<\/p>\n","protected":false},"excerpt":{"rendered":"<p>G\u00f6\u00e7men ve m\u00fclteci meselesi i\u00e7inde ya\u015fad\u0131\u011f\u0131m\u0131z zaman diliminin en \u00f6nemli birg\u00fcvenlik ve beka sorunudur. \u00c7\u00fcnk\u00fc \u00fclkesini terk etmek zorunda kalan insanlar\u0131nya\u015fad\u0131klar\u0131 dramdan daha hakikatli ve ac\u0131kl\u0131<span class=\"excerpt-hellip\"> [\u2026]<\/span><\/p>\n","protected":false},"featured_media":0,"template":"","meta":{"_monsterinsights_skip_tracking":false,"_monsterinsights_sitenote_active":false,"_monsterinsights_sitenote_note":"","_monsterinsights_sitenote_category":0},"product_brand":[],"product_cat":[12325,12324],"product_tag":[],"class_list":{"0":"post-721600","1":"product","2":"type-product","3":"status-publish","5":"product_cat-diger-sosyoloji","6":"product_cat-sosyoloji","7":"pa_cilt-ciltsiz","8":"pa_tur-kitap","9":"pa_yayinevi-astana-yayinlari","10":"pa_yazar-murat-sengoz","12":"first","13":"instock","14":"sale","15":"shipping-taxable","16":"purchasable","17":"product-type-simple"},"_links":{"self":[{"href":"https:\/\/roveyayinevi.com.tr\/index.php\/wp-json\/wp\/v2\/product\/721600","targetHints":{"allow":["GET"]}}],"collection":[{"href":"https:\/\/roveyayinevi.com.tr\/index.php\/wp-json\/wp\/v2\/product"}],"about":[{"href":"https:\/\/roveyayinevi.com.tr\/index.php\/wp-json\/wp\/v2\/types\/product"}],"wp:attachment":[{"href":"https:\/\/roveyayinevi.com.tr\/index.php\/wp-json\/wp\/v2\/media?parent=721600"}],"wp:term":[{"taxonomy":"product_brand","embeddable":true,"href":"https:\/\/roveyayinevi.com.tr\/index.php\/wp-json\/wp\/v2\/product_brand?post=721600"},{"taxonomy":"product_cat","embeddable":true,"href":"https:\/\/roveyayinevi.com.tr\/index.php\/wp-json\/wp\/v2\/product_cat?post=721600"},{"taxonomy":"product_tag","embeddable":true,"href":"https:\/\/roveyayinevi.com.tr\/index.php\/wp-json\/wp\/v2\/product_tag?post=721600"}],"curies":[{"name":"wp","href":"https:\/\/api.w.org\/{rel}","templated":true}]}}