{"id":721591,"date":"2025-08-27T18:52:17","date_gmt":"2025-08-27T15:52:17","guid":{"rendered":"https:\/\/roveyayinevi.com.tr\/index.php\/urun\/jeoloji\/"},"modified":"2026-04-16T02:29:26","modified_gmt":"2026-04-15T23:29:26","slug":"jeoloji","status":"publish","type":"product","link":"https:\/\/roveyayinevi.com.tr\/index.php\/urun\/jeoloji\/","title":{"rendered":"Jeoloji"},"content":{"rendered":"<p>Jeoloji D\u00fcnya\u2019y\u0131 ve onun nelerden olu\u015ftu\u011funu ara\u015ft\u0131r\u0131r. K\u00fc\u00e7\u00fck jeologlar sade a\u00e7\u0131klamalar\u0131 okuyup g\u00fczel \u00e7izimlerle renklendirilmi\u015f etkinlikleri yaparken ayaklar\u0131m\u0131z\u0131n alt\u0131ndaki d\u00fcnyay\u0131 ad\u0131m ad\u0131m ke\u015ffedecekler. STEM alanlar\u0131na derin bir tutku geli\u015ftirmek i\u00e7in en uygun ba\u015flang\u0131\u00e7\u2026 <\/p>\n","protected":false},"excerpt":{"rendered":"<p>Jeoloji D\u00fcnya\u2019y\u0131 ve onun nelerden olu\u015ftu\u011funu ara\u015ft\u0131r\u0131r. K\u00fc\u00e7\u00fck jeologlar sade a\u00e7\u0131klamalar\u0131 okuyup g\u00fczel \u00e7izimlerle renklendirilmi\u015f etkinlikleri yaparken ayaklar\u0131m\u0131z\u0131n alt\u0131ndaki d\u00fcnyay\u0131 ad\u0131m ad\u0131m ke\u015ffedecekler. STEM alanlar\u0131na derin<span class=\"excerpt-hellip\"> [\u2026]<\/span><\/p>\n","protected":false},"featured_media":0,"template":"","meta":{"_monsterinsights_skip_tracking":false,"_monsterinsights_sitenote_active":false,"_monsterinsights_sitenote_note":"","_monsterinsights_sitenote_category":0},"product_brand":[],"product_cat":[12274,12518],"product_tag":[],"class_list":{"0":"post-721591","1":"product","2":"type-product","3":"status-publish","5":"product_cat-cocuk-ve-genclik-kitaplari","6":"product_cat-okul-oncesi-kitaplar","7":"pa_cilt-ciltsiz","8":"pa_tur-kitap","9":"pa_yayinevi-is-bankasi-kultur-yayinlari","10":"pa_yazar-jenny-jacoby","12":"first","13":"instock","14":"sale","15":"shipping-taxable","16":"purchasable","17":"product-type-simple"},"_links":{"self":[{"href":"https:\/\/roveyayinevi.com.tr\/index.php\/wp-json\/wp\/v2\/product\/721591","targetHints":{"allow":["GET"]}}],"collection":[{"href":"https:\/\/roveyayinevi.com.tr\/index.php\/wp-json\/wp\/v2\/product"}],"about":[{"href":"https:\/\/roveyayinevi.com.tr\/index.php\/wp-json\/wp\/v2\/types\/product"}],"wp:attachment":[{"href":"https:\/\/roveyayinevi.com.tr\/index.php\/wp-json\/wp\/v2\/media?parent=721591"}],"wp:term":[{"taxonomy":"product_brand","embeddable":true,"href":"https:\/\/roveyayinevi.com.tr\/index.php\/wp-json\/wp\/v2\/product_brand?post=721591"},{"taxonomy":"product_cat","embeddable":true,"href":"https:\/\/roveyayinevi.com.tr\/index.php\/wp-json\/wp\/v2\/product_cat?post=721591"},{"taxonomy":"product_tag","embeddable":true,"href":"https:\/\/roveyayinevi.com.tr\/index.php\/wp-json\/wp\/v2\/product_tag?post=721591"}],"curies":[{"name":"wp","href":"https:\/\/api.w.org\/{rel}","templated":true}]}}