{"id":721590,"date":"2025-08-27T18:52:16","date_gmt":"2025-08-27T15:52:16","guid":{"rendered":"https:\/\/roveyayinevi.com.tr\/index.php\/urun\/robotbilim\/"},"modified":"2026-04-16T02:29:26","modified_gmt":"2026-04-15T23:29:26","slug":"robotbilim","status":"publish","type":"product","link":"https:\/\/roveyayinevi.com.tr\/index.php\/urun\/robotbilim\/","title":{"rendered":"Robotbilim"},"content":{"rendered":"<p>STEM konular\u0131 \u00e7ocuklar\u0131n e\u011fitimi i\u00e7in \u00e7ok \u00f6nemlidir. Bu kitaptaki sade a\u00e7\u0131klamalar\u0131 okuyup g\u00fczel \u00e7izimlerle renklendirilmi\u015f etkinlikleri yaparken gen\u00e7 bilimciler STEM d\u00fcnyas\u0131na teknoloji ve robotlarla harika bir giri\u015f yapacaklar. STEM alanlar\u0131na derin bir tutku geli\u015ftirmek i\u00e7in en uygun ba\u015flang\u0131\u00e7\u2026 <\/p>\n","protected":false},"excerpt":{"rendered":"<p>STEM konular\u0131 \u00e7ocuklar\u0131n e\u011fitimi i\u00e7in \u00e7ok \u00f6nemlidir. Bu kitaptaki sade a\u00e7\u0131klamalar\u0131 okuyup g\u00fczel \u00e7izimlerle renklendirilmi\u015f etkinlikleri yaparken gen\u00e7 bilimciler STEM d\u00fcnyas\u0131na teknoloji ve robotlarla harika bir<span class=\"excerpt-hellip\"> [\u2026]<\/span><\/p>\n","protected":false},"featured_media":0,"template":"","meta":{"_monsterinsights_skip_tracking":false,"_monsterinsights_sitenote_active":false,"_monsterinsights_sitenote_note":"","_monsterinsights_sitenote_category":0},"product_brand":[],"product_cat":[13829,12274],"product_tag":[],"class_list":{"0":"post-721590","1":"product","2":"type-product","3":"status-publish","5":"product_cat-bilimsel-kitaplar","6":"product_cat-cocuk-ve-genclik-kitaplari","7":"pa_cilt-ciltsiz","8":"pa_tur-kitap","9":"pa_yayinevi-is-bankasi-kultur-yayinlari","10":"pa_yazar-jenny-jacoby","12":"first","13":"instock","14":"sale","15":"shipping-taxable","16":"purchasable","17":"product-type-simple"},"_links":{"self":[{"href":"https:\/\/roveyayinevi.com.tr\/index.php\/wp-json\/wp\/v2\/product\/721590","targetHints":{"allow":["GET"]}}],"collection":[{"href":"https:\/\/roveyayinevi.com.tr\/index.php\/wp-json\/wp\/v2\/product"}],"about":[{"href":"https:\/\/roveyayinevi.com.tr\/index.php\/wp-json\/wp\/v2\/types\/product"}],"wp:attachment":[{"href":"https:\/\/roveyayinevi.com.tr\/index.php\/wp-json\/wp\/v2\/media?parent=721590"}],"wp:term":[{"taxonomy":"product_brand","embeddable":true,"href":"https:\/\/roveyayinevi.com.tr\/index.php\/wp-json\/wp\/v2\/product_brand?post=721590"},{"taxonomy":"product_cat","embeddable":true,"href":"https:\/\/roveyayinevi.com.tr\/index.php\/wp-json\/wp\/v2\/product_cat?post=721590"},{"taxonomy":"product_tag","embeddable":true,"href":"https:\/\/roveyayinevi.com.tr\/index.php\/wp-json\/wp\/v2\/product_tag?post=721590"}],"curies":[{"name":"wp","href":"https:\/\/api.w.org\/{rel}","templated":true}]}}