{"id":721583,"date":"2025-08-27T18:52:10","date_gmt":"2025-08-27T15:52:10","guid":{"rendered":"https:\/\/roveyayinevi.com.tr\/index.php\/urun\/osmanli-imparatorlugu-ve-avrupa\/"},"modified":"2026-04-16T02:29:26","modified_gmt":"2026-04-15T23:29:26","slug":"osmanli-imparatorlugu-ve-avrupa","status":"publish","type":"product","link":"https:\/\/roveyayinevi.com.tr\/index.php\/urun\/osmanli-imparatorlugu-ve-avrupa\/","title":{"rendered":"Osmanl\u0131 \u0130mparatorlu\u011fu ve Avrupa"},"content":{"rendered":"<p>Osmanl\u0131 \u0130mparatorlu\u011fu ile Avrupa aras\u0131ndaki alt\u0131 y\u00fcz y\u0131ll\u0131k ili\u015fkilerin tarihi d\u00fc\u015f\u00fcn\u00fcld\u00fc\u011f\u00fcnde, nedense akla \u00f6nce sava\u015flar, fetihler, toprak kay\u0131plar\u0131, k\u0131sacas\u0131 bitmez t\u00fckenmez bir \u00e7at\u0131\u015fma ve bunun yaratt\u0131\u011f\u0131 ruh halleri gelir. Oysa Claudio Magris\u2019in ifadesiyle, \u201cAvrupa ile Osmanl\u0131 \u0130mparatorlu\u011fu\u2019nun kar\u015f\u0131la\u015fmas\u0131, sava\u015fan ve birbirini yiyip bitiren iki ayr\u0131 d\u00fcnyan\u0131n sonunda fark\u0131na bile var\u0131lmadan nas\u0131l i\u00e7 i\u00e7e ge\u00e7ip birbirlerini zenginle\u015ftirdiklerinin b\u00fcy\u00fck \u00f6rne\u011fidir.\u201d Jean-Fran\u00e7ois Solnon, 2010 Avrupa Tarih Kitab\u0131 \u00f6d\u00fcl\u00fcn\u00fc kazanan bu \u00e7al\u0131\u015fmas\u0131nda, i\u015fte bu i\u00e7 i\u00e7e ge\u00e7i\u015fin, \u201c\u00e7at\u0131\u015fma ve kar\u015f\u0131l\u0131kl\u0131 hayranl\u0131\u011f\u0131n\u201d zengin tarihini ele al\u0131yor. Daha \u00f6nce Sar\u0131k ve \u0130stanbulin (2013) ad\u0131yla yay\u0131mlanan, Fransa\u2019daki 2017 bask\u0131s\u0131nda ise ad\u0131 L\u2019Empire Ottoman et l\u2019Europe olarak de\u011fi\u015ftirilen Osmanl\u0131 \u0130mparatorlu\u011fu ve Avrupa, \u00e7at\u0131\u015fan taraflar\u0131n kar\u015f\u0131l\u0131kl\u0131 alg\u0131lar\u0131n\u0131n nas\u0131l olu\u015ftu\u011funu ve zaman i\u00e7inde nas\u0131l d\u00f6n\u00fc\u015ft\u00fc\u011f\u00fcn\u00fc edebiyat, resim, m\u00fczik, tiyatro, koleksiyonlar ve koleksiyoncular, moda, e\u011flence d\u00fcnyas\u0131 gibi \u00e7ok \u00e7e\u015fitli ve renkli bir yelpazeden \u00f6rneklerle anlat\u0131yor. El\u00e7iler, seyyahlar, sanat\u00e7\u0131lar ve terc\u00fcmanlar\u0131n da b\u00fcy\u00fck rol oynad\u0131klar\u0131 bu ili\u015fkiler yuma\u011f\u0131 Solnon\u2019un i\u015flek kalemiyle \u00e7\u00f6z\u00fcl\u00fcp g\u00f6zlerimizin \u00f6n\u00fcne serildik\u00e7e, kar\u015f\u0131l\u0131kl\u0131 merak ve hayranl\u0131\u011f\u0131n \u00e7at\u0131\u015fma ve korkuya zaman zaman nas\u0131l galebe \u00e7ald\u0131\u011f\u0131n\u0131 g\u00f6r\u00fcyoruz. <\/p>\n","protected":false},"excerpt":{"rendered":"<p>Osmanl\u0131 \u0130mparatorlu\u011fu ile Avrupa aras\u0131ndaki alt\u0131 y\u00fcz y\u0131ll\u0131k ili\u015fkilerin tarihi d\u00fc\u015f\u00fcn\u00fcld\u00fc\u011f\u00fcnde, nedense akla \u00f6nce sava\u015flar, fetihler, toprak kay\u0131plar\u0131, k\u0131sacas\u0131 bitmez t\u00fckenmez bir \u00e7at\u0131\u015fma ve bunun yaratt\u0131\u011f\u0131<span class=\"excerpt-hellip\"> [\u2026]<\/span><\/p>\n","protected":false},"featured_media":0,"template":"","meta":{"_monsterinsights_skip_tracking":false,"_monsterinsights_sitenote_active":false,"_monsterinsights_sitenote_note":"","_monsterinsights_sitenote_category":0},"product_brand":[],"product_cat":[13517,12304],"product_tag":[],"class_list":{"0":"post-721583","1":"product","2":"type-product","3":"status-publish","5":"product_cat-osmanli-tarihi","6":"product_cat-tarih","7":"pa_cilt-ciltsiz","8":"pa_tur-kitap","9":"pa_yayinevi-is-bankasi-kultur-yayinlari","10":"pa_yazar-jean-francois-solnon","12":"first","13":"instock","14":"sale","15":"shipping-taxable","16":"purchasable","17":"product-type-simple"},"_links":{"self":[{"href":"https:\/\/roveyayinevi.com.tr\/index.php\/wp-json\/wp\/v2\/product\/721583","targetHints":{"allow":["GET"]}}],"collection":[{"href":"https:\/\/roveyayinevi.com.tr\/index.php\/wp-json\/wp\/v2\/product"}],"about":[{"href":"https:\/\/roveyayinevi.com.tr\/index.php\/wp-json\/wp\/v2\/types\/product"}],"wp:attachment":[{"href":"https:\/\/roveyayinevi.com.tr\/index.php\/wp-json\/wp\/v2\/media?parent=721583"}],"wp:term":[{"taxonomy":"product_brand","embeddable":true,"href":"https:\/\/roveyayinevi.com.tr\/index.php\/wp-json\/wp\/v2\/product_brand?post=721583"},{"taxonomy":"product_cat","embeddable":true,"href":"https:\/\/roveyayinevi.com.tr\/index.php\/wp-json\/wp\/v2\/product_cat?post=721583"},{"taxonomy":"product_tag","embeddable":true,"href":"https:\/\/roveyayinevi.com.tr\/index.php\/wp-json\/wp\/v2\/product_tag?post=721583"}],"curies":[{"name":"wp","href":"https:\/\/api.w.org\/{rel}","templated":true}]}}