{"id":721582,"date":"2025-08-27T18:52:10","date_gmt":"2025-08-27T15:52:10","guid":{"rendered":"https:\/\/roveyayinevi.com.tr\/index.php\/urun\/kurbagalar-sicak-cikolata-icer-mi\/"},"modified":"2026-04-16T02:29:26","modified_gmt":"2026-04-15T23:29:26","slug":"kurbagalar-sicak-cikolata-icer-mi","status":"publish","type":"product","link":"https:\/\/roveyayinevi.com.tr\/index.php\/urun\/kurbagalar-sicak-cikolata-icer-mi\/","title":{"rendered":"Kurba\u011falar S\u0131cak \u00c7ikolata \u0130\u00e7er Mi?"},"content":{"rendered":"<p>Kutup ay\u0131lar\u0131 \u00fc\u015f\u00fcmemek i\u00e7in kendilerine ev yapar m\u0131? Penguenler \u00fc\u015f\u00fcmemek i\u00e7in arkada\u015flar\u0131na sar\u0131l\u0131r m\u0131? EVET!Ama onlar\u0131n evleri ah\u015faptan de\u011fildir ve penguenler de kanepenin \u00fcst\u00fcnde birbirlerine sar\u0131lmazlar. Bu hayvanlar\u0131n &#8211; ve ba\u015fka bir \u00e7o\u011funun &#8211; so\u011fuk havada hayatta kalabilmek i\u00e7in harika taktikleri vard\u0131r. \u2018Kurba\u011falar S\u0131cak \u00c7ikolata \u0130\u00e7er mi?\u2019 d\u00fcnyadaki \u00e7e\u015fitli hayvanlar\u0131n \u00e7evrelerine nas\u0131l uyum sa\u011flad\u0131klar\u0131na dair k\u0131sa ve ne\u015feli bir ba\u015flang\u0131\u00e7 kitab\u0131. E\u011flenceli sorular ve komik resimlerle gen\u00e7 okurlar \u00e7ok e\u011flenecek! <\/p>\n","protected":false},"excerpt":{"rendered":"<p>Kutup ay\u0131lar\u0131 \u00fc\u015f\u00fcmemek i\u00e7in kendilerine ev yapar m\u0131? Penguenler \u00fc\u015f\u00fcmemek i\u00e7in arkada\u015flar\u0131na sar\u0131l\u0131r m\u0131? EVET!Ama onlar\u0131n evleri ah\u015faptan de\u011fildir ve penguenler de kanepenin \u00fcst\u00fcnde birbirlerine sar\u0131lmazlar.<span class=\"excerpt-hellip\"> [\u2026]<\/span><\/p>\n","protected":false},"featured_media":0,"template":"","meta":{"_monsterinsights_skip_tracking":false,"_monsterinsights_sitenote_active":false,"_monsterinsights_sitenote_note":"","_monsterinsights_sitenote_category":0},"product_brand":[],"product_cat":[12913,12274],"product_tag":[],"class_list":{"0":"post-721582","1":"product","2":"type-product","3":"status-publish","5":"product_cat-3-6-yas-kitaplari","6":"product_cat-cocuk-ve-genclik-kitaplari","7":"pa_cilt-ciltsiz","8":"pa_tur-kitap","9":"pa_yayinevi-is-bankasi-kultur-yayinlari","10":"pa_yazar-etta-kaner","12":"first","13":"instock","14":"sale","15":"shipping-taxable","16":"purchasable","17":"product-type-simple"},"_links":{"self":[{"href":"https:\/\/roveyayinevi.com.tr\/index.php\/wp-json\/wp\/v2\/product\/721582","targetHints":{"allow":["GET"]}}],"collection":[{"href":"https:\/\/roveyayinevi.com.tr\/index.php\/wp-json\/wp\/v2\/product"}],"about":[{"href":"https:\/\/roveyayinevi.com.tr\/index.php\/wp-json\/wp\/v2\/types\/product"}],"wp:attachment":[{"href":"https:\/\/roveyayinevi.com.tr\/index.php\/wp-json\/wp\/v2\/media?parent=721582"}],"wp:term":[{"taxonomy":"product_brand","embeddable":true,"href":"https:\/\/roveyayinevi.com.tr\/index.php\/wp-json\/wp\/v2\/product_brand?post=721582"},{"taxonomy":"product_cat","embeddable":true,"href":"https:\/\/roveyayinevi.com.tr\/index.php\/wp-json\/wp\/v2\/product_cat?post=721582"},{"taxonomy":"product_tag","embeddable":true,"href":"https:\/\/roveyayinevi.com.tr\/index.php\/wp-json\/wp\/v2\/product_tag?post=721582"}],"curies":[{"name":"wp","href":"https:\/\/api.w.org\/{rel}","templated":true}]}}