{"id":721581,"date":"2025-08-27T18:52:09","date_gmt":"2025-08-27T15:52:09","guid":{"rendered":"https:\/\/roveyayinevi.com.tr\/index.php\/urun\/fatih-sultan-mehemmed-han-ciltli\/"},"modified":"2026-04-16T02:29:25","modified_gmt":"2026-04-15T23:29:25","slug":"fatih-sultan-mehemmed-han-ciltli","status":"publish","type":"product","link":"https:\/\/roveyayinevi.com.tr\/index.php\/urun\/fatih-sultan-mehemmed-han-ciltli\/","title":{"rendered":"Fatih Sultan Mehemmed Han (Ciltli)"},"content":{"rendered":"<p>F\u00e2tih Sultan Mehmed \u00fczerine yapt\u0131\u011f\u0131 \u00e7al\u0131\u015fmalar\u0131n\u0131 1950\u2019lerde yay\u0131mlamaya ba\u015flayan Halil \u0130nalc\u0131k\u2019\u0131n yakla\u015f\u0131k altm\u0131\u015f y\u0131ll\u0131k birikiminin yer ald\u0131\u011f\u0131 bu kitap, F\u00e2tih ve devri hakk\u0131nda monografik bir eser. F\u00e2tih Sultan Mehemmed Han, \u0130nalc\u0131k\u2019\u0131n daha \u00f6nce muhtelif dillerde yay\u0131mlanm\u0131\u015f makalelerinin yan\u0131 s\u0131ra yeni yaz\u0131lar\u0131n\u0131 da i\u00e7eriyor. Kitab\u0131n birinci b\u00f6l\u00fcm\u00fcnde, Osmanl\u0131 ve Bizans (1302-1453) ili\u015fkileri ve \u0130stanbul\u2019un fethi ele al\u0131n\u0131rken, fetih sonras\u0131 idare ve kurumlara dair yeni d\u00fczenlemeler, d\u00f6nemin ar\u015fiv belgeleri ve k\u00e2n\u00fbnn\u00e2meler \u0131\u015f\u0131\u011f\u0131nda inceleniyor. Ayr\u0131ca F\u00e2tih d\u00f6nemi m\u00e2liye idaresi ve imparatorlukta rayi\u00e7 olan mesk\u00fbk\u00e2t \u00fczerinde durulurken, birinci elden kaynaklar detayl\u0131 bir \u015fekilde tahlil ediliyor. \u0130kinci b\u00f6l\u00fcmde ise, \u0130nalc\u0131k\u2019\u0131n ilk defa bu eserde yay\u0131mlanacak olan yaz\u0131lar\u0131 da yer al\u0131yor. Halil \u0130nalc\u0131k\u2019\u0131n \u201cF\u00e2tih Sultan Mehmed\u201d hakk\u0131nda kaleme ald\u0131\u011f\u0131 bu kapsaml\u0131 \u00e7al\u0131\u015fma, zengin bibliyografyas\u0131yla da ara\u015ft\u0131rmac\u0131lar i\u00e7in e\u015fsiz bir kaynak niteli\u011findedir. <\/p>\n","protected":false},"excerpt":{"rendered":"<p>F\u00e2tih Sultan Mehmed \u00fczerine yapt\u0131\u011f\u0131 \u00e7al\u0131\u015fmalar\u0131n\u0131 1950\u2019lerde yay\u0131mlamaya ba\u015flayan Halil \u0130nalc\u0131k\u2019\u0131n yakla\u015f\u0131k altm\u0131\u015f y\u0131ll\u0131k birikiminin yer ald\u0131\u011f\u0131 bu kitap, F\u00e2tih ve devri hakk\u0131nda monografik bir eser.<span class=\"excerpt-hellip\"> [\u2026]<\/span><\/p>\n","protected":false},"featured_media":0,"template":"","meta":{"_monsterinsights_skip_tracking":false,"_monsterinsights_sitenote_active":false,"_monsterinsights_sitenote_note":"","_monsterinsights_sitenote_category":0},"product_brand":[],"product_cat":[12370,12304],"product_tag":[],"class_list":{"0":"post-721581","1":"product","2":"type-product","3":"status-publish","5":"product_cat-arastirma-inceleme","6":"product_cat-tarih","7":"pa_cilt-ciltli","8":"pa_tur-kitap","9":"pa_yayinevi-is-bankasi-kultur-yayinlari","10":"pa_yazar-halil-inalcik","12":"first","13":"instock","14":"sale","15":"shipping-taxable","16":"purchasable","17":"product-type-simple"},"_links":{"self":[{"href":"https:\/\/roveyayinevi.com.tr\/index.php\/wp-json\/wp\/v2\/product\/721581","targetHints":{"allow":["GET"]}}],"collection":[{"href":"https:\/\/roveyayinevi.com.tr\/index.php\/wp-json\/wp\/v2\/product"}],"about":[{"href":"https:\/\/roveyayinevi.com.tr\/index.php\/wp-json\/wp\/v2\/types\/product"}],"wp:attachment":[{"href":"https:\/\/roveyayinevi.com.tr\/index.php\/wp-json\/wp\/v2\/media?parent=721581"}],"wp:term":[{"taxonomy":"product_brand","embeddable":true,"href":"https:\/\/roveyayinevi.com.tr\/index.php\/wp-json\/wp\/v2\/product_brand?post=721581"},{"taxonomy":"product_cat","embeddable":true,"href":"https:\/\/roveyayinevi.com.tr\/index.php\/wp-json\/wp\/v2\/product_cat?post=721581"},{"taxonomy":"product_tag","embeddable":true,"href":"https:\/\/roveyayinevi.com.tr\/index.php\/wp-json\/wp\/v2\/product_tag?post=721581"}],"curies":[{"name":"wp","href":"https:\/\/api.w.org\/{rel}","templated":true}]}}