{"id":721580,"date":"2025-08-27T18:52:08","date_gmt":"2025-08-27T15:52:08","guid":{"rendered":"https:\/\/roveyayinevi.com.tr\/index.php\/urun\/kardesler-2\/"},"modified":"2026-04-16T02:29:25","modified_gmt":"2026-04-15T23:29:25","slug":"kardesler-2","status":"publish","type":"product","link":"https:\/\/roveyayinevi.com.tr\/index.php\/urun\/kardesler-2\/","title":{"rendered":"Karde\u015fler"},"content":{"rendered":"<p>K\u00fc\u00e7\u00fck karde\u015fler \u00e7ok \u015feker, \u00e7ok ak\u0131ll\u0131d\u0131rlar ve hepsi de ayn\u0131 \u015feyleri isterler. Peki ya nedir istedikleri? Ama ayn\u0131 zamanda onlara destek olacak bir dost ve ortak\u2026 Karde\u015fler, hem komik hem de dokunakl\u0131 bir dille iyiyi, k\u00f6t\u00fcy\u00fc ve karde\u015f sahibi olman\u0131n g\u00fczelli\u011fini anlat\u0131yor. <\/p>\n","protected":false},"excerpt":{"rendered":"<p>K\u00fc\u00e7\u00fck karde\u015fler \u00e7ok \u015feker, \u00e7ok ak\u0131ll\u0131d\u0131rlar ve hepsi de ayn\u0131 \u015feyleri isterler. Peki ya nedir istedikleri? Ama ayn\u0131 zamanda onlara destek olacak bir dost ve ortak\u2026<span class=\"excerpt-hellip\"> [\u2026]<\/span><\/p>\n","protected":false},"featured_media":0,"template":"","meta":{"_monsterinsights_skip_tracking":false,"_monsterinsights_sitenote_active":false,"_monsterinsights_sitenote_note":"","_monsterinsights_sitenote_category":0},"product_brand":[],"product_cat":[12274,12518],"product_tag":[],"class_list":{"0":"post-721580","1":"product","2":"type-product","3":"status-publish","5":"product_cat-cocuk-ve-genclik-kitaplari","6":"product_cat-okul-oncesi-kitaplar","7":"pa_cilt-ciltsiz","8":"pa_tur-kitap","9":"pa_yayinevi-is-bankasi-kultur-yayinlari","10":"pa_yazar-monica-arnaldo","12":"first","13":"instock","14":"sale","15":"shipping-taxable","16":"purchasable","17":"product-type-simple"},"_links":{"self":[{"href":"https:\/\/roveyayinevi.com.tr\/index.php\/wp-json\/wp\/v2\/product\/721580","targetHints":{"allow":["GET"]}}],"collection":[{"href":"https:\/\/roveyayinevi.com.tr\/index.php\/wp-json\/wp\/v2\/product"}],"about":[{"href":"https:\/\/roveyayinevi.com.tr\/index.php\/wp-json\/wp\/v2\/types\/product"}],"wp:attachment":[{"href":"https:\/\/roveyayinevi.com.tr\/index.php\/wp-json\/wp\/v2\/media?parent=721580"}],"wp:term":[{"taxonomy":"product_brand","embeddable":true,"href":"https:\/\/roveyayinevi.com.tr\/index.php\/wp-json\/wp\/v2\/product_brand?post=721580"},{"taxonomy":"product_cat","embeddable":true,"href":"https:\/\/roveyayinevi.com.tr\/index.php\/wp-json\/wp\/v2\/product_cat?post=721580"},{"taxonomy":"product_tag","embeddable":true,"href":"https:\/\/roveyayinevi.com.tr\/index.php\/wp-json\/wp\/v2\/product_tag?post=721580"}],"curies":[{"name":"wp","href":"https:\/\/api.w.org\/{rel}","templated":true}]}}