{"id":721579,"date":"2025-08-27T18:52:07","date_gmt":"2025-08-27T15:52:07","guid":{"rendered":"https:\/\/roveyayinevi.com.tr\/index.php\/urun\/minik-parmaklar-ciziyor\/"},"modified":"2026-04-16T02:29:25","modified_gmt":"2026-04-15T23:29:25","slug":"minik-parmaklar-ciziyor","status":"publish","type":"product","link":"https:\/\/roveyayinevi.com.tr\/index.php\/urun\/minik-parmaklar-ciziyor\/","title":{"rendered":"Minik Parmaklar \u00c7iziyor"},"content":{"rendered":"<p>El-g\u00f6z koordinasyonu \u0130nce motor becerilerinin geli\u015fimi Kalem tutma becerisi \u00c7ocuklar e\u011flenerek \u00f6\u011frensin Minik Parmaklar \u00c7iziyor, \u00e7ocuklar\u0131n kalem tutma becerisini geli\u015ftirirken d\u00fcz ve e\u011fik \u00e7izgi \u00e7al\u0131\u015fmalar\u0131 yapabilecekleri bir etkinlik kitab\u0131d\u0131r. \u00c7ocuklar \u00e7izgi \u00e7al\u0131\u015fmalar\u0131 s\u0131ras\u0131nda ince motor kaslar\u0131n\u0131 \u00e7al\u0131\u015ft\u0131r\u0131rken zengin g\u00f6rseller e\u015fli\u011finde e\u011flenecekler. <\/p>\n","protected":false},"excerpt":{"rendered":"<p>El-g\u00f6z koordinasyonu \u0130nce motor becerilerinin geli\u015fimi Kalem tutma becerisi \u00c7ocuklar e\u011flenerek \u00f6\u011frensin Minik Parmaklar \u00c7iziyor, \u00e7ocuklar\u0131n kalem tutma becerisini geli\u015ftirirken d\u00fcz ve e\u011fik \u00e7izgi \u00e7al\u0131\u015fmalar\u0131 yapabilecekleri<span class=\"excerpt-hellip\"> [\u2026]<\/span><\/p>\n","protected":false},"featured_media":0,"template":"","meta":{"_monsterinsights_skip_tracking":false,"_monsterinsights_sitenote_active":false,"_monsterinsights_sitenote_note":"","_monsterinsights_sitenote_category":0},"product_brand":[],"product_cat":[12274,12518],"product_tag":[],"class_list":{"0":"post-721579","1":"product","2":"type-product","3":"status-publish","5":"product_cat-cocuk-ve-genclik-kitaplari","6":"product_cat-okul-oncesi-kitaplar","7":"pa_cilt-ciltsiz","8":"pa_tur-kitap","9":"pa_yayinevi-is-bankasi-kultur-yayinlari","10":"pa_yazar-corina-beurenmeister","12":"first","13":"instock","14":"sale","15":"shipping-taxable","16":"purchasable","17":"product-type-simple"},"_links":{"self":[{"href":"https:\/\/roveyayinevi.com.tr\/index.php\/wp-json\/wp\/v2\/product\/721579","targetHints":{"allow":["GET"]}}],"collection":[{"href":"https:\/\/roveyayinevi.com.tr\/index.php\/wp-json\/wp\/v2\/product"}],"about":[{"href":"https:\/\/roveyayinevi.com.tr\/index.php\/wp-json\/wp\/v2\/types\/product"}],"wp:attachment":[{"href":"https:\/\/roveyayinevi.com.tr\/index.php\/wp-json\/wp\/v2\/media?parent=721579"}],"wp:term":[{"taxonomy":"product_brand","embeddable":true,"href":"https:\/\/roveyayinevi.com.tr\/index.php\/wp-json\/wp\/v2\/product_brand?post=721579"},{"taxonomy":"product_cat","embeddable":true,"href":"https:\/\/roveyayinevi.com.tr\/index.php\/wp-json\/wp\/v2\/product_cat?post=721579"},{"taxonomy":"product_tag","embeddable":true,"href":"https:\/\/roveyayinevi.com.tr\/index.php\/wp-json\/wp\/v2\/product_tag?post=721579"}],"curies":[{"name":"wp","href":"https:\/\/api.w.org\/{rel}","templated":true}]}}