{"id":721577,"date":"2025-08-27T18:52:06","date_gmt":"2025-08-27T15:52:06","guid":{"rendered":"https:\/\/roveyayinevi.com.tr\/index.php\/urun\/bence-ruya-deme\/"},"modified":"2026-04-16T02:29:25","modified_gmt":"2026-04-15T23:29:25","slug":"bence-ruya-deme","status":"publish","type":"product","link":"https:\/\/roveyayinevi.com.tr\/index.php\/urun\/bence-ruya-deme\/","title":{"rendered":"Bence R\u00fcya Deme"},"content":{"rendered":"<p>Bak, ben r\u00fcyalar \u015fehriyim ve tamam, ger\u00e7ek olmad\u0131\u011f\u0131m\u0131 d\u00fc\u015f\u00fcnd\u00fc\u011f\u00fcm \u00e7ok zaman oluyor. Ama ben bile diyebilirim ki geceleri g\u00f6zlerini kapat\u0131p da girdi\u011fin o d\u00fcnyaya bence r\u00fcya deme.<\/p>\n","protected":false},"excerpt":{"rendered":"<p>Bak, ben r\u00fcyalar \u015fehriyim ve tamam, ger\u00e7ek olmad\u0131\u011f\u0131m\u0131 d\u00fc\u015f\u00fcnd\u00fc\u011f\u00fcm \u00e7ok zaman oluyor. Ama ben bile diyebilirim ki geceleri g\u00f6zlerini kapat\u0131p da girdi\u011fin o d\u00fcnyaya bence r\u00fcya<span class=\"excerpt-hellip\"> [\u2026]<\/span><\/p>\n","protected":false},"featured_media":0,"template":"","meta":{"_monsterinsights_skip_tracking":false,"_monsterinsights_sitenote_active":false,"_monsterinsights_sitenote_note":"","_monsterinsights_sitenote_category":0},"product_brand":[],"product_cat":[12274,12284],"product_tag":[],"class_list":{"0":"post-721577","1":"product","2":"type-product","3":"status-publish","5":"product_cat-cocuk-ve-genclik-kitaplari","6":"product_cat-hikayeler","7":"pa_cilt-ciltsiz","8":"pa_tur-kitap","9":"pa_yayinevi-epsilon-yayinlari","10":"pa_yazar-ceyda-gunalp","12":"first","13":"instock","14":"sale","15":"shipping-taxable","16":"purchasable","17":"product-type-simple"},"_links":{"self":[{"href":"https:\/\/roveyayinevi.com.tr\/index.php\/wp-json\/wp\/v2\/product\/721577","targetHints":{"allow":["GET"]}}],"collection":[{"href":"https:\/\/roveyayinevi.com.tr\/index.php\/wp-json\/wp\/v2\/product"}],"about":[{"href":"https:\/\/roveyayinevi.com.tr\/index.php\/wp-json\/wp\/v2\/types\/product"}],"wp:attachment":[{"href":"https:\/\/roveyayinevi.com.tr\/index.php\/wp-json\/wp\/v2\/media?parent=721577"}],"wp:term":[{"taxonomy":"product_brand","embeddable":true,"href":"https:\/\/roveyayinevi.com.tr\/index.php\/wp-json\/wp\/v2\/product_brand?post=721577"},{"taxonomy":"product_cat","embeddable":true,"href":"https:\/\/roveyayinevi.com.tr\/index.php\/wp-json\/wp\/v2\/product_cat?post=721577"},{"taxonomy":"product_tag","embeddable":true,"href":"https:\/\/roveyayinevi.com.tr\/index.php\/wp-json\/wp\/v2\/product_tag?post=721577"}],"curies":[{"name":"wp","href":"https:\/\/api.w.org\/{rel}","templated":true}]}}