{"id":721574,"date":"2025-08-27T18:52:04","date_gmt":"2025-08-27T15:52:04","guid":{"rendered":"https:\/\/roveyayinevi.com.tr\/index.php\/urun\/cikolata-canavari\/"},"modified":"2026-04-16T02:29:25","modified_gmt":"2026-04-15T23:29:25","slug":"cikolata-canavari","status":"publish","type":"product","link":"https:\/\/roveyayinevi.com.tr\/index.php\/urun\/cikolata-canavari\/","title":{"rendered":"\u00c7ikolata Canavar\u0131"},"content":{"rendered":"<p>\u00c7ikolata canavar\u0131 kay\u0131plara kar\u0131\u015ft\u0131!\u00c7oko, o bir sinsi. O bir k\u0131l\u0131k de\u011fi\u015ftirme uzman\u0131. Bu y\u00fczden g\u00f6zlerini d\u00f6rt a\u00e7!Ars\u0131z canavarlar\u0131n t\u00fcm \u00e7ikolatalar\u0131n\u0131 m\u0131nc\u0131klamas\u0131na ve su\u00e7u senin \u00fczerine atmas\u0131na izin verme!G\u00fcn\u00fcm\u00fcz\u00fcn en e\u011flenceli \u00e7ocuk kitaplar\u0131 yazar\u0131 Pip Jones ve &#8220;Kate Greenaway&#8221; \u00f6d\u00fcll\u00fc ill\u00fcstrator Laura Hughes\u2019tan heyecan dolu bir \u00f6yk\u00fc!<\/p>\n","protected":false},"excerpt":{"rendered":"<p>\u00c7ikolata canavar\u0131 kay\u0131plara kar\u0131\u015ft\u0131!\u00c7oko, o bir sinsi. O bir k\u0131l\u0131k de\u011fi\u015ftirme uzman\u0131. Bu y\u00fczden g\u00f6zlerini d\u00f6rt a\u00e7!Ars\u0131z canavarlar\u0131n t\u00fcm \u00e7ikolatalar\u0131n\u0131 m\u0131nc\u0131klamas\u0131na ve su\u00e7u senin \u00fczerine atmas\u0131na<span class=\"excerpt-hellip\"> [\u2026]<\/span><\/p>\n","protected":false},"featured_media":0,"template":"","meta":{"_monsterinsights_skip_tracking":false,"_monsterinsights_sitenote_active":false,"_monsterinsights_sitenote_note":"","_monsterinsights_sitenote_category":0},"product_brand":[],"product_cat":[12274,12284],"product_tag":[],"class_list":{"0":"post-721574","1":"product","2":"type-product","3":"status-publish","5":"product_cat-cocuk-ve-genclik-kitaplari","6":"product_cat-hikayeler","7":"pa_cilt-ciltsiz","8":"pa_tur-kitap","9":"pa_yayinevi-marti-cocuk-yayinlari","10":"pa_yazar-pip-jones-sara-ogilvie","12":"first","13":"instock","14":"sale","15":"shipping-taxable","16":"purchasable","17":"product-type-simple"},"_links":{"self":[{"href":"https:\/\/roveyayinevi.com.tr\/index.php\/wp-json\/wp\/v2\/product\/721574","targetHints":{"allow":["GET"]}}],"collection":[{"href":"https:\/\/roveyayinevi.com.tr\/index.php\/wp-json\/wp\/v2\/product"}],"about":[{"href":"https:\/\/roveyayinevi.com.tr\/index.php\/wp-json\/wp\/v2\/types\/product"}],"wp:attachment":[{"href":"https:\/\/roveyayinevi.com.tr\/index.php\/wp-json\/wp\/v2\/media?parent=721574"}],"wp:term":[{"taxonomy":"product_brand","embeddable":true,"href":"https:\/\/roveyayinevi.com.tr\/index.php\/wp-json\/wp\/v2\/product_brand?post=721574"},{"taxonomy":"product_cat","embeddable":true,"href":"https:\/\/roveyayinevi.com.tr\/index.php\/wp-json\/wp\/v2\/product_cat?post=721574"},{"taxonomy":"product_tag","embeddable":true,"href":"https:\/\/roveyayinevi.com.tr\/index.php\/wp-json\/wp\/v2\/product_tag?post=721574"}],"curies":[{"name":"wp","href":"https:\/\/api.w.org\/{rel}","templated":true}]}}