{"id":721573,"date":"2025-08-27T18:52:03","date_gmt":"2025-08-27T15:52:03","guid":{"rendered":"https:\/\/roveyayinevi.com.tr\/index.php\/urun\/balonla-bes-hafta-gokkusagi-cep-kitap\/"},"modified":"2026-04-16T02:29:25","modified_gmt":"2026-04-15T23:29:25","slug":"balonla-bes-hafta-gokkusagi-cep-kitap","status":"publish","type":"product","link":"https:\/\/roveyayinevi.com.tr\/index.php\/urun\/balonla-bes-hafta-gokkusagi-cep-kitap\/","title":{"rendered":"Balonla Be\u015f Hafta (G\u00f6kku\u015fa\u011f\u0131 Cep Kitap)"},"content":{"rendered":"<p>Maceraperest bilim adam\u0131 Dr. Samuel Fergusson, gizemli Afrika k\u0131tas\u0131n\u0131 ke\u015ffetmek i\u00e7in b\u00fcy\u00fck bir istek duymaktad\u0131r. Ancak daha \u00f6nce hi\u00e7 kimsenin tamamlayamad\u0131\u011f\u0131, bir\u00e7ok macerac\u0131n\u0131n hayat\u0131n\u0131 kaybetmesine neden olan bu yolculuk ciddi tehlikelerle doludur. Afrika\u2019y\u0131 ke\u015ffetmeye kararl\u0131 olan ve \u00e7evresindekilerin uyar\u0131lar\u0131na kulak asmayan Dr. Fergusson, bu geziyi bir balonla ger\u00e7ekle\u015ftirmeyi planlar. Kendisine e\u015flik edecek yard\u0131mc\u0131s\u0131 Joe ve arkada\u015f\u0131 Richard Kennedy ile birlikte balonu bir gemiye y\u00fckler ve yolculu\u011fa ba\u015flayacaklar\u0131 Tanzanya\u2019n\u0131n Zanzibar Adas\u0131\u2019na giderler. Victoria ad\u0131n\u0131 verdikleri balon havalan\u0131r ve bu \u00fc\u00e7 cesur adam heyecanl\u0131 bir yolculu\u011fa koyulurlar. Afrika k\u0131tas\u0131n\u0131n t\u00fcrl\u00fc maceralarla dolu ke\u015fif gezisi ba\u015flam\u0131\u015ft\u0131r art\u0131k! Jules Verne\u2019in (1828-1905) ilk roman\u0131 olan ve 1863 y\u0131l\u0131nda yay\u0131nland\u0131\u011f\u0131nda b\u00fcy\u00fck yank\u0131 uyand\u0131ran Balonla Be\u015f Hafta, g\u00fcn\u00fcm\u00fczde son derece pop\u00fcler olan bilimkurgu t\u00fcr\u00fcn\u00fcn ilk \u00f6rneklerinden biri olarak kabul edilmektedir.<\/p>\n","protected":false},"excerpt":{"rendered":"<p>Maceraperest bilim adam\u0131 Dr. Samuel Fergusson, gizemli Afrika k\u0131tas\u0131n\u0131 ke\u015ffetmek i\u00e7in b\u00fcy\u00fck bir istek duymaktad\u0131r. Ancak daha \u00f6nce hi\u00e7 kimsenin tamamlayamad\u0131\u011f\u0131, bir\u00e7ok macerac\u0131n\u0131n hayat\u0131n\u0131 kaybetmesine neden<span class=\"excerpt-hellip\"> [\u2026]<\/span><\/p>\n","protected":false},"featured_media":0,"template":"","meta":{"_monsterinsights_skip_tracking":false,"_monsterinsights_sitenote_active":false,"_monsterinsights_sitenote_note":"","_monsterinsights_sitenote_category":0},"product_brand":[],"product_cat":[12274,12284],"product_tag":[],"class_list":{"0":"post-721573","1":"product","2":"type-product","3":"status-publish","5":"product_cat-cocuk-ve-genclik-kitaplari","6":"product_cat-hikayeler","7":"pa_cilt-ciltsiz","8":"pa_tur-kitap","9":"pa_yayinevi-arkadas-yayinlari","10":"pa_yazar-jules-verne","12":"first","13":"instock","14":"sale","15":"shipping-taxable","16":"purchasable","17":"product-type-simple"},"_links":{"self":[{"href":"https:\/\/roveyayinevi.com.tr\/index.php\/wp-json\/wp\/v2\/product\/721573","targetHints":{"allow":["GET"]}}],"collection":[{"href":"https:\/\/roveyayinevi.com.tr\/index.php\/wp-json\/wp\/v2\/product"}],"about":[{"href":"https:\/\/roveyayinevi.com.tr\/index.php\/wp-json\/wp\/v2\/types\/product"}],"wp:attachment":[{"href":"https:\/\/roveyayinevi.com.tr\/index.php\/wp-json\/wp\/v2\/media?parent=721573"}],"wp:term":[{"taxonomy":"product_brand","embeddable":true,"href":"https:\/\/roveyayinevi.com.tr\/index.php\/wp-json\/wp\/v2\/product_brand?post=721573"},{"taxonomy":"product_cat","embeddable":true,"href":"https:\/\/roveyayinevi.com.tr\/index.php\/wp-json\/wp\/v2\/product_cat?post=721573"},{"taxonomy":"product_tag","embeddable":true,"href":"https:\/\/roveyayinevi.com.tr\/index.php\/wp-json\/wp\/v2\/product_tag?post=721573"}],"curies":[{"name":"wp","href":"https:\/\/api.w.org\/{rel}","templated":true}]}}