{"id":721570,"date":"2025-08-27T18:52:00","date_gmt":"2025-08-27T15:52:00","guid":{"rendered":"https:\/\/roveyayinevi.com.tr\/index.php\/urun\/aya-yolculuk-gokkusagi-cep-kitap\/"},"modified":"2026-04-16T02:29:25","modified_gmt":"2026-04-15T23:29:25","slug":"aya-yolculuk-gokkusagi-cep-kitap","status":"publish","type":"product","link":"https:\/\/roveyayinevi.com.tr\/index.php\/urun\/aya-yolculuk-gokkusagi-cep-kitap\/","title":{"rendered":"Ay\u2019a Yolculuk (G\u00f6kku\u015fa\u011f\u0131 Cep Kitap)"},"content":{"rendered":"<p>Ay\u2019a Yolculuk, uzay\u0131n gizemine oldum olas\u0131 ilgi duyan insan\u0131n, bu sonsuzlu\u011fa y\u00f6neli\u015finin co\u015fkusunu anlatan ilk roman \u00f6zelli\u011fini ta\u015f\u0131yor. \u0130nsano\u011flunun Ay\u2019\u0131n y\u00fczeyine ayak basmas\u0131ndan y\u00fcz d\u00f6rt y\u0131l \u00f6nce yaz\u0131lan bu roman, edebiyatta bilimkurgu t\u00fcr\u00fcn\u00fcn \u00f6nc\u00fcs\u00fc Jules Verne\u2019in (1828-1905) en \u00fcnl\u00fc eserleri aras\u0131nda yer al\u0131yor. 1865 y\u0131l\u0131nda kaleme al\u0131nan romanda, Amerikan \u0130\u00e7 Sava\u015f\u0131 sonras\u0131nda emekli askerlerin topland\u0131\u011f\u0131 \u201cSilah Kul\u00fcb\u00fc\u201d \u00fcyelerinin, yeniden g\u00fcndeme gelme ve silah \u00e7al\u0131\u015fmalar\u0131n\u0131 canl\u0131 tutma \u00e7abalar\u0131 sonucu ortaya at\u0131lan, ya\u015fama ge\u00e7irilmesi g\u00fc\u00e7, \u201cd\u00fc\u015f\u201d denilebilecek \u201cAy\u2019a mermi g\u00f6nderme\u201d projesi ile ba\u015flayan olaylar anlat\u0131l\u0131yor. Kul\u00fcb\u00fcn Ba\u015fkan\u0131 Barbicane\u2019nin d\u00fcnya bilim \u00e7evrelerinde yank\u0131 bulan projesi, macera ruhlu Frans\u0131z bilim insan\u0131 Michael Ardan\u2019\u0131n \u00e7\u0131lg\u0131n \u00f6nerisiyle Ay\u2019a yap\u0131lacak bir yolculu\u011fa d\u00f6n\u00fc\u015f\u00fcyor. Ay yolcular\u0131 aras\u0131na Ba\u015fkan Barbican ve k\u00f6pe\u011fi ile Frans\u0131z Ardan\u2019dan sonra aksi Kaptan Nicholl\u2019\u00fcn de kat\u0131lmas\u0131yla uzay maceras\u0131 ba\u015fl\u0131yor.<\/p>\n","protected":false},"excerpt":{"rendered":"<p>Ay\u2019a Yolculuk, uzay\u0131n gizemine oldum olas\u0131 ilgi duyan insan\u0131n, bu sonsuzlu\u011fa y\u00f6neli\u015finin co\u015fkusunu anlatan ilk roman \u00f6zelli\u011fini ta\u015f\u0131yor. \u0130nsano\u011flunun Ay\u2019\u0131n y\u00fczeyine ayak basmas\u0131ndan y\u00fcz d\u00f6rt y\u0131l<span class=\"excerpt-hellip\"> [\u2026]<\/span><\/p>\n","protected":false},"featured_media":0,"template":"","meta":{"_monsterinsights_skip_tracking":false,"_monsterinsights_sitenote_active":false,"_monsterinsights_sitenote_note":"","_monsterinsights_sitenote_category":0},"product_brand":[],"product_cat":[12274,12284],"product_tag":[],"class_list":{"0":"post-721570","1":"product","2":"type-product","3":"status-publish","5":"product_cat-cocuk-ve-genclik-kitaplari","6":"product_cat-hikayeler","7":"pa_cilt-ciltsiz","8":"pa_tur-kitap","9":"pa_yayinevi-arkadas-yayinlari","10":"pa_yazar-jules-verne","12":"first","13":"instock","14":"sale","15":"shipping-taxable","16":"purchasable","17":"product-type-simple"},"_links":{"self":[{"href":"https:\/\/roveyayinevi.com.tr\/index.php\/wp-json\/wp\/v2\/product\/721570","targetHints":{"allow":["GET"]}}],"collection":[{"href":"https:\/\/roveyayinevi.com.tr\/index.php\/wp-json\/wp\/v2\/product"}],"about":[{"href":"https:\/\/roveyayinevi.com.tr\/index.php\/wp-json\/wp\/v2\/types\/product"}],"wp:attachment":[{"href":"https:\/\/roveyayinevi.com.tr\/index.php\/wp-json\/wp\/v2\/media?parent=721570"}],"wp:term":[{"taxonomy":"product_brand","embeddable":true,"href":"https:\/\/roveyayinevi.com.tr\/index.php\/wp-json\/wp\/v2\/product_brand?post=721570"},{"taxonomy":"product_cat","embeddable":true,"href":"https:\/\/roveyayinevi.com.tr\/index.php\/wp-json\/wp\/v2\/product_cat?post=721570"},{"taxonomy":"product_tag","embeddable":true,"href":"https:\/\/roveyayinevi.com.tr\/index.php\/wp-json\/wp\/v2\/product_tag?post=721570"}],"curies":[{"name":"wp","href":"https:\/\/api.w.org\/{rel}","templated":true}]}}