{"id":721569,"date":"2025-08-27T18:51:59","date_gmt":"2025-08-27T15:51:59","guid":{"rendered":"https:\/\/roveyayinevi.com.tr\/index.php\/urun\/cinar-ile-sincap\/"},"modified":"2026-04-16T02:29:25","modified_gmt":"2026-04-15T23:29:25","slug":"cinar-ile-sincap","status":"publish","type":"product","link":"https:\/\/roveyayinevi.com.tr\/index.php\/urun\/cinar-ile-sincap\/","title":{"rendered":"\u00c7\u0131nar ile Sincap"},"content":{"rendered":"<p>Ba\u011flanma, Kayg\u0131 ve Yas \u00dczerine Terap\u00f6tik \u00d6yk\u00fc\u00c7\u0131nar ile Sincap\u2019ta sincab\u0131n kimseyle payla\u015fmak istemedi\u011fi \u00e7\u0131nar a\u011fac\u0131n\u0131 kaybedi\u015fi; kendini yapayaln\u0131z hissetti\u011fi bir anda ba\u015fka bir a\u011faca ba\u011flan\u0131p tekrar sevebilmeyi, hayata umutla bakabilmeyi \u00f6\u011freni\u015fi anlat\u0131l\u0131yor.Kitap; \u00e7\u0131nar a\u011fac\u0131 ve sincap metaforu \u00fczerinden \u015fiirsel bir dille, ba\u011flanma, kayg\u0131 bozuklu\u011fu ve yas s\u00fcrecini anlat\u0131yor.<\/p>\n","protected":false},"excerpt":{"rendered":"<p>Ba\u011flanma, Kayg\u0131 ve Yas \u00dczerine Terap\u00f6tik \u00d6yk\u00fc\u00c7\u0131nar ile Sincap\u2019ta sincab\u0131n kimseyle payla\u015fmak istemedi\u011fi \u00e7\u0131nar a\u011fac\u0131n\u0131 kaybedi\u015fi; kendini yapayaln\u0131z hissetti\u011fi bir anda ba\u015fka bir a\u011faca ba\u011flan\u0131p tekrar<span class=\"excerpt-hellip\"> [\u2026]<\/span><\/p>\n","protected":false},"featured_media":0,"template":"","meta":{"_monsterinsights_skip_tracking":false,"_monsterinsights_sitenote_active":false,"_monsterinsights_sitenote_note":"","_monsterinsights_sitenote_category":0},"product_brand":[],"product_cat":[12274,12284],"product_tag":[],"class_list":{"0":"post-721569","1":"product","2":"type-product","3":"status-publish","5":"product_cat-cocuk-ve-genclik-kitaplari","6":"product_cat-hikayeler","7":"pa_cilt-ciltsiz","8":"pa_tur-kitap","9":"pa_yayinevi-erdem-yayinlari","10":"pa_yazar-elif-esra-erdil-recep-erdil","12":"first","13":"instock","14":"sale","15":"shipping-taxable","16":"purchasable","17":"product-type-simple"},"_links":{"self":[{"href":"https:\/\/roveyayinevi.com.tr\/index.php\/wp-json\/wp\/v2\/product\/721569","targetHints":{"allow":["GET"]}}],"collection":[{"href":"https:\/\/roveyayinevi.com.tr\/index.php\/wp-json\/wp\/v2\/product"}],"about":[{"href":"https:\/\/roveyayinevi.com.tr\/index.php\/wp-json\/wp\/v2\/types\/product"}],"wp:attachment":[{"href":"https:\/\/roveyayinevi.com.tr\/index.php\/wp-json\/wp\/v2\/media?parent=721569"}],"wp:term":[{"taxonomy":"product_brand","embeddable":true,"href":"https:\/\/roveyayinevi.com.tr\/index.php\/wp-json\/wp\/v2\/product_brand?post=721569"},{"taxonomy":"product_cat","embeddable":true,"href":"https:\/\/roveyayinevi.com.tr\/index.php\/wp-json\/wp\/v2\/product_cat?post=721569"},{"taxonomy":"product_tag","embeddable":true,"href":"https:\/\/roveyayinevi.com.tr\/index.php\/wp-json\/wp\/v2\/product_tag?post=721569"}],"curies":[{"name":"wp","href":"https:\/\/api.w.org\/{rel}","templated":true}]}}