{"id":721568,"date":"2025-08-27T18:51:59","date_gmt":"2025-08-27T15:51:59","guid":{"rendered":"https:\/\/roveyayinevi.com.tr\/index.php\/urun\/ataturkun-usaginin-gizli-defteri\/"},"modified":"2026-04-16T02:29:25","modified_gmt":"2026-04-15T23:29:25","slug":"ataturkun-usaginin-gizli-defteri","status":"publish","type":"product","link":"https:\/\/roveyayinevi.com.tr\/index.php\/urun\/ataturkun-usaginin-gizli-defteri\/","title":{"rendered":"Atat\u00fcrk\u2019\u00fcn U\u015fa\u011f\u0131n\u0131n Gizli Defteri"},"content":{"rendered":"<p>Atat\u00fcrk\u2019\u00fc kimse onun kadar g\u00fczel ve ayr\u0131nt\u0131l\u0131 anlatamad\u0131\u2026 \u2022 Atat\u00fcrk\u2019\u00fcn \u201cKemal\u201d ad\u0131n\u0131 \u201cKamal\u201d diye de\u011fi\u015ftirdi\u011fini biliyor muydunuz? \u2022 Masonlu\u011fu kald\u0131ran Atat\u00fcrk, gen\u00e7lik y\u0131llar\u0131nda kendisinin de mason oldu\u011funu nas\u0131l anlatt\u0131? \u2022 T\u00fcm yurt gezilerinde her t\u00fcrl\u00fc masraf\u0131 kendi cebinden \u00f6dedi\u011fini biliyor muydunuz? \u2022 Atat\u00fcrk bir gece sofrada dostlar\u0131yla sohbet ederken hizmetlilere d\u00f6n\u00fcp neden \u201cb\u00fct\u00fcn elbiselerimi yak\u0131n\u201d emrini verdi? \u2022 Naz\u0131m Hikmet hapisteyken k\u00f6\u015fkteki gramofonda pla\u011f\u0131 \u00e7al\u0131nca Atat\u00fcrk \u015fair hakk\u0131nda neler s\u00f6yledi? \u2022 Atat\u00fcrk Dr. Re\u015fit Galip\u2019e neden kafatas\u0131 \u00f6l\u00e7\u00fcs\u00fcn\u00fc ald\u0131rd\u0131? Ata\u2019n\u0131n kafatas\u0131 \u00f6l\u00e7\u00fcs\u00fc ka\u00e7 \u00e7\u0131kt\u0131? \u2022 Resmiyetten s\u0131k\u0131lan Atat\u00fcrk, bir gece yar\u0131s\u0131 Dolmabah\u00e7e Saray\u0131\u2019ndan gizlice d\u0131\u015far\u0131 \u00e7\u0131k\u0131nca \u0130stanbul Valisi sabaha kar\u015f\u0131 onu nerede buldu? \u2022 Atat\u00fcrk, bir gece iddia \u00fczerine tabancas\u0131n\u0131 \u00e7ekip k\u00f6\u015fkteki avizelerin ampullerini nas\u0131l vurdu? \u2022 Atat\u00fcrk, sofra sohbeti sabaha dek uzay\u0131nca manevi k\u0131z\u0131 Zehra\u2019ya nas\u0131l sabah ezan\u0131 okuttu? \u2022 U\u015fa\u011f\u0131n\u0131n di\u011fer hizmetlilere \u015fakayla \u201cSelanik\u2019ten \u00e7\u0131ksa \u00e7\u0131ksa Yahudi \u00e7\u0131kar\u201d dedi\u011fini duyan Atat\u00fcrk, ak\u015fam sofrada buna ne kar\u015f\u0131l\u0131k verdi? \u2022 Yak\u0131n arkada\u015f\u0131 ve korumas\u0131 Recep Z\u00fcht\u00fc sevgilisini vurunca Atat\u00fcrk ne yapt\u0131? Elinizden b\u0131rakamayacak, bir solukta okuyacak, Atat\u00fcrk\u2019\u00fc daha yak\u0131ndan ve i\u00e7imizden biri olarak tan\u0131yacaks\u0131n\u0131z\u2026<\/p>\n","protected":false},"excerpt":{"rendered":"<p>Atat\u00fcrk\u2019\u00fc kimse onun kadar g\u00fczel ve ayr\u0131nt\u0131l\u0131 anlatamad\u0131\u2026 \u2022 Atat\u00fcrk\u2019\u00fcn \u201cKemal\u201d ad\u0131n\u0131 \u201cKamal\u201d diye de\u011fi\u015ftirdi\u011fini biliyor muydunuz? \u2022 Masonlu\u011fu kald\u0131ran Atat\u00fcrk, gen\u00e7lik y\u0131llar\u0131nda kendisinin de mason<span class=\"excerpt-hellip\"> [\u2026]<\/span><\/p>\n","protected":false},"featured_media":0,"template":"","meta":{"_monsterinsights_skip_tracking":false,"_monsterinsights_sitenote_active":false,"_monsterinsights_sitenote_note":"","_monsterinsights_sitenote_category":0},"product_brand":[],"product_cat":[13701,12291],"product_tag":[],"class_list":{"0":"post-721568","1":"product","2":"type-product","3":"status-publish","5":"product_cat-ani-mektup-gunluk","6":"product_cat-edebiyat","7":"pa_cilt-ciltsiz","8":"pa_tur-kitap","9":"pa_yayinevi-yade-yayinlari","10":"pa_yazar-cemal-granda","12":"first","13":"instock","14":"sale","15":"shipping-taxable","16":"purchasable","17":"product-type-simple"},"_links":{"self":[{"href":"https:\/\/roveyayinevi.com.tr\/index.php\/wp-json\/wp\/v2\/product\/721568","targetHints":{"allow":["GET"]}}],"collection":[{"href":"https:\/\/roveyayinevi.com.tr\/index.php\/wp-json\/wp\/v2\/product"}],"about":[{"href":"https:\/\/roveyayinevi.com.tr\/index.php\/wp-json\/wp\/v2\/types\/product"}],"wp:attachment":[{"href":"https:\/\/roveyayinevi.com.tr\/index.php\/wp-json\/wp\/v2\/media?parent=721568"}],"wp:term":[{"taxonomy":"product_brand","embeddable":true,"href":"https:\/\/roveyayinevi.com.tr\/index.php\/wp-json\/wp\/v2\/product_brand?post=721568"},{"taxonomy":"product_cat","embeddable":true,"href":"https:\/\/roveyayinevi.com.tr\/index.php\/wp-json\/wp\/v2\/product_cat?post=721568"},{"taxonomy":"product_tag","embeddable":true,"href":"https:\/\/roveyayinevi.com.tr\/index.php\/wp-json\/wp\/v2\/product_tag?post=721568"}],"curies":[{"name":"wp","href":"https:\/\/api.w.org\/{rel}","templated":true}]}}