{"id":721564,"date":"2025-08-27T18:51:55","date_gmt":"2025-08-27T15:51:55","guid":{"rendered":"https:\/\/roveyayinevi.com.tr\/index.php\/urun\/donme-dolap-sozcuk-parki\/"},"modified":"2026-04-16T02:29:25","modified_gmt":"2026-04-15T23:29:25","slug":"donme-dolap-sozcuk-parki","status":"publish","type":"product","link":"https:\/\/roveyayinevi.com.tr\/index.php\/urun\/donme-dolap-sozcuk-parki\/","title":{"rendered":"D\u00f6nme Dolap &#8211; S\u00f6zc\u00fck Park\u0131"},"content":{"rendered":"<p>S\u00f6zc\u00fckleri d\u00f6nd\u00fcrmeyi \u00e7ok seven Mercan, bulu\u015ftururdu onlar\u0131 hayalleri ile her zaman. T\u00fcm g\u00fcn oynard\u0131 bu oyunu, b\u0131kmadan, usanmadan.Unutma, bazen alt\u0131 bazen \u00fcst\u00fc, bazen tersi bazen d\u00fcz\u00fc, t\u0131pk\u0131 d\u00f6nme dolap gibi her taraf\u0131 bir ba\u015fka g\u00fczel olur her s\u00f6zc\u00fc\u011f\u00fcn anlam\u0131.S\u00f6zc\u00fck Park\u0131\u2019nda \u00e7\u0131kaca\u011f\u0131n bu yolculukta sen de zihninde s\u00f6zc\u00fckleri evirip \u00e7evirmeye, onlarla yenilikler ke\u015ffetmeye ne dersin?<\/p>\n","protected":false},"excerpt":{"rendered":"<p>S\u00f6zc\u00fckleri d\u00f6nd\u00fcrmeyi \u00e7ok seven Mercan, bulu\u015ftururdu onlar\u0131 hayalleri ile her zaman. T\u00fcm g\u00fcn oynard\u0131 bu oyunu, b\u0131kmadan, usanmadan.Unutma, bazen alt\u0131 bazen \u00fcst\u00fc, bazen tersi bazen d\u00fcz\u00fc,<span class=\"excerpt-hellip\"> [\u2026]<\/span><\/p>\n","protected":false},"featured_media":0,"template":"","meta":{"_monsterinsights_skip_tracking":false,"_monsterinsights_sitenote_active":false,"_monsterinsights_sitenote_note":"","_monsterinsights_sitenote_category":0},"product_brand":[],"product_cat":[12274,12284],"product_tag":[],"class_list":{"0":"post-721564","1":"product","2":"type-product","3":"status-publish","5":"product_cat-cocuk-ve-genclik-kitaplari","6":"product_cat-hikayeler","7":"pa_cilt-ciltsiz","8":"pa_tur-kitap","9":"pa_yayinevi-abm-yayinevi","10":"pa_yazar-a-ceylan-oguzcan","12":"first","13":"instock","14":"sale","15":"shipping-taxable","16":"purchasable","17":"product-type-simple"},"_links":{"self":[{"href":"https:\/\/roveyayinevi.com.tr\/index.php\/wp-json\/wp\/v2\/product\/721564","targetHints":{"allow":["GET"]}}],"collection":[{"href":"https:\/\/roveyayinevi.com.tr\/index.php\/wp-json\/wp\/v2\/product"}],"about":[{"href":"https:\/\/roveyayinevi.com.tr\/index.php\/wp-json\/wp\/v2\/types\/product"}],"wp:attachment":[{"href":"https:\/\/roveyayinevi.com.tr\/index.php\/wp-json\/wp\/v2\/media?parent=721564"}],"wp:term":[{"taxonomy":"product_brand","embeddable":true,"href":"https:\/\/roveyayinevi.com.tr\/index.php\/wp-json\/wp\/v2\/product_brand?post=721564"},{"taxonomy":"product_cat","embeddable":true,"href":"https:\/\/roveyayinevi.com.tr\/index.php\/wp-json\/wp\/v2\/product_cat?post=721564"},{"taxonomy":"product_tag","embeddable":true,"href":"https:\/\/roveyayinevi.com.tr\/index.php\/wp-json\/wp\/v2\/product_tag?post=721564"}],"curies":[{"name":"wp","href":"https:\/\/api.w.org\/{rel}","templated":true}]}}