{"id":721555,"date":"2025-08-27T18:51:48","date_gmt":"2025-08-27T15:51:48","guid":{"rendered":"https:\/\/roveyayinevi.com.tr\/index.php\/urun\/kurk-mantolu-madonna-18\/"},"modified":"2026-04-16T02:29:25","modified_gmt":"2026-04-15T23:29:25","slug":"kurk-mantolu-madonna-18","status":"publish","type":"product","link":"https:\/\/roveyayinevi.com.tr\/index.php\/urun\/kurk-mantolu-madonna-18\/","title":{"rendered":"K\u00fcrk Mantolu Madonna"},"content":{"rendered":"<p>\u201cBerlin\u2019de yaln\u0131zs\u0131n\u0131z de\u011fil mi?\u201d dedi. \u201cNe gibi?\u201d \u201cYani&#8230; Yaln\u0131z i\u015fte&#8230; Kimsesiz&#8230; Ruhen yaln\u0131z&#8230; Nas\u0131l s\u00f6yleyeyim&#8230; \u00d6yle bir haliniz var ki&#8230;\u201d \u201cAnl\u0131yorum, anl\u0131yorum&#8230; Tamamen yaln\u0131z\u0131m&#8230; Ama Berlin\u2019de de\u011fil&#8230; B\u00fct\u00fcn d\u00fcnyada yaln\u0131z\u0131m&#8230; K\u00fc\u00e7\u00fckten beri&#8230;\u201d \u201cBen de yaln\u0131z\u0131m&#8230;\u201d dedi. Bu sefer benim ellerimi kendi avu\u00e7lar\u0131n\u0131n i\u00e7ine alarak: \u201cBo\u011fulacak kadar yaln\u0131z\u0131m&#8230;\u201d diye devam etti, \u201chasta bir k\u00f6pek kadar yaln\u0131z&#8230;\u201d <\/p>\n","protected":false},"excerpt":{"rendered":"<p>\u201cBerlin\u2019de yaln\u0131zs\u0131n\u0131z de\u011fil mi?\u201d dedi. \u201cNe gibi?\u201d \u201cYani&#8230; Yaln\u0131z i\u015fte&#8230; Kimsesiz&#8230; Ruhen yaln\u0131z&#8230; Nas\u0131l s\u00f6yleyeyim&#8230; \u00d6yle bir haliniz var ki&#8230;\u201d \u201cAnl\u0131yorum, anl\u0131yorum&#8230; Tamamen yaln\u0131z\u0131m&#8230; Ama Berlin\u2019de<span class=\"excerpt-hellip\"> [\u2026]<\/span><\/p>\n","protected":false},"featured_media":0,"template":"","meta":{"_monsterinsights_skip_tracking":false,"_monsterinsights_sitenote_active":false,"_monsterinsights_sitenote_note":"","_monsterinsights_sitenote_category":0},"product_brand":[],"product_cat":[12291,12711],"product_tag":[],"class_list":{"0":"post-721555","1":"product","2":"type-product","3":"status-publish","5":"product_cat-edebiyat","6":"product_cat-roman-oyku","7":"pa_cilt-ciltsiz","8":"pa_tur-kitap","9":"pa_yayinevi-telgrafhane-yayinlari","10":"pa_yazar-sabahattin-ali","12":"first","13":"instock","14":"sale","15":"shipping-taxable","16":"purchasable","17":"product-type-simple"},"_links":{"self":[{"href":"https:\/\/roveyayinevi.com.tr\/index.php\/wp-json\/wp\/v2\/product\/721555","targetHints":{"allow":["GET"]}}],"collection":[{"href":"https:\/\/roveyayinevi.com.tr\/index.php\/wp-json\/wp\/v2\/product"}],"about":[{"href":"https:\/\/roveyayinevi.com.tr\/index.php\/wp-json\/wp\/v2\/types\/product"}],"wp:attachment":[{"href":"https:\/\/roveyayinevi.com.tr\/index.php\/wp-json\/wp\/v2\/media?parent=721555"}],"wp:term":[{"taxonomy":"product_brand","embeddable":true,"href":"https:\/\/roveyayinevi.com.tr\/index.php\/wp-json\/wp\/v2\/product_brand?post=721555"},{"taxonomy":"product_cat","embeddable":true,"href":"https:\/\/roveyayinevi.com.tr\/index.php\/wp-json\/wp\/v2\/product_cat?post=721555"},{"taxonomy":"product_tag","embeddable":true,"href":"https:\/\/roveyayinevi.com.tr\/index.php\/wp-json\/wp\/v2\/product_tag?post=721555"}],"curies":[{"name":"wp","href":"https:\/\/api.w.org\/{rel}","templated":true}]}}