{"id":721551,"date":"2025-08-27T18:51:44","date_gmt":"2025-08-27T15:51:44","guid":{"rendered":"https:\/\/roveyayinevi.com.tr\/index.php\/urun\/degirmen-8\/"},"modified":"2026-04-08T02:37:13","modified_gmt":"2026-04-07T23:37:13","slug":"degirmen-8","status":"publish","type":"product","link":"https:\/\/roveyayinevi.com.tr\/index.php\/urun\/degirmen-8\/","title":{"rendered":"De\u011firmen"},"content":{"rendered":"<p>Sen a\u015fk\u0131n ne oldu\u011funu bilir misin ada\u015f\u0131m, sen hi\u00e7 sevdin mi? \u00c7oook desene! Sevgilin g\u00fczel miydi bari? Belki de seni seviyordu&#8230; Ve onu herhalde \u00e7ok kucaklad\u0131n&#8230; Geceleri bulu\u015fur ve \u00f6perdin de\u011fil mi? Bir kad\u0131n\u0131 \u00f6pmek ho\u015f \u015feydir, hele adam gen\u00e7 olursa.. Yahut sevgilin seni sevmiyordu&#8230; O zaman ne yapt\u0131n? Geceleri a\u011flad\u0131n m\u0131?.. Ona sararm\u0131\u015f y\u00fcz\u00fcn\u00fc g\u00f6stermek i\u00e7in ge\u00e7ece\u011fi yolda bekledin, ona uzun ve ac\u0131nd\u0131r\u0131c\u0131 mektuplar yazd\u0131n de\u011fil mi?.. Fakat herhalde ikinci bir a\u015fka atlamak, senin i\u00e7in o kadar g\u00fc\u00e7 olmam\u0131\u015ft\u0131r. \u0130nsan evvela kendi kendisinden utan\u0131r gibi olur ama, bilir misin, bizim en b\u00fcy\u00fck maharetimiz nefsimizden beraat karar\u0131 almakt\u0131r. Vicdan azab\u0131 dedikleri \u015fey, ancak bir hafta s\u00fcrer. Ondan sonra en a\u015fa\u011f\u0131l\u0131k katil bile yapt\u0131\u011f\u0131 i\u015f i\u00e7in k\u00e2fi mazeretler tedarik etmi\u015ftir&#8230;&#8221; <\/p>\n","protected":false},"excerpt":{"rendered":"<p>Sen a\u015fk\u0131n ne oldu\u011funu bilir misin ada\u015f\u0131m, sen hi\u00e7 sevdin mi? \u00c7oook desene! Sevgilin g\u00fczel miydi bari? Belki de seni seviyordu&#8230; Ve onu herhalde \u00e7ok kucaklad\u0131n&#8230;<span class=\"excerpt-hellip\"> [\u2026]<\/span><\/p>\n","protected":false},"featured_media":0,"template":"","meta":{"_monsterinsights_skip_tracking":false,"_monsterinsights_sitenote_active":false,"_monsterinsights_sitenote_note":"","_monsterinsights_sitenote_category":0},"product_brand":[],"product_cat":[12291,12711],"product_tag":[],"class_list":{"0":"post-721551","1":"product","2":"type-product","3":"status-publish","5":"product_cat-edebiyat","6":"product_cat-roman-oyku","7":"pa_cilt-ciltsiz","8":"pa_tur-kitap","9":"pa_yayinevi-telgrafhane-yayinlari","10":"pa_yazar-sabahattin-ali","12":"first","13":"instock","14":"sale","15":"shipping-taxable","16":"purchasable","17":"product-type-simple"},"_links":{"self":[{"href":"https:\/\/roveyayinevi.com.tr\/index.php\/wp-json\/wp\/v2\/product\/721551","targetHints":{"allow":["GET"]}}],"collection":[{"href":"https:\/\/roveyayinevi.com.tr\/index.php\/wp-json\/wp\/v2\/product"}],"about":[{"href":"https:\/\/roveyayinevi.com.tr\/index.php\/wp-json\/wp\/v2\/types\/product"}],"wp:attachment":[{"href":"https:\/\/roveyayinevi.com.tr\/index.php\/wp-json\/wp\/v2\/media?parent=721551"}],"wp:term":[{"taxonomy":"product_brand","embeddable":true,"href":"https:\/\/roveyayinevi.com.tr\/index.php\/wp-json\/wp\/v2\/product_brand?post=721551"},{"taxonomy":"product_cat","embeddable":true,"href":"https:\/\/roveyayinevi.com.tr\/index.php\/wp-json\/wp\/v2\/product_cat?post=721551"},{"taxonomy":"product_tag","embeddable":true,"href":"https:\/\/roveyayinevi.com.tr\/index.php\/wp-json\/wp\/v2\/product_tag?post=721551"}],"curies":[{"name":"wp","href":"https:\/\/api.w.org\/{rel}","templated":true}]}}