{"id":721549,"date":"2025-08-27T18:51:42","date_gmt":"2025-08-27T15:51:42","guid":{"rendered":"https:\/\/roveyayinevi.com.tr\/index.php\/urun\/julidenin-kahvesi\/"},"modified":"2026-04-16T02:29:25","modified_gmt":"2026-04-15T23:29:25","slug":"julidenin-kahvesi","status":"publish","type":"product","link":"https:\/\/roveyayinevi.com.tr\/index.php\/urun\/julidenin-kahvesi\/","title":{"rendered":"J\u00fclide&#8217;nin Kahvesi"},"content":{"rendered":"<p>Her k\u0131z beyaz spor arabal\u0131,uzun boylu,kasl\u0131,yak\u0131\u015f\u0131kl\u0131,karizmatik bir erkek kendisine a\u015f\u0131k olsun,g\u00f6z\u00fc a\u015fk\u0131ndan k\u00f6r olsun,k\u00f6pek gibi sad\u0131k,insan gibi vefal\u0131 olsun ister.Her erkek de ,bir prenses,el de\u011filmemi\u015fli\u011fi b\u0131rak\u0131n g\u00f6z s\u00fcz\u00fclmemi\u015f bir g\u00fczel,koluna takt\u0131 m\u0131 yak\u0131\u015facak.hi\u00e7bir durumda ve kimseyle bak\u0131\u015fmayacak bir k\u0131z ister.Hele bir de babas\u0131n\u0131n Lamborghini&#8217;si,on iki metrelik yat\u0131,Bodrum&#8217;da yal\u0131,Dubai&#8217;de kat\u0131 ve mankenlik sertifikas\u0131 varsa kesinlikle bu k\u0131z onun biricik a\u015fk\u0131 olun ister.Hayaller Bugatti,Kendall Jenner ve Sean O&#8217;pry&#8230;Ya Ger\u00e7ekler! Prensesler de gaz \u00e7\u0131kar\u0131r&#8230;Prensesler de s\u00fcmk\u00fcr\u00fcr&#8230;Bugatti de ar\u0131za yapar,d\u00f6rt tekeri vard\u0131r ve pahal\u0131 da olsa arabad\u0131r sonu\u00e7ta ! <\/p>\n","protected":false},"excerpt":{"rendered":"<p>Her k\u0131z beyaz spor arabal\u0131,uzun boylu,kasl\u0131,yak\u0131\u015f\u0131kl\u0131,karizmatik bir erkek kendisine a\u015f\u0131k olsun,g\u00f6z\u00fc a\u015fk\u0131ndan k\u00f6r olsun,k\u00f6pek gibi sad\u0131k,insan gibi vefal\u0131 olsun ister.Her erkek de ,bir prenses,el de\u011filmemi\u015fli\u011fi b\u0131rak\u0131n<span class=\"excerpt-hellip\"> [\u2026]<\/span><\/p>\n","protected":false},"featured_media":0,"template":"","meta":{"_monsterinsights_skip_tracking":false,"_monsterinsights_sitenote_active":false,"_monsterinsights_sitenote_note":"","_monsterinsights_sitenote_category":0},"product_brand":[],"product_cat":[12291,12711],"product_tag":[],"class_list":{"0":"post-721549","1":"product","2":"type-product","3":"status-publish","5":"product_cat-edebiyat","6":"product_cat-roman-oyku","7":"pa_cilt-ciltsiz","8":"pa_tur-kitap","9":"pa_yayinevi-ince-kutuk-yayinlari","10":"pa_yazar-hakan-pala","12":"first","13":"instock","14":"sale","15":"shipping-taxable","16":"purchasable","17":"product-type-simple"},"_links":{"self":[{"href":"https:\/\/roveyayinevi.com.tr\/index.php\/wp-json\/wp\/v2\/product\/721549","targetHints":{"allow":["GET"]}}],"collection":[{"href":"https:\/\/roveyayinevi.com.tr\/index.php\/wp-json\/wp\/v2\/product"}],"about":[{"href":"https:\/\/roveyayinevi.com.tr\/index.php\/wp-json\/wp\/v2\/types\/product"}],"wp:attachment":[{"href":"https:\/\/roveyayinevi.com.tr\/index.php\/wp-json\/wp\/v2\/media?parent=721549"}],"wp:term":[{"taxonomy":"product_brand","embeddable":true,"href":"https:\/\/roveyayinevi.com.tr\/index.php\/wp-json\/wp\/v2\/product_brand?post=721549"},{"taxonomy":"product_cat","embeddable":true,"href":"https:\/\/roveyayinevi.com.tr\/index.php\/wp-json\/wp\/v2\/product_cat?post=721549"},{"taxonomy":"product_tag","embeddable":true,"href":"https:\/\/roveyayinevi.com.tr\/index.php\/wp-json\/wp\/v2\/product_tag?post=721549"}],"curies":[{"name":"wp","href":"https:\/\/api.w.org\/{rel}","templated":true}]}}