{"id":721546,"date":"2025-08-27T18:51:40","date_gmt":"2025-08-27T15:51:40","guid":{"rendered":"https:\/\/roveyayinevi.com.tr\/index.php\/urun\/bizim-deniz-2-karga-yuvasi\/"},"modified":"2026-03-12T02:38:44","modified_gmt":"2026-03-11T23:38:44","slug":"bizim-deniz-2-karga-yuvasi","status":"publish","type":"product","link":"https:\/\/roveyayinevi.com.tr\/index.php\/urun\/bizim-deniz-2-karga-yuvasi\/","title":{"rendered":"Bizim Deniz 2 &#8211; Karga Yuvas\u0131"},"content":{"rendered":"<p>Anne Karga \u015eukufe;yavrusunun d\u00fc\u015ft\u00fc\u011f\u00fcn\u00fc g\u00f6r\u00fcnce \u00e7\u0131lg\u0131na d\u00f6nd\u00fc.Gak gak diye ba\u011f\u0131r\u0131yor ve kanat \u00e7\u0131rp\u0131yordu.Bunun \u00fczerine b\u00fct\u00fcn kargalar toplanmaya ba\u015flad\u0131.Bir anda a\u011fac\u0131n etraf\u0131 kargalarla doldu.Ba\u015fta \u015eukufe olmak \u00fczere kargalar\u0131n hepsi ba\u011fr\u0131\u015f\u0131yordu:&#8221; gak,gak,gak&#8230;&#8221; diye.Ne yapaca\u011f\u0131n\u0131 bilemeyen Sad\u0131k amca elindeki baltayla kalakald\u0131.Bir yerdeki yavruya bak\u0131yor bir kargalara bak\u0131yordu.Benimle g\u00f6z g\u00f6ze geldi\u011finde &#8221; etti\u011fini buldun!&#8221; diye bakt\u0131m ona.<\/p>\n","protected":false},"excerpt":{"rendered":"<p>Anne Karga \u015eukufe;yavrusunun d\u00fc\u015ft\u00fc\u011f\u00fcn\u00fc g\u00f6r\u00fcnce \u00e7\u0131lg\u0131na d\u00f6nd\u00fc.Gak gak diye ba\u011f\u0131r\u0131yor ve kanat \u00e7\u0131rp\u0131yordu.Bunun \u00fczerine b\u00fct\u00fcn kargalar toplanmaya ba\u015flad\u0131.Bir anda a\u011fac\u0131n etraf\u0131 kargalarla doldu.Ba\u015fta \u015eukufe olmak \u00fczere<span class=\"excerpt-hellip\"> [\u2026]<\/span><\/p>\n","protected":false},"featured_media":0,"template":"","meta":{"_monsterinsights_skip_tracking":false,"_monsterinsights_sitenote_active":false,"_monsterinsights_sitenote_note":"","_monsterinsights_sitenote_category":0},"product_brand":[],"product_cat":[12274,12284],"product_tag":[],"class_list":{"0":"post-721546","1":"product","2":"type-product","3":"status-publish","5":"product_cat-cocuk-ve-genclik-kitaplari","6":"product_cat-hikayeler","7":"pa_cilt-ciltsiz","8":"pa_tur-kitap","9":"pa_yayinevi-kirmizi-cati-yayinlari","10":"pa_yazar-haldun-aciksozlu","12":"first","13":"instock","14":"sale","15":"shipping-taxable","16":"purchasable","17":"product-type-simple"},"_links":{"self":[{"href":"https:\/\/roveyayinevi.com.tr\/index.php\/wp-json\/wp\/v2\/product\/721546","targetHints":{"allow":["GET"]}}],"collection":[{"href":"https:\/\/roveyayinevi.com.tr\/index.php\/wp-json\/wp\/v2\/product"}],"about":[{"href":"https:\/\/roveyayinevi.com.tr\/index.php\/wp-json\/wp\/v2\/types\/product"}],"wp:attachment":[{"href":"https:\/\/roveyayinevi.com.tr\/index.php\/wp-json\/wp\/v2\/media?parent=721546"}],"wp:term":[{"taxonomy":"product_brand","embeddable":true,"href":"https:\/\/roveyayinevi.com.tr\/index.php\/wp-json\/wp\/v2\/product_brand?post=721546"},{"taxonomy":"product_cat","embeddable":true,"href":"https:\/\/roveyayinevi.com.tr\/index.php\/wp-json\/wp\/v2\/product_cat?post=721546"},{"taxonomy":"product_tag","embeddable":true,"href":"https:\/\/roveyayinevi.com.tr\/index.php\/wp-json\/wp\/v2\/product_tag?post=721546"}],"curies":[{"name":"wp","href":"https:\/\/api.w.org\/{rel}","templated":true}]}}