{"id":721545,"date":"2025-08-27T18:51:39","date_gmt":"2025-08-27T15:51:39","guid":{"rendered":"https:\/\/roveyayinevi.com.tr\/index.php\/urun\/bizim-deniz-1-papagan-terry\/"},"modified":"2026-03-12T02:38:44","modified_gmt":"2026-03-11T23:38:44","slug":"bizim-deniz-1-papagan-terry","status":"publish","type":"product","link":"https:\/\/roveyayinevi.com.tr\/index.php\/urun\/bizim-deniz-1-papagan-terry\/","title":{"rendered":"Bizim Deniz 1- Papa\u011fan Terry"},"content":{"rendered":"<p>Sabahlar\u0131 g\u00fczel uykusundan  \u00e7alar saatle uyananlardan de\u011filim.Ya siz nas\u0131l uyan\u0131yorsunuz?Annenizin ya da aileden birisinin kulaklar\u0131 \u00e7\u0131nlatan sesiyle mi? Yoksa cep telefonunuzun m\u00fczi\u011fiyle mi ?Cep telefonunun sesini hi\u00e7 duymad\u0131m;\u00e7\u00fcnk\u00fc ya\u015f\u0131m uygun olmad\u0131\u011f\u0131 i\u00e7in bizimkiler cep telefonu alm\u0131yor.Ben Mavi\u015f&#8217;imin sesiyle a\u00e7\u0131yorum g\u00f6zlerimi.Mavi\u015f kim mi ? Benim arkada\u015f\u0131m,kendisi muhabbet ku\u015fudur ve bana :&#8221;Deno\u015f a\u015fk\u0131m,neredesin?&#8221; diye seslenir.Ben yataktan kalkana kadar da susmaz .Onun sesiyle uyand\u0131\u011f\u0131m her g\u00fcn g\u00fczel ge\u00e7er.<\/p>\n","protected":false},"excerpt":{"rendered":"<p>Sabahlar\u0131 g\u00fczel uykusundan \u00e7alar saatle uyananlardan de\u011filim.Ya siz nas\u0131l uyan\u0131yorsunuz?Annenizin ya da aileden birisinin kulaklar\u0131 \u00e7\u0131nlatan sesiyle mi? Yoksa cep telefonunuzun m\u00fczi\u011fiyle mi ?Cep telefonunun sesini<span class=\"excerpt-hellip\"> [\u2026]<\/span><\/p>\n","protected":false},"featured_media":0,"template":"","meta":{"_monsterinsights_skip_tracking":false,"_monsterinsights_sitenote_active":false,"_monsterinsights_sitenote_note":"","_monsterinsights_sitenote_category":0},"product_brand":[],"product_cat":[12274,12284],"product_tag":[],"class_list":{"0":"post-721545","1":"product","2":"type-product","3":"status-publish","5":"product_cat-cocuk-ve-genclik-kitaplari","6":"product_cat-hikayeler","7":"pa_cilt-ciltsiz","8":"pa_tur-kitap","9":"pa_yayinevi-kirmizi-cati-yayinlari","10":"pa_yazar-haldun-aciksozlu","12":"first","13":"instock","14":"sale","15":"shipping-taxable","16":"purchasable","17":"product-type-simple"},"_links":{"self":[{"href":"https:\/\/roveyayinevi.com.tr\/index.php\/wp-json\/wp\/v2\/product\/721545","targetHints":{"allow":["GET"]}}],"collection":[{"href":"https:\/\/roveyayinevi.com.tr\/index.php\/wp-json\/wp\/v2\/product"}],"about":[{"href":"https:\/\/roveyayinevi.com.tr\/index.php\/wp-json\/wp\/v2\/types\/product"}],"wp:attachment":[{"href":"https:\/\/roveyayinevi.com.tr\/index.php\/wp-json\/wp\/v2\/media?parent=721545"}],"wp:term":[{"taxonomy":"product_brand","embeddable":true,"href":"https:\/\/roveyayinevi.com.tr\/index.php\/wp-json\/wp\/v2\/product_brand?post=721545"},{"taxonomy":"product_cat","embeddable":true,"href":"https:\/\/roveyayinevi.com.tr\/index.php\/wp-json\/wp\/v2\/product_cat?post=721545"},{"taxonomy":"product_tag","embeddable":true,"href":"https:\/\/roveyayinevi.com.tr\/index.php\/wp-json\/wp\/v2\/product_tag?post=721545"}],"curies":[{"name":"wp","href":"https:\/\/api.w.org\/{rel}","templated":true}]}}