{"id":721540,"date":"2025-08-27T18:51:35","date_gmt":"2025-08-27T15:51:35","guid":{"rendered":"https:\/\/roveyayinevi.com.tr\/index.php\/urun\/cadirdan-ciragana\/"},"modified":"2026-04-16T02:29:25","modified_gmt":"2026-04-15T23:29:25","slug":"cadirdan-ciragana","status":"publish","type":"product","link":"https:\/\/roveyayinevi.com.tr\/index.php\/urun\/cadirdan-ciragana\/","title":{"rendered":"\u00c7ad\u0131rdan \u00c7\u0131ra\u011fan&#8217;a"},"content":{"rendered":"<p>Bu kitap, belki bir \u00e7ocu\u011fun ruhuna \u00e7\u00f6km\u00fc\u015f karanl\u0131\u011f\u0131 da\u011f\u0131tmak i\u00e7in yaz\u0131ld\u0131. Ya da birinin i\u00e7inde y\u0131llard\u0131r s\u00f6nm\u00fc\u015f bir \u015fekilde duran o ate\u015fi tekrar alevlendirecek bir s\u00f6z\u00fc, sadece o s\u00f6z\u00fc okumas\u0131 i\u00e7in yaz\u0131ld\u0131. Ama bilmelisiniz ki bu kitap \u00f6ncelikle bu toplumun en b\u00fcy\u00fck yaras\u0131 haline gelmi\u015f olan kad\u0131nlar\u0131n \u00f6zg\u00fcrle\u015fmesi i\u00e7in, Neziha&#8217;yla benzer ge\u00e7mi\u015fi ve belki de daha k\u00f6t\u00fcs\u00fcn\u00fc ya\u015fam\u0131\u015f gen\u00e7 k\u0131zlar\u0131m\u0131za umut olmas\u0131 i\u00e7in yaz\u0131ld\u0131.   Hayat\u0131n kar\u015f\u0131na \u00e7\u0131kard\u0131\u011f\u0131 zorluklar\u0131, onu durduran engeller de\u011fil, geli\u015ftiren f\u0131rsatlar olarak g\u00f6ren, kendisine bi\u00e7ilen role boyun e\u011fmek yerine cesaretle kendi hayat gemisinin kaptan\u0131 olmay\u0131 se\u00e7en cesur bir kad\u0131n\u0131n ilham veren hik\u00e2yesi\u2026 Nil G\u00fcn  Sevgili Neziha Kesmez\u2019in, o e\u015fsiz ruhu ve \u00f6yk\u00fcs\u00fc kaleminden su gibi akm\u0131\u015f. Haydi keyifle i\u00e7elim. Dr. \u00d6mer \u00d6nder   Bu kitapta, \u2018ya\u015fad\u0131\u011f\u0131 gibi d\u00fc\u015f\u00fcnen\u2019 insanlar\u0131n diyar\u0131nda d\u00fcnyaya g\u00f6zlerini a\u00e7an bir k\u0131z \u00e7ocu\u011funun, \u2018d\u00fc\u015f\u00fcnd\u00fc\u011f\u00fc gibi ya\u015fayan\u2019 bir kad\u0131na d\u00f6n\u00fc\u015f\u00fcm\u00fcn\u00fcn hik\u00e2yesini okuyacaks\u0131n\u0131z. Saim Ko\u00e7<\/p>\n","protected":false},"excerpt":{"rendered":"<p>Bu kitap, belki bir \u00e7ocu\u011fun ruhuna \u00e7\u00f6km\u00fc\u015f karanl\u0131\u011f\u0131 da\u011f\u0131tmak i\u00e7in yaz\u0131ld\u0131. Ya da birinin i\u00e7inde y\u0131llard\u0131r s\u00f6nm\u00fc\u015f bir \u015fekilde duran o ate\u015fi tekrar alevlendirecek bir s\u00f6z\u00fc,<span class=\"excerpt-hellip\"> [\u2026]<\/span><\/p>\n","protected":false},"featured_media":0,"template":"","meta":{"_monsterinsights_skip_tracking":false,"_monsterinsights_sitenote_active":false,"_monsterinsights_sitenote_note":"","_monsterinsights_sitenote_category":0},"product_brand":[],"product_cat":[14009,12291],"product_tag":[],"class_list":{"0":"post-721540","1":"product","2":"type-product","3":"status-publish","5":"product_cat-biyografi-otobiyografi-edebiyat","6":"product_cat-edebiyat","7":"pa_cilt-ciltsiz","8":"pa_tur-kitap","9":"pa_yayinevi-kuraldisi-yayinevi","10":"pa_yazar-neziha-kesmez","12":"first","13":"instock","14":"sale","15":"shipping-taxable","16":"purchasable","17":"product-type-simple"},"_links":{"self":[{"href":"https:\/\/roveyayinevi.com.tr\/index.php\/wp-json\/wp\/v2\/product\/721540","targetHints":{"allow":["GET"]}}],"collection":[{"href":"https:\/\/roveyayinevi.com.tr\/index.php\/wp-json\/wp\/v2\/product"}],"about":[{"href":"https:\/\/roveyayinevi.com.tr\/index.php\/wp-json\/wp\/v2\/types\/product"}],"wp:attachment":[{"href":"https:\/\/roveyayinevi.com.tr\/index.php\/wp-json\/wp\/v2\/media?parent=721540"}],"wp:term":[{"taxonomy":"product_brand","embeddable":true,"href":"https:\/\/roveyayinevi.com.tr\/index.php\/wp-json\/wp\/v2\/product_brand?post=721540"},{"taxonomy":"product_cat","embeddable":true,"href":"https:\/\/roveyayinevi.com.tr\/index.php\/wp-json\/wp\/v2\/product_cat?post=721540"},{"taxonomy":"product_tag","embeddable":true,"href":"https:\/\/roveyayinevi.com.tr\/index.php\/wp-json\/wp\/v2\/product_tag?post=721540"}],"curies":[{"name":"wp","href":"https:\/\/api.w.org\/{rel}","templated":true}]}}