{"id":721539,"date":"2025-08-27T18:51:35","date_gmt":"2025-08-27T15:51:35","guid":{"rendered":"https:\/\/roveyayinevi.com.tr\/index.php\/urun\/sessiz-anlasmalar\/"},"modified":"2026-04-16T02:29:25","modified_gmt":"2026-04-15T23:29:25","slug":"sessiz-anlasmalar","status":"publish","type":"product","link":"https:\/\/roveyayinevi.com.tr\/index.php\/urun\/sessiz-anlasmalar\/","title":{"rendered":"Sessiz Anla\u015fmalar"},"content":{"rendered":"<p>Ba\u015fkalar\u0131yla ve hatta kendinizle olan ili\u015fkinizde pek fark\u0131nda olmad\u0131\u011f\u0131n\u0131z bir &#8220;dile getirilmemi\u015f kurallar&#8221; sorunudur \u201csessiz\u201d anla\u015fmalar. Sessiz anla\u015fmalar; S\u00f6z\u00fcn\u00fc etmeseniz, a\u00e7\u0131k\u00e7a belirtmeseniz de ba\u015fkalar\u0131n\u0131 sorumlu tuttu\u011funuz varsay\u0131m, beklenti ve inan\u00e7larla olu\u015fur. Aile bireyleri, arkada\u015flar, sevgililer, e\u015fler ve i\u015f arkada\u015flar\u0131 aras\u0131nda oldu\u011fu kadar kendinizle ili\u015fkinizde de yap\u0131l\u0131r. Sa\u011fl\u0131ktan cinselli\u011fe, i\u015f ya\u015fam\u0131ndan ev ya\u015fam\u0131na kadar her konuda olabilir. Sessiz anla\u015fmalar neden ve nas\u0131l yap\u0131l\u0131r? Anla\u015fmazl\u0131ktan ka\u00e7\u0131nma, korku, sorumluluk duygular\u0131 veya su\u00e7luluktan dolay\u0131 tart\u0131\u015f\u0131lmadan, hatta fark\u0131nda bile olmadan kabullenilmeyle olu\u015fur. Sessiz anla\u015fmalar\u0131n sonucu\/bedeli nedir? \u0130li\u015fkileri baltalar, zehirler; mutsuzlu\u011fa, tatminsizli\u011fe ve biriken \u00f6fkelerle sa\u011fl\u0131ks\u0131z tepkilere neden olur. Ka\u00e7\u0131nmak istedi\u011fimiz anla\u015fmazl\u0131klar ba\u015fka bir maskeyle ortaya \u00e7\u0131kar ve ili\u015fkilerimize zarar verir. \u00c7are nedir? Bu anla\u015fmalar\u0131 ke\u015ffetmek, a\u00e7\u0131k\u00e7a s\u00f6ylenmemi\u015f inan\u00e7 ve beklentileri tan\u0131mlayarak daha sa\u011fl\u0131kl\u0131 ileti\u015fim ve ili\u015fki kurabilmektir. \u0130\u015fitilmek isteyenlerin mutlaka okumak isteyece\u011fi bu kitap, i\u00e7 seslere derin bir ses ve g\u00fc\u00e7l\u00fc bir i\u00e7g\u00f6r\u00fc kazand\u0131r\u0131yor.<\/p>\n","protected":false},"excerpt":{"rendered":"<p>Ba\u015fkalar\u0131yla ve hatta kendinizle olan ili\u015fkinizde pek fark\u0131nda olmad\u0131\u011f\u0131n\u0131z bir &#8220;dile getirilmemi\u015f kurallar&#8221; sorunudur \u201csessiz\u201d anla\u015fmalar. Sessiz anla\u015fmalar; S\u00f6z\u00fcn\u00fc etmeseniz, a\u00e7\u0131k\u00e7a belirtmeseniz de ba\u015fkalar\u0131n\u0131 sorumlu tuttu\u011funuz<span class=\"excerpt-hellip\"> [\u2026]<\/span><\/p>\n","protected":false},"featured_media":0,"template":"","meta":{"_monsterinsights_skip_tracking":false,"_monsterinsights_sitenote_active":false,"_monsterinsights_sitenote_note":"","_monsterinsights_sitenote_category":0},"product_brand":[],"product_cat":[22061,13488],"product_tag":[],"class_list":{"0":"post-721539","1":"product","2":"type-product","3":"status-publish","5":"product_cat-sosyal-medya-ve-iletisim","6":"product_cat-toplum-ve-insan","7":"pa_cilt-ciltsiz","8":"pa_tur-kitap","9":"pa_yayinevi-kuraldisi-yayinevi","10":"pa_yazar-kolektif","12":"first","13":"instock","14":"sale","15":"shipping-taxable","16":"purchasable","17":"product-type-simple"},"_links":{"self":[{"href":"https:\/\/roveyayinevi.com.tr\/index.php\/wp-json\/wp\/v2\/product\/721539","targetHints":{"allow":["GET"]}}],"collection":[{"href":"https:\/\/roveyayinevi.com.tr\/index.php\/wp-json\/wp\/v2\/product"}],"about":[{"href":"https:\/\/roveyayinevi.com.tr\/index.php\/wp-json\/wp\/v2\/types\/product"}],"wp:attachment":[{"href":"https:\/\/roveyayinevi.com.tr\/index.php\/wp-json\/wp\/v2\/media?parent=721539"}],"wp:term":[{"taxonomy":"product_brand","embeddable":true,"href":"https:\/\/roveyayinevi.com.tr\/index.php\/wp-json\/wp\/v2\/product_brand?post=721539"},{"taxonomy":"product_cat","embeddable":true,"href":"https:\/\/roveyayinevi.com.tr\/index.php\/wp-json\/wp\/v2\/product_cat?post=721539"},{"taxonomy":"product_tag","embeddable":true,"href":"https:\/\/roveyayinevi.com.tr\/index.php\/wp-json\/wp\/v2\/product_tag?post=721539"}],"curies":[{"name":"wp","href":"https:\/\/api.w.org\/{rel}","templated":true}]}}