{"id":721538,"date":"2025-08-27T18:51:34","date_gmt":"2025-08-27T15:51:34","guid":{"rendered":"https:\/\/roveyayinevi.com.tr\/index.php\/urun\/kelebegin-gunlugu\/"},"modified":"2026-04-16T02:29:25","modified_gmt":"2026-04-15T23:29:25","slug":"kelebegin-gunlugu","status":"publish","type":"product","link":"https:\/\/roveyayinevi.com.tr\/index.php\/urun\/kelebegin-gunlugu\/","title":{"rendered":"Kelebe\u011fin G\u00fcnl\u00fc\u011f\u00fc"},"content":{"rendered":"<p>Ey sevgili!Gel cennetim ol ki, cehennem h\u0131rs\u0131ndan kule d\u00f6ns\u00fcn. Kimse yanmas\u0131n art\u0131k.\u0130nsanl\u0131k hakikate erdi\u011finde g\u00f6n\u00fcl derg\u00e2h\u0131nda kendisiyle hesapla\u015fs\u0131n. Yanmas\u0131n, yak\u0131lmas\u0131n, \u00fcz\u00fclmesin!B\u0131rak art\u0131k \u015fu zaman\u0131n elinden tutmay\u0131, zaman diye bir \u015fey yoktur anlamad\u0131n m\u0131?B\u0131rak tik tak tik tak i\u015flesin. Bize g\u00f6re de\u011fil saatleri ve g\u00fcnleri saymak\u2026 Zaman a\u015fk h\u0131rs\u0131z\u0131d\u0131r, ondan uzak dur. \u00c7\u00fcnk\u00fc biz sonsuz a\u015fka talibiz. Sonsuz a\u015fka talip olanlar\u0131n d\u00fcn\u00fc, yar\u0131n\u0131 yoktur.Bu roman\u0131 okurken kendinizi yeniden ke\u015ffedeceksiniz. Kendinizi de\u011fi\u015ftirmenin zaman\u0131 geldi\u011fini fark edeceksiniz. De\u011fi\u015fmeye a\u00e7\u0131k de\u011filseniz kitab\u0131 okumay\u0131n!<\/p>\n","protected":false},"excerpt":{"rendered":"<p>Ey sevgili!Gel cennetim ol ki, cehennem h\u0131rs\u0131ndan kule d\u00f6ns\u00fcn. Kimse yanmas\u0131n art\u0131k.\u0130nsanl\u0131k hakikate erdi\u011finde g\u00f6n\u00fcl derg\u00e2h\u0131nda kendisiyle hesapla\u015fs\u0131n. Yanmas\u0131n, yak\u0131lmas\u0131n, \u00fcz\u00fclmesin!B\u0131rak art\u0131k \u015fu zaman\u0131n elinden tutmay\u0131,<span class=\"excerpt-hellip\"> [\u2026]<\/span><\/p>\n","protected":false},"featured_media":0,"template":"","meta":{"_monsterinsights_skip_tracking":false,"_monsterinsights_sitenote_active":false,"_monsterinsights_sitenote_note":"","_monsterinsights_sitenote_category":0},"product_brand":[],"product_cat":[12291,12711],"product_tag":[],"class_list":{"0":"post-721538","1":"product","2":"type-product","3":"status-publish","5":"product_cat-edebiyat","6":"product_cat-roman-oyku","7":"pa_cilt-ciltsiz","8":"pa_tur-kitap","9":"pa_yayinevi-yediveren-yayinlari","10":"pa_yazar-bilal-civelek","12":"first","13":"instock","14":"sale","15":"shipping-taxable","16":"purchasable","17":"product-type-simple"},"_links":{"self":[{"href":"https:\/\/roveyayinevi.com.tr\/index.php\/wp-json\/wp\/v2\/product\/721538","targetHints":{"allow":["GET"]}}],"collection":[{"href":"https:\/\/roveyayinevi.com.tr\/index.php\/wp-json\/wp\/v2\/product"}],"about":[{"href":"https:\/\/roveyayinevi.com.tr\/index.php\/wp-json\/wp\/v2\/types\/product"}],"wp:attachment":[{"href":"https:\/\/roveyayinevi.com.tr\/index.php\/wp-json\/wp\/v2\/media?parent=721538"}],"wp:term":[{"taxonomy":"product_brand","embeddable":true,"href":"https:\/\/roveyayinevi.com.tr\/index.php\/wp-json\/wp\/v2\/product_brand?post=721538"},{"taxonomy":"product_cat","embeddable":true,"href":"https:\/\/roveyayinevi.com.tr\/index.php\/wp-json\/wp\/v2\/product_cat?post=721538"},{"taxonomy":"product_tag","embeddable":true,"href":"https:\/\/roveyayinevi.com.tr\/index.php\/wp-json\/wp\/v2\/product_tag?post=721538"}],"curies":[{"name":"wp","href":"https:\/\/api.w.org\/{rel}","templated":true}]}}