{"id":721534,"date":"2025-08-27T18:51:31","date_gmt":"2025-08-27T15:51:31","guid":{"rendered":"https:\/\/roveyayinevi.com.tr\/index.php\/urun\/aklinda-degil-kalbinde-tut\/"},"modified":"2026-04-16T02:29:24","modified_gmt":"2026-04-15T23:29:24","slug":"aklinda-degil-kalbinde-tut","status":"publish","type":"product","link":"https:\/\/roveyayinevi.com.tr\/index.php\/urun\/aklinda-degil-kalbinde-tut\/","title":{"rendered":"Akl\u0131nda De\u011fil Kalbinde Tut"},"content":{"rendered":"<p>Fark\u0131nda olmadan kalbimizi akl\u0131m\u0131zdaki d\u00fc\u015f\u00fcncelerle doldururuz ve i\u015fte as\u0131l sorun bu noktada ba\u015flar; \u00e7\u00fcnk\u00fc akl\u0131m\u0131zdakiler her zaman sevdi\u011fimiz \u015feyler de\u011fildir. Belki sevdi\u011fimiz birini \u00f6l\u00fcm bizden ay\u0131rm\u0131\u015f, e\u015fimiz umdu\u011fumuz gibi \u00e7\u0131kmam\u0131\u015f, birileri diliyle bize zulmetmi\u015f, \u00e7ocu\u011fumuz hay\u0131rs\u0131z olmu\u015f, mucizelere olan inanc\u0131m\u0131z\u0131 kaybetmi\u015f, olumluyu g\u00f6remez olmu\u015f, hayat\u0131n ger\u00e7ekleri aras\u0131nda kaybetti\u011fimiz \u00e7ocuk ruhumuzu kalbimize g\u00f6mm\u00fc\u015f akl\u0131m\u0131zdakileri bu onlarca d\u00fc\u015f\u00fcnceyi kalbimize indirmi\u015fiz.T\u00fcm bunlarla kalbimizi dolu zannederiz. Onlarca d\u00fc\u015f\u00fcncenin aras\u0131nda ki\u015fiyi iyi hissettirecek d\u00fc\u015f\u00fcncelere yer olmay\u0131n kalp hep bo\u015f kal\u0131r. Ne zaman bilin\u00e7li olarak bir duyguyu, bir d\u00fc\u015f\u00fcnceyi kalbine indirmeyi ba\u015farabilirsen asl\u0131nda o zaman doldurabilirsin kalbini. Kalbini kontrol et orada ne var? Hayattan keyif alam\u0131yor musun, bir kontrol et kalbini orada ne var? Can\u0131n bir \u015fey yapmak istemiyor mu bir kontrol et orada ne var? S\u00fcrekli erteliyor ve bir t\u00fcrl\u00fc istedi\u011fin gibi yapam\u0131yor musun bir kontrol et, orada ne var?<\/p>\n","protected":false},"excerpt":{"rendered":"<p>Fark\u0131nda olmadan kalbimizi akl\u0131m\u0131zdaki d\u00fc\u015f\u00fcncelerle doldururuz ve i\u015fte as\u0131l sorun bu noktada ba\u015flar; \u00e7\u00fcnk\u00fc akl\u0131m\u0131zdakiler her zaman sevdi\u011fimiz \u015feyler de\u011fildir. Belki sevdi\u011fimiz birini \u00f6l\u00fcm bizden ay\u0131rm\u0131\u015f,<span class=\"excerpt-hellip\"> [\u2026]<\/span><\/p>\n","protected":false},"featured_media":0,"template":"","meta":{"_monsterinsights_skip_tracking":false,"_monsterinsights_sitenote_active":false,"_monsterinsights_sitenote_note":"","_monsterinsights_sitenote_category":0},"product_brand":[],"product_cat":[12364,12376],"product_tag":[],"class_list":{"0":"post-721534","1":"product","2":"type-product","3":"status-publish","5":"product_cat-genel-konular","6":"product_cat-kisisel-gelisim","7":"pa_cilt-ciltsiz","8":"pa_tur-kitap","9":"pa_yayinevi-yediveren-yayinlari","10":"pa_yazar-ozlem-cakir","12":"first","13":"instock","14":"sale","15":"shipping-taxable","16":"purchasable","17":"product-type-simple"},"_links":{"self":[{"href":"https:\/\/roveyayinevi.com.tr\/index.php\/wp-json\/wp\/v2\/product\/721534","targetHints":{"allow":["GET"]}}],"collection":[{"href":"https:\/\/roveyayinevi.com.tr\/index.php\/wp-json\/wp\/v2\/product"}],"about":[{"href":"https:\/\/roveyayinevi.com.tr\/index.php\/wp-json\/wp\/v2\/types\/product"}],"wp:attachment":[{"href":"https:\/\/roveyayinevi.com.tr\/index.php\/wp-json\/wp\/v2\/media?parent=721534"}],"wp:term":[{"taxonomy":"product_brand","embeddable":true,"href":"https:\/\/roveyayinevi.com.tr\/index.php\/wp-json\/wp\/v2\/product_brand?post=721534"},{"taxonomy":"product_cat","embeddable":true,"href":"https:\/\/roveyayinevi.com.tr\/index.php\/wp-json\/wp\/v2\/product_cat?post=721534"},{"taxonomy":"product_tag","embeddable":true,"href":"https:\/\/roveyayinevi.com.tr\/index.php\/wp-json\/wp\/v2\/product_tag?post=721534"}],"curies":[{"name":"wp","href":"https:\/\/api.w.org\/{rel}","templated":true}]}}