{"id":721532,"date":"2025-08-27T18:51:30","date_gmt":"2025-08-27T15:51:30","guid":{"rendered":"https:\/\/roveyayinevi.com.tr\/index.php\/urun\/albert-einstein-3\/"},"modified":"2026-04-16T02:29:24","modified_gmt":"2026-04-15T23:29:24","slug":"albert-einstein-3","status":"publish","type":"product","link":"https:\/\/roveyayinevi.com.tr\/index.php\/urun\/albert-einstein-3\/","title":{"rendered":"Albert Einstein"},"content":{"rendered":"<p>Einstein\u2019\u0131n bilime olan merak\u0131 hen\u00fcz 4-5 ya\u015flar\u0131ndayken babas\u0131n\u0131n verdi\u011fi manyetik pusula ile ba\u015flam\u0131\u015ft\u0131r. Kendisi de yeti\u015fkinlik d\u00f6neminde o pusulan\u0131n \u00fczerinde yaratt\u0131\u011f\u0131 etkinin b\u00fcy\u00fckl\u00fc\u011f\u00fcnden bahsetmi\u015ftir. Babas\u0131n\u0131n onu ne\u015felendirmek i\u00e7in verdi\u011fi pusulan\u0131n fazlas\u0131yla ilgisini \u00e7ekti\u011fini s\u00f6ylemi\u015f, bu d\u00fcnyada ke\u015ffedilmesi gereken bir \u015feyler oldu\u011funu d\u00fc\u015f\u00fcnmesini sa\u011flad\u0131\u011f\u0131n\u0131 belirtmi\u015ftir.Ge\u00e7ti\u011fimiz y\u00fczy\u0131l\u0131n dehas\u0131 olarak da an\u0131lan Einstein, b\u00fct\u00fcn d\u00fcnyan\u0131n tan\u0131d\u0131\u011f\u0131 bir bilim insan\u0131! Fizik alan\u0131nda yapt\u0131\u011f\u0131 \u00e7al\u0131\u015fmalar ile bilim d\u00fcnyas\u0131na b\u00fcy\u00fck katk\u0131s\u0131 olan deha, bu niteli\u011finin yan\u0131 s\u0131ra bir ayd\u0131n olarak da tan\u0131nmaktad\u0131r. Bar\u0131\u015f\u00e7\u0131 olan h\u00fcmanist Einstein, hi\u00e7bir zaman sava\u015f yanl\u0131s\u0131 olmam\u0131\u015ft\u0131r. Hatta Nazilerin y\u00fckseli\u015finden rahats\u0131z oldu\u011fu i\u00e7in hem \u00fclkesi Almanya\u2019y\u0131 terk etmi\u015f hem de Alman vatanda\u015fl\u0131\u011f\u0131ndan \u00e7\u0131km\u0131\u015ft\u0131r.Di\u011fer \u00e7ocuklara g\u00f6re \u00e7ok daha ge\u00e7 ya\u015fta konu\u015fan Einstein\u2019\u0131n ailesi onun bu durumundan \u015f\u00fcphelenmi\u015f, hatta geri zek\u00e2l\u0131 olabilece\u011finden korkmu\u015ftur. Ancak hepimizin bildi\u011fi gibi ailenin \u015f\u00fcphelerinin yersiz oldu\u011fu anla\u015f\u0131lm\u0131\u015f, Einstein geriden ziyade, zek\u00e2s\u0131n\u0131n ne kadar ileri seviyede oldu\u011funu b\u00fct\u00fcn d\u00fcnyaya g\u00f6stermi\u015ftir.<\/p>\n","protected":false},"excerpt":{"rendered":"<p>Einstein\u2019\u0131n bilime olan merak\u0131 hen\u00fcz 4-5 ya\u015flar\u0131ndayken babas\u0131n\u0131n verdi\u011fi manyetik pusula ile ba\u015flam\u0131\u015ft\u0131r. Kendisi de yeti\u015fkinlik d\u00f6neminde o pusulan\u0131n \u00fczerinde yaratt\u0131\u011f\u0131 etkinin b\u00fcy\u00fckl\u00fc\u011f\u00fcnden bahsetmi\u015ftir. Babas\u0131n\u0131n onu<span class=\"excerpt-hellip\"> [\u2026]<\/span><\/p>\n","protected":false},"featured_media":0,"template":"","meta":{"_monsterinsights_skip_tracking":false,"_monsterinsights_sitenote_active":false,"_monsterinsights_sitenote_note":"","_monsterinsights_sitenote_category":0},"product_brand":[],"product_cat":[13946,12304],"product_tag":[],"class_list":{"0":"post-721532","1":"product","2":"type-product","3":"status-publish","5":"product_cat-biyografi-otobiyografi","6":"product_cat-tarih","7":"pa_cilt-ciltsiz","8":"pa_tur-kitap","9":"pa_yayinevi-parola-yayinlari","10":"pa_yazar-turan-tektas","12":"first","13":"instock","14":"sale","15":"shipping-taxable","16":"purchasable","17":"product-type-simple"},"_links":{"self":[{"href":"https:\/\/roveyayinevi.com.tr\/index.php\/wp-json\/wp\/v2\/product\/721532","targetHints":{"allow":["GET"]}}],"collection":[{"href":"https:\/\/roveyayinevi.com.tr\/index.php\/wp-json\/wp\/v2\/product"}],"about":[{"href":"https:\/\/roveyayinevi.com.tr\/index.php\/wp-json\/wp\/v2\/types\/product"}],"wp:attachment":[{"href":"https:\/\/roveyayinevi.com.tr\/index.php\/wp-json\/wp\/v2\/media?parent=721532"}],"wp:term":[{"taxonomy":"product_brand","embeddable":true,"href":"https:\/\/roveyayinevi.com.tr\/index.php\/wp-json\/wp\/v2\/product_brand?post=721532"},{"taxonomy":"product_cat","embeddable":true,"href":"https:\/\/roveyayinevi.com.tr\/index.php\/wp-json\/wp\/v2\/product_cat?post=721532"},{"taxonomy":"product_tag","embeddable":true,"href":"https:\/\/roveyayinevi.com.tr\/index.php\/wp-json\/wp\/v2\/product_tag?post=721532"}],"curies":[{"name":"wp","href":"https:\/\/api.w.org\/{rel}","templated":true}]}}