{"id":721531,"date":"2025-08-27T18:51:29","date_gmt":"2025-08-27T15:51:29","guid":{"rendered":"https:\/\/roveyayinevi.com.tr\/index.php\/urun\/arsimet\/"},"modified":"2026-04-16T02:29:24","modified_gmt":"2026-04-15T23:29:24","slug":"arsimet","status":"publish","type":"product","link":"https:\/\/roveyayinevi.com.tr\/index.php\/urun\/arsimet\/","title":{"rendered":"Ar\u015fimet"},"content":{"rendered":"<p>Teorik matemati\u011fin en de\u011ferli konu oldu\u011funa inanan Ar\u015fimet, \u00fclkesinde matematik\u00e7i olarak de\u011fil, bir mucit olarak an\u0131lm\u0131\u015ft\u0131r. Kral Hierro\u2019nun Kral Ptolemy i\u00e7in yapt\u0131rd\u0131\u011f\u0131 ancak bir t\u00fcrl\u00fc karaya indiremedi\u011fi gemiyi k\u0131zaktan indirebilmek i\u00e7in ufak bir hareketle b\u00fcy\u00fck a\u011f\u0131rl\u0131klar\u0131 hareket ettirebilecek bir d\u00fczenek kurmu\u015ftur.M\u0131s\u0131rl\u0131lar i\u00e7in ta\u015fan Nil sular\u0131n\u0131n e\u015fit da\u011f\u0131t\u0131m\u0131 i\u00e7in Ar\u015fimet vidas\u0131 olarak bilinen arac\u0131 geli\u015ftirmi\u015ftir. \u0130lk hidrostatik kanununu ortaya koymu\u015f ve bunu di\u011fer temel kanunlar\u0131 izlemi\u015ftir. Y\u00fczen Cisimler isimli kitab\u0131nda da t\u00fcm bunlar\u0131 bir araya getirmi\u015ftir.Mucidin ya\u015fad\u0131\u011f\u0131 d\u00f6nemde Akdeniz\u2019de Kartacal\u0131lar, Romal\u0131lar ve Yunanlar s\u00fcrekli sava\u015f halindedir. Bu y\u00fczden b\u00fct\u00fcn ya\u015fam\u0131 sava\u015f tehlikesi alt\u0131nda ge\u00e7mi\u015ftir. \u0130nsanlar ise bulu\u015flardan daha \u00e7ok sava\u015f silahlar\u0131na de\u011fer vermi\u015ftir.Ar\u015fimet\u2019in mekanik alan\u0131nda yapm\u0131\u015f oldu\u011fu bulu\u015flar aras\u0131nda bile\u015fik makaralar, sonsuz vidalar, hidrolik vidalar ve yakan aynalar vard\u0131r.Bunlara ili\u015fkin eserleri \u00e7ok olmasa bile matemati\u011fin geometri alan\u0131na, fizi\u011fin statik ve hidrostatik alanlar\u0131na bir\u00e7ok eser b\u0131rakm\u0131\u015ft\u0131r.Matemati\u011fe olan d\u00fc\u015fk\u00fcnl\u00fc\u011f\u00fcn\u00fcn yan\u0131 s\u0131ra fizik alan\u0131nda da olduk\u00e7a ba\u015far\u0131l\u0131 say\u0131lan Ar\u015fimet\u2019in \u00e7ok say\u0131da icad\u0131 bulunmaktad\u0131r. Bilim d\u00fcnyas\u0131 i\u00e7in ke\u015ffetti\u011fi icatlar \u00f6nemli bir de\u011fer olarak kabul edilse de, bilim alan\u0131ndaki yetene\u011fini s\u0131radan g\u00f6ren Ar\u015fimet\u2019in, bu geli\u015fmeleri s\u0131radan bir icat olarak de\u011ferlendirdi\u011fi bilinmektedir.<\/p>\n","protected":false},"excerpt":{"rendered":"<p>Teorik matemati\u011fin en de\u011ferli konu oldu\u011funa inanan Ar\u015fimet, \u00fclkesinde matematik\u00e7i olarak de\u011fil, bir mucit olarak an\u0131lm\u0131\u015ft\u0131r. Kral Hierro\u2019nun Kral Ptolemy i\u00e7in yapt\u0131rd\u0131\u011f\u0131 ancak bir t\u00fcrl\u00fc karaya<span class=\"excerpt-hellip\"> [\u2026]<\/span><\/p>\n","protected":false},"featured_media":0,"template":"","meta":{"_monsterinsights_skip_tracking":false,"_monsterinsights_sitenote_active":false,"_monsterinsights_sitenote_note":"","_monsterinsights_sitenote_category":0},"product_brand":[],"product_cat":[13946,12304],"product_tag":[],"class_list":{"0":"post-721531","1":"product","2":"type-product","3":"status-publish","5":"product_cat-biyografi-otobiyografi","6":"product_cat-tarih","7":"pa_cilt-ciltsiz","8":"pa_tur-kitap","9":"pa_yayinevi-parola-yayinlari","10":"pa_yazar-turan-tektas","12":"first","13":"instock","14":"sale","15":"shipping-taxable","16":"purchasable","17":"product-type-simple"},"_links":{"self":[{"href":"https:\/\/roveyayinevi.com.tr\/index.php\/wp-json\/wp\/v2\/product\/721531","targetHints":{"allow":["GET"]}}],"collection":[{"href":"https:\/\/roveyayinevi.com.tr\/index.php\/wp-json\/wp\/v2\/product"}],"about":[{"href":"https:\/\/roveyayinevi.com.tr\/index.php\/wp-json\/wp\/v2\/types\/product"}],"wp:attachment":[{"href":"https:\/\/roveyayinevi.com.tr\/index.php\/wp-json\/wp\/v2\/media?parent=721531"}],"wp:term":[{"taxonomy":"product_brand","embeddable":true,"href":"https:\/\/roveyayinevi.com.tr\/index.php\/wp-json\/wp\/v2\/product_brand?post=721531"},{"taxonomy":"product_cat","embeddable":true,"href":"https:\/\/roveyayinevi.com.tr\/index.php\/wp-json\/wp\/v2\/product_cat?post=721531"},{"taxonomy":"product_tag","embeddable":true,"href":"https:\/\/roveyayinevi.com.tr\/index.php\/wp-json\/wp\/v2\/product_tag?post=721531"}],"curies":[{"name":"wp","href":"https:\/\/api.w.org\/{rel}","templated":true}]}}