{"id":721530,"date":"2025-08-27T18:51:29","date_gmt":"2025-08-27T15:51:29","guid":{"rendered":"https:\/\/roveyayinevi.com.tr\/index.php\/urun\/kutsal-kaos\/"},"modified":"2026-04-16T02:29:24","modified_gmt":"2026-04-15T23:29:24","slug":"kutsal-kaos","status":"publish","type":"product","link":"https:\/\/roveyayinevi.com.tr\/index.php\/urun\/kutsal-kaos\/","title":{"rendered":"Kutsal Kaos"},"content":{"rendered":"<p>Ard\u0131ll\u0131k Kanunu nedir? \u0130nsanl\u0131k tarihine etkileri nelerdir?Piramitlerin hizaland\u0131\u011f\u0131 y\u0131ld\u0131z sistemleri hangileridir?Hz. Musa ve Firavun aras\u0131nda ge\u00e7en tart\u0131\u015fman\u0131n \u00f6z\u00fc nedir?Samiri neden bir bo\u011fa heykeli yapm\u0131\u015ft\u0131?\u0130srailo\u011flullar\u0131 aras\u0131nda ya\u015fanan iki i\u00e7 \u015fava\u015f\u0131n g\u00fcn\u00fcm\u00fcze yans\u0131malar\u0131 nelerdir?\u0130srail\u2019in ilk kral\u0131 Saul ve Hz. Davut aras\u0131ndaki s\u00fcrt\u00fc\u015fmenin asl\u0131 nedir?HZ. S\u00fcleyman\u2019\u0131n ak\u0131l almaz teknolojisi ve cinleri emrinde \u00e7al\u0131\u015ft\u0131rmas\u0131\u2026HZ. \u0130sa\u2019n\u0131n Sarah isimli k\u0131z\u0131 var m\u0131yd\u0131?S\u0130YON protokollleri ger\u00e7ek mi sahte mi?Pavlus\u2019un Hristiyanl\u0131\u011f\u0131 global paganizme destek mi engel mi?Horus projesi nedir?Deccal, Hz. \u0130sa\u2019n\u0131n Nuz\u00fcl\u00fc, G\u00fcne\u015fin Bat\u0131dan do\u011fmas\u0131\u2026Kutuplar\u0131n takla atmas\u0131 ve zodyak.Reenkarnasyon m\u00fcmk\u00fcn m\u00fc?Kainat\u0131n asl\u0131, hakikati nas\u0131ld\u0131r?Hepsi ve daha fazlas\u0131 elinizin alt\u0131nda. G\u00fcn\u00fcm\u00fcz\u00fc \u015fekillendiren kadim olaylar\u0131n hakikatlerini bu kitapta bulacaks\u0131n\u0131z.<\/p>\n","protected":false},"excerpt":{"rendered":"<p>Ard\u0131ll\u0131k Kanunu nedir? \u0130nsanl\u0131k tarihine etkileri nelerdir?Piramitlerin hizaland\u0131\u011f\u0131 y\u0131ld\u0131z sistemleri hangileridir?Hz. Musa ve Firavun aras\u0131nda ge\u00e7en tart\u0131\u015fman\u0131n \u00f6z\u00fc nedir?Samiri neden bir bo\u011fa heykeli yapm\u0131\u015ft\u0131?\u0130srailo\u011flullar\u0131 aras\u0131nda ya\u015fanan<span class=\"excerpt-hellip\"> [\u2026]<\/span><\/p>\n","protected":false},"featured_media":0,"template":"","meta":{"_monsterinsights_skip_tracking":false,"_monsterinsights_sitenote_active":false,"_monsterinsights_sitenote_note":"","_monsterinsights_sitenote_category":0},"product_brand":[],"product_cat":[12304],"product_tag":[],"class_list":{"0":"post-721530","1":"product","2":"type-product","3":"status-publish","5":"product_cat-tarih","6":"pa_cilt-ciltsiz","7":"pa_tur-kitap","8":"pa_yayinevi-yediveren-yayinlari","9":"pa_yazar-serhat-ahmet-tan","11":"first","12":"instock","13":"sale","14":"shipping-taxable","15":"purchasable","16":"product-type-simple"},"_links":{"self":[{"href":"https:\/\/roveyayinevi.com.tr\/index.php\/wp-json\/wp\/v2\/product\/721530","targetHints":{"allow":["GET"]}}],"collection":[{"href":"https:\/\/roveyayinevi.com.tr\/index.php\/wp-json\/wp\/v2\/product"}],"about":[{"href":"https:\/\/roveyayinevi.com.tr\/index.php\/wp-json\/wp\/v2\/types\/product"}],"wp:attachment":[{"href":"https:\/\/roveyayinevi.com.tr\/index.php\/wp-json\/wp\/v2\/media?parent=721530"}],"wp:term":[{"taxonomy":"product_brand","embeddable":true,"href":"https:\/\/roveyayinevi.com.tr\/index.php\/wp-json\/wp\/v2\/product_brand?post=721530"},{"taxonomy":"product_cat","embeddable":true,"href":"https:\/\/roveyayinevi.com.tr\/index.php\/wp-json\/wp\/v2\/product_cat?post=721530"},{"taxonomy":"product_tag","embeddable":true,"href":"https:\/\/roveyayinevi.com.tr\/index.php\/wp-json\/wp\/v2\/product_tag?post=721530"}],"curies":[{"name":"wp","href":"https:\/\/api.w.org\/{rel}","templated":true}]}}