{"id":721529,"date":"2025-08-27T18:51:28","date_gmt":"2025-08-27T15:51:28","guid":{"rendered":"https:\/\/roveyayinevi.com.tr\/index.php\/urun\/galileo-galilei-bilimin-onculeri\/"},"modified":"2026-04-16T02:29:24","modified_gmt":"2026-04-15T23:29:24","slug":"galileo-galilei-bilimin-onculeri","status":"publish","type":"product","link":"https:\/\/roveyayinevi.com.tr\/index.php\/urun\/galileo-galilei-bilimin-onculeri\/","title":{"rendered":"Galileo Galilei &#8211; Bilimin \u00d6nc\u00fcleri"},"content":{"rendered":"<p>Galileo Galilei\u2019nin \u00fcst\u00fcn yetenekleri daha k\u00fc\u00e7\u00fck ya\u015fta ortaya \u00e7\u0131kmaya ba\u015flam\u0131\u015ft\u0131. Sanata b\u00fcy\u00fck bir yatk\u0131nl\u0131\u011f\u0131 vard\u0131. Nitekim lavta ve org \u00e7alman\u0131n yan\u0131 s\u0131ra yapt\u0131\u011f\u0131 g\u00fczel resim \u00e7al\u0131\u015fmalar\u0131yla da dikkati \u00e7ekiyordu. Ayr\u0131ca oyuncak t\u00fcr\u00fcnden ara\u00e7 yap\u0131m\u0131nda \u00fcst\u00fcn el becerisine sahipti. O d\u00f6nemde Pisa, kendi \u00f6l\u00e7\u00fcs\u00fcnde bir sanat ve \u00f6\u011frenim merkeziydi. Galileo t\u00fcm yeteneklerine geli\u015fme olana\u011f\u0131 veren canl\u0131 bir ortamda b\u00fcy\u00fcd\u00fc.Galileo \u00f6ncelikle Aristoteles\u2019in s\u00f6yledi\u011fi gibi bilimsel y\u00f6ntemde sadece t\u00fcmevar\u0131m ve t\u00fcmdengelim olmak \u00fczere iki arac\u0131n kabul edilemeyece\u011fini, \u00e7\u00fcnk\u00fc bu iki ak\u0131l y\u00fcr\u00fctme modeli sonucunda elde edilen \u00e7\u0131kar\u0131mlar niteliksel kalmakta ve matematiksel yani niceliksel bir boyuta ge\u00e7ememektedir. Galileo b\u00f6ylece Aristoteles\u00e7i bilim anlay\u0131\u015f\u0131n\u0131n yerine kendi bilim yapma modelini ileri s\u00fcrerek, yeni bilim anlay\u0131\u015f\u0131n\u0131n \u00f6nc\u00fcl\u00fc\u011f\u00fcn\u00fc yapm\u0131\u015f olacakt\u0131r.R\u00f6nesans&#8217;\u0131n bilimsel devrimine b\u00fcy\u00fck katk\u0131da bulunan Galileo\u2019ya g\u00f6zlemsel astronominin babas\u0131, modern fizi\u011fin babas\u0131 ve bilimin babas\u0131 gibi isimler tak\u0131lm\u0131\u015ft\u0131r. G\u00f6zlemsel astronomiye katk\u0131lar\u0131n\u0131n aras\u0131nda Ven\u00fcs&#8217;\u00fcn evrelerinin teleskobik kan\u0131t\u0131, J\u00fcpiter&#8217;in en b\u00fcy\u00fck d\u00f6rt uydusunun ke\u015ffi, g\u00fcne\u015f lekelerinin g\u00f6zlemi analizi bulunmaktad\u0131r. Galileo ayr\u0131ca uygulamal\u0131 bilim ve teknoloji alan\u0131nda da \u00e7al\u0131\u015fm\u0131\u015f ve geli\u015ftirilmi\u015f bir askeri pusula gibi ba\u015fka aletler de icat etmi\u015ftir.<\/p>\n","protected":false},"excerpt":{"rendered":"<p>Galileo Galilei\u2019nin \u00fcst\u00fcn yetenekleri daha k\u00fc\u00e7\u00fck ya\u015fta ortaya \u00e7\u0131kmaya ba\u015flam\u0131\u015ft\u0131. Sanata b\u00fcy\u00fck bir yatk\u0131nl\u0131\u011f\u0131 vard\u0131. Nitekim lavta ve org \u00e7alman\u0131n yan\u0131 s\u0131ra yapt\u0131\u011f\u0131 g\u00fczel resim \u00e7al\u0131\u015fmalar\u0131yla<span class=\"excerpt-hellip\"> [\u2026]<\/span><\/p>\n","protected":false},"featured_media":0,"template":"","meta":{"_monsterinsights_skip_tracking":false,"_monsterinsights_sitenote_active":false,"_monsterinsights_sitenote_note":"","_monsterinsights_sitenote_category":0},"product_brand":[],"product_cat":[13946,12304],"product_tag":[],"class_list":{"0":"post-721529","1":"product","2":"type-product","3":"status-publish","5":"product_cat-biyografi-otobiyografi","6":"product_cat-tarih","7":"pa_cilt-ciltsiz","8":"pa_tur-kitap","9":"pa_yayinevi-parola-yayinlari","10":"pa_yazar-turan-tektas","12":"first","13":"instock","14":"sale","15":"shipping-taxable","16":"purchasable","17":"product-type-simple"},"_links":{"self":[{"href":"https:\/\/roveyayinevi.com.tr\/index.php\/wp-json\/wp\/v2\/product\/721529","targetHints":{"allow":["GET"]}}],"collection":[{"href":"https:\/\/roveyayinevi.com.tr\/index.php\/wp-json\/wp\/v2\/product"}],"about":[{"href":"https:\/\/roveyayinevi.com.tr\/index.php\/wp-json\/wp\/v2\/types\/product"}],"wp:attachment":[{"href":"https:\/\/roveyayinevi.com.tr\/index.php\/wp-json\/wp\/v2\/media?parent=721529"}],"wp:term":[{"taxonomy":"product_brand","embeddable":true,"href":"https:\/\/roveyayinevi.com.tr\/index.php\/wp-json\/wp\/v2\/product_brand?post=721529"},{"taxonomy":"product_cat","embeddable":true,"href":"https:\/\/roveyayinevi.com.tr\/index.php\/wp-json\/wp\/v2\/product_cat?post=721529"},{"taxonomy":"product_tag","embeddable":true,"href":"https:\/\/roveyayinevi.com.tr\/index.php\/wp-json\/wp\/v2\/product_tag?post=721529"}],"curies":[{"name":"wp","href":"https:\/\/api.w.org\/{rel}","templated":true}]}}