{"id":721528,"date":"2025-08-27T18:51:28","date_gmt":"2025-08-27T15:51:28","guid":{"rendered":"https:\/\/roveyayinevi.com.tr\/index.php\/urun\/james-watt-bilimin-onculeri\/"},"modified":"2026-04-16T02:29:24","modified_gmt":"2026-04-15T23:29:24","slug":"james-watt-bilimin-onculeri","status":"publish","type":"product","link":"https:\/\/roveyayinevi.com.tr\/index.php\/urun\/james-watt-bilimin-onculeri\/","title":{"rendered":"James Watt &#8211; Bilimin \u00d6nc\u00fcleri"},"content":{"rendered":"<p>James Watt 18. y\u00fczy\u0131l\u0131n b\u00fcy\u00fck bilim insanlar\u0131ndan biridir. Ayn\u0131 zamanda m\u00fchendis ve mucittir. Ayr\u0131ca James Watt geli\u015ftirmi\u015f oldu\u011fu buhar motoruyla Sanayi Devrimi\u2019nin babas\u0131 olarak g\u00f6sterilir. Buhar motorunu bulan o de\u011fildir fakat bulu\u015fu buhar motorunun verimini artt\u0131rm\u0131\u015f ve end\u00fcstriyel alanda bir devrim yaratm\u0131\u015ft\u0131r.Glasgow \u00dcniversitesi\u2019nde buhar motoruyla ilgili \u00e7al\u0131\u015fmalara kat\u0131ld\u0131. 1763 y\u0131l\u0131nda Thomas Newcomen taraf\u0131ndan 1711 y\u0131l\u0131nda yap\u0131lan buhar makinesini tamir etmesi istenmi\u015fti. Yarat\u0131c\u0131l\u0131\u011f\u0131n\u0131 ve alet onarma becerilerini kullanarak makine tamirine bir \u00e7\u00f6z\u00fcm bulmaya \u00e7al\u0131\u015ft\u0131. Makinenin gere\u011finden fazla enerji harcad\u0131\u011f\u0131n\u0131 fark etti ve de\u011fi\u015fiklikler yap\u0131larak enerji kayb\u0131n\u0131n azalt\u0131labilece\u011fini, makinenin daha verimli \u00e7al\u0131\u015ft\u0131r\u0131labilece\u011fini d\u00fc\u015f\u00fcnd\u00fc.\u0130ki y\u0131l s\u00fcren \u00e7al\u0131\u015fmalar\u0131ndan sonra 1765 y\u0131l\u0131nda sonucunu ald\u0131. Motorun \u00e7al\u0131\u015fmas\u0131n\u0131 iyile\u015ftirdi. Asl\u0131nda buhar motorunun mucidi kendisi de\u011fildir. Thomas Newcomen\u2019in icad\u0131n\u0131 geli\u015ftirerek sanayide kullan\u0131lmas\u0131n\u0131 sa\u011flam\u0131\u015ft\u0131r. Bu da sanayi devrimine ivme kazand\u0131rm\u0131\u015f ve buhar motoru madencilik, kuma\u015f ve y\u00fcn imalat\u0131 ba\u015fta olmak \u00fczere bir\u00e7ok sekt\u00f6rde kullan\u0131lmaya ba\u015flanm\u0131\u015ft\u0131r.<\/p>\n","protected":false},"excerpt":{"rendered":"<p>James Watt 18. y\u00fczy\u0131l\u0131n b\u00fcy\u00fck bilim insanlar\u0131ndan biridir. Ayn\u0131 zamanda m\u00fchendis ve mucittir. Ayr\u0131ca James Watt geli\u015ftirmi\u015f oldu\u011fu buhar motoruyla Sanayi Devrimi\u2019nin babas\u0131 olarak g\u00f6sterilir. Buhar<span class=\"excerpt-hellip\"> [\u2026]<\/span><\/p>\n","protected":false},"featured_media":0,"template":"","meta":{"_monsterinsights_skip_tracking":false,"_monsterinsights_sitenote_active":false,"_monsterinsights_sitenote_note":"","_monsterinsights_sitenote_category":0},"product_brand":[],"product_cat":[13946,12304],"product_tag":[],"class_list":{"0":"post-721528","1":"product","2":"type-product","3":"status-publish","5":"product_cat-biyografi-otobiyografi","6":"product_cat-tarih","7":"pa_cilt-ciltsiz","8":"pa_tur-kitap","9":"pa_yayinevi-parola-yayinlari","10":"pa_yazar-turan-tektas","12":"first","13":"instock","14":"sale","15":"shipping-taxable","16":"purchasable","17":"product-type-simple"},"_links":{"self":[{"href":"https:\/\/roveyayinevi.com.tr\/index.php\/wp-json\/wp\/v2\/product\/721528","targetHints":{"allow":["GET"]}}],"collection":[{"href":"https:\/\/roveyayinevi.com.tr\/index.php\/wp-json\/wp\/v2\/product"}],"about":[{"href":"https:\/\/roveyayinevi.com.tr\/index.php\/wp-json\/wp\/v2\/types\/product"}],"wp:attachment":[{"href":"https:\/\/roveyayinevi.com.tr\/index.php\/wp-json\/wp\/v2\/media?parent=721528"}],"wp:term":[{"taxonomy":"product_brand","embeddable":true,"href":"https:\/\/roveyayinevi.com.tr\/index.php\/wp-json\/wp\/v2\/product_brand?post=721528"},{"taxonomy":"product_cat","embeddable":true,"href":"https:\/\/roveyayinevi.com.tr\/index.php\/wp-json\/wp\/v2\/product_cat?post=721528"},{"taxonomy":"product_tag","embeddable":true,"href":"https:\/\/roveyayinevi.com.tr\/index.php\/wp-json\/wp\/v2\/product_tag?post=721528"}],"curies":[{"name":"wp","href":"https:\/\/api.w.org\/{rel}","templated":true}]}}