{"id":721527,"date":"2025-08-27T18:51:27","date_gmt":"2025-08-27T15:51:27","guid":{"rendered":"https:\/\/roveyayinevi.com.tr\/index.php\/urun\/johannes-gutenberg-bilimin-onculeri\/"},"modified":"2026-04-16T02:29:24","modified_gmt":"2026-04-15T23:29:24","slug":"johannes-gutenberg-bilimin-onculeri","status":"publish","type":"product","link":"https:\/\/roveyayinevi.com.tr\/index.php\/urun\/johannes-gutenberg-bilimin-onculeri\/","title":{"rendered":"Johannes Gutenberg &#8211; Bilimin \u00d6nc\u00fcleri"},"content":{"rendered":"<p>Gutenberg\u2019in ailesi olduk\u00e7a varl\u0131kl\u0131yd\u0131. Babas\u0131 Friele ve amcas\u0131, Ba\u015fpiskopos\u2019un para yap\u0131m\u0131 at\u00f6lyelerinde g\u00f6revliydiler ve b\u00fcy\u00fck olas\u0131l\u0131kla Johann, ince metal i\u015f\u00e7ili\u011fini orada \u00f6\u011frendi. Para \u00fcretmek, alt\u0131n\u0131n \u00e7ok dikkatli ve \u00f6l\u00e7\u00fcl\u00fc d\u00f6k\u00fcm\u00fcn\u00fc ve damgalanmas\u0131n\u0131 gerektiriyordu.Ayr\u0131ca, orada \u00e7al\u0131\u015fanlar, metalleri, \u0131s\u0131y\u0131, d\u00f6k\u00fcm odalar\u0131n\u0131 kullanmay\u0131 iyi bilirler, boyalar\u0131 ve bask\u0131 gere\u00e7lerini tan\u0131rlard\u0131.Johann, Ba\u015fpiskopos\u2019un darphanesinde, alt\u0131n ve g\u00fcm\u00fc\u015f\u00fcn para yap\u0131lmak \u00fczere eritilip, d\u00f6k\u00fcm odalar\u0131nda kal\u0131plara d\u00f6k\u00fcld\u00fc\u011f\u00fcn\u00fc, so\u011futuldu\u011funu ve sonunda cilaland\u0131\u011f\u0131n\u0131 dikkatle izlemi\u015fti. Mutlaka ilk kez orada, ileride ona para de\u011filse de \u00fcn kazand\u0131racak mesle\u011finin kokusunu alm\u0131\u015ft\u0131.Gutenberg, yirmi be\u015f y\u0131l sonra ilk kitab\u0131n\u0131 basmas\u0131na olanak tan\u0131yacak bask\u0131 deneylerine ba\u015flam\u0131\u015ft\u0131. Gutenberg\u2019in bast\u0131\u011f\u0131 bu ilk kitap, o kadar iyi bas\u0131lm\u0131\u015ft\u0131 ve o kadar m\u00fckemmele yak\u0131n bir kopyayd\u0131 ki, ilk \u00e7al\u0131\u015fmas\u0131 olamazd\u0131. O a\u015famada, bir\u00e7ok teknik sorunu art\u0131k \u00e7\u00f6zm\u00fc\u015ft\u00fc ve bu y\u00fczden bask\u0131 i\u015fi, hemen hemen d\u00f6rt y\u00fcz y\u0131l boyunca aynen s\u00fcr\u00fcp gitti.<\/p>\n","protected":false},"excerpt":{"rendered":"<p>Gutenberg\u2019in ailesi olduk\u00e7a varl\u0131kl\u0131yd\u0131. Babas\u0131 Friele ve amcas\u0131, Ba\u015fpiskopos\u2019un para yap\u0131m\u0131 at\u00f6lyelerinde g\u00f6revliydiler ve b\u00fcy\u00fck olas\u0131l\u0131kla Johann, ince metal i\u015f\u00e7ili\u011fini orada \u00f6\u011frendi. Para \u00fcretmek, alt\u0131n\u0131n \u00e7ok<span class=\"excerpt-hellip\"> [\u2026]<\/span><\/p>\n","protected":false},"featured_media":0,"template":"","meta":{"_monsterinsights_skip_tracking":false,"_monsterinsights_sitenote_active":false,"_monsterinsights_sitenote_note":"","_monsterinsights_sitenote_category":0},"product_brand":[],"product_cat":[13946,12304],"product_tag":[],"class_list":{"0":"post-721527","1":"product","2":"type-product","3":"status-publish","5":"product_cat-biyografi-otobiyografi","6":"product_cat-tarih","7":"pa_cilt-ciltsiz","8":"pa_tur-kitap","9":"pa_yayinevi-parola-yayinlari","10":"pa_yazar-turan-tektas","12":"first","13":"instock","14":"sale","15":"shipping-taxable","16":"purchasable","17":"product-type-simple"},"_links":{"self":[{"href":"https:\/\/roveyayinevi.com.tr\/index.php\/wp-json\/wp\/v2\/product\/721527","targetHints":{"allow":["GET"]}}],"collection":[{"href":"https:\/\/roveyayinevi.com.tr\/index.php\/wp-json\/wp\/v2\/product"}],"about":[{"href":"https:\/\/roveyayinevi.com.tr\/index.php\/wp-json\/wp\/v2\/types\/product"}],"wp:attachment":[{"href":"https:\/\/roveyayinevi.com.tr\/index.php\/wp-json\/wp\/v2\/media?parent=721527"}],"wp:term":[{"taxonomy":"product_brand","embeddable":true,"href":"https:\/\/roveyayinevi.com.tr\/index.php\/wp-json\/wp\/v2\/product_brand?post=721527"},{"taxonomy":"product_cat","embeddable":true,"href":"https:\/\/roveyayinevi.com.tr\/index.php\/wp-json\/wp\/v2\/product_cat?post=721527"},{"taxonomy":"product_tag","embeddable":true,"href":"https:\/\/roveyayinevi.com.tr\/index.php\/wp-json\/wp\/v2\/product_tag?post=721527"}],"curies":[{"name":"wp","href":"https:\/\/api.w.org\/{rel}","templated":true}]}}