{"id":721526,"date":"2025-08-27T18:51:26","date_gmt":"2025-08-27T15:51:26","guid":{"rendered":"https:\/\/roveyayinevi.com.tr\/index.php\/urun\/michael-faraday-bilimin-onculeri\/"},"modified":"2026-04-16T02:29:24","modified_gmt":"2026-04-15T23:29:24","slug":"michael-faraday-bilimin-onculeri","status":"publish","type":"product","link":"https:\/\/roveyayinevi.com.tr\/index.php\/urun\/michael-faraday-bilimin-onculeri\/","title":{"rendered":"Michael Faraday &#8211; Bilimin \u00d6nc\u00fcleri"},"content":{"rendered":"<p>Bilim \u00e7evrelerinde pek rastlanmayan bir h\u0131zla \u00fcn kazanan Faraday, 1823\u2019te Kraliyet Bilim Akademisi \u00fcyeli\u011fine se\u00e7ilir; bir y\u0131l sonra da \u00e7al\u0131\u015ft\u0131\u011f\u0131 enstit\u00fcde laboratuvar direkt\u00f6rl\u00fc\u011f\u00fcne atan\u0131r.Faraday enstit\u00fcn\u00fcn ba\u015f\u0131na ge\u00e7tikten sonra da deneylerini s\u00fcrd\u00fcrmekten geri kalmaz; \u201cFaraday yasalar\u0131\u201d diye bilinen ili\u015fkileri ortaya koyar. Bunlardan en \u00f6nemlisi, bir maddeden ge\u00e7en elektrik miktar\u0131yla o maddeden ayr\u0131lan bile\u015fenlerin miktar\u0131 aras\u0131ndaki ili\u015fkidir. Bunun ortaya koydu\u011fu bir sonu\u00e7 atomlar\u0131n yaln\u0131zca belli miktarlarda elektrikle ba\u011f\u0131nt\u0131l\u0131 oldu\u011fu olay\u0131d\u0131r ki, bilimsel a\u00e7\u0131klamas\u0131 ancak y\u00fczy\u0131l\u0131m\u0131z\u0131n ba\u015f\u0131nda Rutherford\u2019un atomun yap\u0131s\u0131n\u0131 belirlemesiyle verilebilmi\u015ftir.Faraday elektro-kimya alan\u0131ndaki \u00e7al\u0131\u015fmas\u0131yla yetinseydi bile bilim tarihinde \u00f6nemli bir yeri olacakt\u0131. Ama onu bilime y\u00f6n verenler aras\u0131na sokan as\u0131l ba\u015far\u0131s\u0131 elektromanyetik konusundaki bulu\u015flar\u0131d\u0131r.<\/p>\n","protected":false},"excerpt":{"rendered":"<p>Bilim \u00e7evrelerinde pek rastlanmayan bir h\u0131zla \u00fcn kazanan Faraday, 1823\u2019te Kraliyet Bilim Akademisi \u00fcyeli\u011fine se\u00e7ilir; bir y\u0131l sonra da \u00e7al\u0131\u015ft\u0131\u011f\u0131 enstit\u00fcde laboratuvar direkt\u00f6rl\u00fc\u011f\u00fcne atan\u0131r.Faraday enstit\u00fcn\u00fcn ba\u015f\u0131na<span class=\"excerpt-hellip\"> [\u2026]<\/span><\/p>\n","protected":false},"featured_media":0,"template":"","meta":{"_monsterinsights_skip_tracking":false,"_monsterinsights_sitenote_active":false,"_monsterinsights_sitenote_note":"","_monsterinsights_sitenote_category":0},"product_brand":[],"product_cat":[13946,12304],"product_tag":[],"class_list":{"0":"post-721526","1":"product","2":"type-product","3":"status-publish","5":"product_cat-biyografi-otobiyografi","6":"product_cat-tarih","7":"pa_cilt-ciltsiz","8":"pa_tur-kitap","9":"pa_yayinevi-parola-yayinlari","10":"pa_yazar-turan-tektas","12":"first","13":"instock","14":"sale","15":"shipping-taxable","16":"purchasable","17":"product-type-simple"},"_links":{"self":[{"href":"https:\/\/roveyayinevi.com.tr\/index.php\/wp-json\/wp\/v2\/product\/721526","targetHints":{"allow":["GET"]}}],"collection":[{"href":"https:\/\/roveyayinevi.com.tr\/index.php\/wp-json\/wp\/v2\/product"}],"about":[{"href":"https:\/\/roveyayinevi.com.tr\/index.php\/wp-json\/wp\/v2\/types\/product"}],"wp:attachment":[{"href":"https:\/\/roveyayinevi.com.tr\/index.php\/wp-json\/wp\/v2\/media?parent=721526"}],"wp:term":[{"taxonomy":"product_brand","embeddable":true,"href":"https:\/\/roveyayinevi.com.tr\/index.php\/wp-json\/wp\/v2\/product_brand?post=721526"},{"taxonomy":"product_cat","embeddable":true,"href":"https:\/\/roveyayinevi.com.tr\/index.php\/wp-json\/wp\/v2\/product_cat?post=721526"},{"taxonomy":"product_tag","embeddable":true,"href":"https:\/\/roveyayinevi.com.tr\/index.php\/wp-json\/wp\/v2\/product_tag?post=721526"}],"curies":[{"name":"wp","href":"https:\/\/api.w.org\/{rel}","templated":true}]}}