{"id":721524,"date":"2025-08-27T18:51:25","date_gmt":"2025-08-27T15:51:25","guid":{"rendered":"https:\/\/roveyayinevi.com.tr\/index.php\/urun\/werner-heisenberg-bilimin-onculeri\/"},"modified":"2026-04-16T02:29:24","modified_gmt":"2026-04-15T23:29:24","slug":"werner-heisenberg-bilimin-onculeri","status":"publish","type":"product","link":"https:\/\/roveyayinevi.com.tr\/index.php\/urun\/werner-heisenberg-bilimin-onculeri\/","title":{"rendered":"Werner Heisenberg &#8211; Bilimin \u00d6nc\u00fcleri"},"content":{"rendered":"<p>Bilim tarihinde y\u00fczy\u0131l\u0131m\u0131z\u0131n ilk \u00e7eyre\u011fi devrimsel at\u0131l\u0131mlar\u0131n birbirini izledi\u011fi f\u0131rt\u0131nal\u0131 bir d\u00f6nemdir. Planck\u2019\u0131n kuantum, Einstein\u2019\u0131n relativite kuramlar\u0131, Rutherford\u2019un atom modeli bu at\u0131l\u0131mlar\u0131n ba\u015fl\u0131calar\u0131d\u0131r. Bohr\u2019un 1913\u2019de ortaya koydu\u011fu kuantum atom modeli 1920\u2019lerde \u00f6zellikle gen\u00e7 fizik\u00e7ilerin ilgi oda\u011f\u0131 olmu\u015ftu. Ne var ki, bu model sorunsald\u0131; \u00f6nemli kimi noktalara \u0131\u015f\u0131k tutmakla birlikte yeterince belirgin ve tutarl\u0131 olmaktan uzakt\u0131. \u00dcstelik Bohr\u2019un \u201ckuantum y\u00f6r\u00fcngeleri\u201d dedi\u011fi \u015fey i\u00e7in ortada deneysel kan\u0131t da yoktu. Elektronlar\u0131n \u00e7ekirdek \u00e7evresinde d\u00f6nd\u00fc\u011f\u00fc, g\u00fcne\u015f sistemine bir benzetme olmakla kalan bir varsay\u0131md\u0131. Modeli kimi y\u00f6nleriyle yetersiz bulan gen\u00e7 fizik\u00e7ilerin ba\u015f\u0131nda De Broglie, Pauli, Heisenberg, Schr\u00f6dinger ve Dirac gibi \u00e7al\u0131\u015fmalar\u0131yla daha sonra \u00fcnlenen se\u00e7kin adlar vard\u0131. Bunlar aras\u0131nda en b\u00fcy\u00fck at\u0131l\u0131m\u0131n Heisenberg\u2019den geldi\u011fi s\u00f6ylenebilir.Heisenberg yirmi d\u00f6rt ya\u015f\u0131nda iken olu\u015fturdu\u011fu matris mekanik ve kendi ad\u0131yla bilinen belirsizlik ilkesiyle atom fizi\u011fine yeni bir kimlik kazand\u0131r\u0131r, 1932\u2019de Nobel \u00d6d\u00fcl\u00fcn\u00fc al\u0131r.<\/p>\n","protected":false},"excerpt":{"rendered":"<p>Bilim tarihinde y\u00fczy\u0131l\u0131m\u0131z\u0131n ilk \u00e7eyre\u011fi devrimsel at\u0131l\u0131mlar\u0131n birbirini izledi\u011fi f\u0131rt\u0131nal\u0131 bir d\u00f6nemdir. Planck\u2019\u0131n kuantum, Einstein\u2019\u0131n relativite kuramlar\u0131, Rutherford\u2019un atom modeli bu at\u0131l\u0131mlar\u0131n ba\u015fl\u0131calar\u0131d\u0131r. Bohr\u2019un 1913\u2019de ortaya<span class=\"excerpt-hellip\"> [\u2026]<\/span><\/p>\n","protected":false},"featured_media":0,"template":"","meta":{"_monsterinsights_skip_tracking":false,"_monsterinsights_sitenote_active":false,"_monsterinsights_sitenote_note":"","_monsterinsights_sitenote_category":0},"product_brand":[],"product_cat":[13946,12304],"product_tag":[],"class_list":{"0":"post-721524","1":"product","2":"type-product","3":"status-publish","5":"product_cat-biyografi-otobiyografi","6":"product_cat-tarih","7":"pa_cilt-ciltsiz","8":"pa_tur-kitap","9":"pa_yayinevi-parola-yayinlari","10":"pa_yazar-turan-tektas","12":"first","13":"instock","14":"sale","15":"shipping-taxable","16":"purchasable","17":"product-type-simple"},"_links":{"self":[{"href":"https:\/\/roveyayinevi.com.tr\/index.php\/wp-json\/wp\/v2\/product\/721524","targetHints":{"allow":["GET"]}}],"collection":[{"href":"https:\/\/roveyayinevi.com.tr\/index.php\/wp-json\/wp\/v2\/product"}],"about":[{"href":"https:\/\/roveyayinevi.com.tr\/index.php\/wp-json\/wp\/v2\/types\/product"}],"wp:attachment":[{"href":"https:\/\/roveyayinevi.com.tr\/index.php\/wp-json\/wp\/v2\/media?parent=721524"}],"wp:term":[{"taxonomy":"product_brand","embeddable":true,"href":"https:\/\/roveyayinevi.com.tr\/index.php\/wp-json\/wp\/v2\/product_brand?post=721524"},{"taxonomy":"product_cat","embeddable":true,"href":"https:\/\/roveyayinevi.com.tr\/index.php\/wp-json\/wp\/v2\/product_cat?post=721524"},{"taxonomy":"product_tag","embeddable":true,"href":"https:\/\/roveyayinevi.com.tr\/index.php\/wp-json\/wp\/v2\/product_tag?post=721524"}],"curies":[{"name":"wp","href":"https:\/\/api.w.org\/{rel}","templated":true}]}}