{"id":721523,"date":"2025-08-27T18:51:24","date_gmt":"2025-08-27T15:51:24","guid":{"rendered":"https:\/\/roveyayinevi.com.tr\/index.php\/urun\/johannes-kepler-bilimin-onculeri\/"},"modified":"2026-04-16T02:29:24","modified_gmt":"2026-04-15T23:29:24","slug":"johannes-kepler-bilimin-onculeri","status":"publish","type":"product","link":"https:\/\/roveyayinevi.com.tr\/index.php\/urun\/johannes-kepler-bilimin-onculeri\/","title":{"rendered":"Johannes Kepler &#8211; Bilimin \u00d6nc\u00fcleri"},"content":{"rendered":"<p>Newton, Daha ileriyi g\u00f6rebildiysem, bunu omuzlar\u0131ndan bakt\u0131\u011f\u0131m devlere bor\u00e7luyum, demi\u015fti. Bu devlerden biri Galileo ise di\u011feri Kepler\u2019dir.Kepler\u2019e gelinceye dek Kopernik sistemine dayanaks\u0131z bir hipotez, ya da, i\u015fe yarar matematiksel bir ara\u00e7 g\u00f6z\u00fcyle bak\u0131l\u0131yordu. Kepler, sistemin kimi d\u00fczeltmelerle bilimsel do\u011frulu\u011funu kan\u0131tlamakla kalmad\u0131, astronomiye mekanik bir kimlik kazand\u0131rd\u0131.Gen\u00e7lik co\u015fkusuyla i\u015fe koyuldu\u011funda amac\u0131 mistik inanc\u0131 do\u011frultusunda, g\u00f6ksel alemin m\u00fczikal uyumunu geometrik olarak belirlemekti; \u00e7al\u0131\u015fmas\u0131n\u0131 noktalad\u0131\u011f\u0131nda, astronomi matematiksel d\u00fczenlemenin \u00f6tesinde fiziksel bir ger\u00e7eklik kazanm\u0131\u015ft\u0131.Ders kitaplar\u0131nda daha \u00e7ok \u00fc\u00e7 yasas\u0131yla bilinen Kepler, uzay fizi\u011finde sonraki kimi \u00f6nemli bulu\u015flar\u0131n ipu\u00e7lar\u0131n\u0131 da ortaya koymu\u015ftu. Bunlar\u0131n ba\u015f\u0131nda eylemsizlik ilkesiyle \u00e7ekim kavram\u0131 g\u00f6sterilebilir.17. Y\u00fczy\u0131l\u0131n bilimsel devriminde, Astronoma Nova, Harmonik Mundi ve Kopernik Astronomi \u00d6zeti adl\u0131 \u00e7al\u0131\u015fmalar\u0131na ba\u011fl\u0131 olarak, \u015fahsen ortaya \u00e7\u0131kard\u0131\u011f\u0131 Kepler&#8217;in gezegensel hareket yasalar\u0131 ile tan\u0131n\u0131r.<\/p>\n","protected":false},"excerpt":{"rendered":"<p>Newton, Daha ileriyi g\u00f6rebildiysem, bunu omuzlar\u0131ndan bakt\u0131\u011f\u0131m devlere bor\u00e7luyum, demi\u015fti. Bu devlerden biri Galileo ise di\u011feri Kepler\u2019dir.Kepler\u2019e gelinceye dek Kopernik sistemine dayanaks\u0131z bir hipotez, ya da,<span class=\"excerpt-hellip\"> [\u2026]<\/span><\/p>\n","protected":false},"featured_media":0,"template":"","meta":{"_monsterinsights_skip_tracking":false,"_monsterinsights_sitenote_active":false,"_monsterinsights_sitenote_note":"","_monsterinsights_sitenote_category":0},"product_brand":[],"product_cat":[13946,12304],"product_tag":[],"class_list":{"0":"post-721523","1":"product","2":"type-product","3":"status-publish","5":"product_cat-biyografi-otobiyografi","6":"product_cat-tarih","7":"pa_cilt-ciltsiz","8":"pa_tur-kitap","9":"pa_yayinevi-parola-yayinlari","10":"pa_yazar-turan-tektas","12":"first","13":"instock","14":"sale","15":"shipping-taxable","16":"purchasable","17":"product-type-simple"},"_links":{"self":[{"href":"https:\/\/roveyayinevi.com.tr\/index.php\/wp-json\/wp\/v2\/product\/721523","targetHints":{"allow":["GET"]}}],"collection":[{"href":"https:\/\/roveyayinevi.com.tr\/index.php\/wp-json\/wp\/v2\/product"}],"about":[{"href":"https:\/\/roveyayinevi.com.tr\/index.php\/wp-json\/wp\/v2\/types\/product"}],"wp:attachment":[{"href":"https:\/\/roveyayinevi.com.tr\/index.php\/wp-json\/wp\/v2\/media?parent=721523"}],"wp:term":[{"taxonomy":"product_brand","embeddable":true,"href":"https:\/\/roveyayinevi.com.tr\/index.php\/wp-json\/wp\/v2\/product_brand?post=721523"},{"taxonomy":"product_cat","embeddable":true,"href":"https:\/\/roveyayinevi.com.tr\/index.php\/wp-json\/wp\/v2\/product_cat?post=721523"},{"taxonomy":"product_tag","embeddable":true,"href":"https:\/\/roveyayinevi.com.tr\/index.php\/wp-json\/wp\/v2\/product_tag?post=721523"}],"curies":[{"name":"wp","href":"https:\/\/api.w.org\/{rel}","templated":true}]}}