{"id":721522,"date":"2025-08-27T18:51:24","date_gmt":"2025-08-27T15:51:24","guid":{"rendered":"https:\/\/roveyayinevi.com.tr\/index.php\/urun\/ogrenme-kartlari-cikarma\/"},"modified":"2026-04-16T02:29:24","modified_gmt":"2026-04-15T23:29:24","slug":"ogrenme-kartlari-cikarma","status":"publish","type":"product","link":"https:\/\/roveyayinevi.com.tr\/index.php\/urun\/ogrenme-kartlari-cikarma\/","title":{"rendered":"\u00d6\u011frenme Kartlar\u0131 &#8211; \u00c7\u0131karma"},"content":{"rendered":"<p>\u00dcr\u00fcn Tan\u0131t\u0131m Yaz\u0131s\u0131 :10\u2019a Kadar T\u00fcm \u0130\u015flemler\u00c7\u0131karma ustas\u0131 olman\u0131n e\u011flenceli yolu!Bu set 0-0&#8217;dan 10-10&#8217;ye kadar t\u00fcm say\u0131lar\u0131 i\u00e7eriyor.Bu tip oyunlar\u0131 oynayarak hem s\u0131navlar\u0131n\u0131za \u00e7al\u0131\u015facak hem de yeteneklerinizi geli\u015ftireceksiniz.Say\u0131 G\u00f6sterHer bir karttaki toplama i\u015flemini \u00e7\u00f6z\u00fcn, cevab\u0131n\u0131z\u0131 kontrol edin. Ard\u0131ndan &#8220;pratik gerekli&#8221; dedi\u011finiz kartlar\u0131 tek bir y\u0131\u011f\u0131n h\u00e2linde koyun ve a\u015fa\u011f\u0131daki oyunlar\u0131 oynamak i\u00e7in kullan\u0131n.E\u011flenceli BilgiKartlar\u0131 kar\u0131\u015ft\u0131r\u0131n ve cevap taraf\u0131 a\u015fa\u011f\u0131 bakacak \u015fekilde kartlar\u0131 da\u011f\u0131t\u0131n. Her oyuncu kendi kartlar\u0131ndaki \u00c7\u0131karma i\u015flemlerini \u00e7\u00f6zer ve cevaplar\u0131 k\u00e2\u011f\u0131da yazar. Sonra her oyuncu t\u00fcm cevaplar\u0131n toplam\u0131n\u0131 bulur. En y\u00fcksek puan\u0131 alan kazan\u0131r!S\u0131ral\u0131 BilgilerKartlar da\u011f\u0131t\u0131ld\u0131ktan sonra, her oyuncu kartlar\u0131 cevaplar\u0131n say\u0131sal de\u011ferine g\u00f6re s\u0131ralar. Do\u011fru yap\u0131p yapmad\u0131\u011f\u0131n\u0131 g\u00f6rmek i\u00e7in kartlar\u0131 ters \u00e7evirir.Kendi \u00d6\u011frenme Kart\u0131 oyununuzu olu\u015fturun!<\/p>\n","protected":false},"excerpt":{"rendered":"<p>\u00dcr\u00fcn Tan\u0131t\u0131m Yaz\u0131s\u0131 :10\u2019a Kadar T\u00fcm \u0130\u015flemler\u00c7\u0131karma ustas\u0131 olman\u0131n e\u011flenceli yolu!Bu set 0-0&#8217;dan 10-10&#8217;ye kadar t\u00fcm say\u0131lar\u0131 i\u00e7eriyor.Bu tip oyunlar\u0131 oynayarak hem s\u0131navlar\u0131n\u0131za \u00e7al\u0131\u015facak hem de<span class=\"excerpt-hellip\"> [\u2026]<\/span><\/p>\n","protected":false},"featured_media":0,"template":"","meta":{"_monsterinsights_skip_tracking":false,"_monsterinsights_sitenote_active":false,"_monsterinsights_sitenote_note":"","_monsterinsights_sitenote_category":0},"product_brand":[],"product_cat":[12274,24599],"product_tag":[],"class_list":{"0":"post-721522","1":"product","2":"type-product","3":"status-publish","5":"product_cat-cocuk-ve-genclik-kitaplari","6":"product_cat-zeka-gelisimi","7":"pa_cilt-ciltsiz","8":"pa_tur-kitap","9":"pa_yayinevi-marti-cocuk-yayinlari","10":"pa_yazar-kolektif","12":"first","13":"instock","14":"sale","15":"shipping-taxable","16":"purchasable","17":"product-type-simple"},"_links":{"self":[{"href":"https:\/\/roveyayinevi.com.tr\/index.php\/wp-json\/wp\/v2\/product\/721522","targetHints":{"allow":["GET"]}}],"collection":[{"href":"https:\/\/roveyayinevi.com.tr\/index.php\/wp-json\/wp\/v2\/product"}],"about":[{"href":"https:\/\/roveyayinevi.com.tr\/index.php\/wp-json\/wp\/v2\/types\/product"}],"wp:attachment":[{"href":"https:\/\/roveyayinevi.com.tr\/index.php\/wp-json\/wp\/v2\/media?parent=721522"}],"wp:term":[{"taxonomy":"product_brand","embeddable":true,"href":"https:\/\/roveyayinevi.com.tr\/index.php\/wp-json\/wp\/v2\/product_brand?post=721522"},{"taxonomy":"product_cat","embeddable":true,"href":"https:\/\/roveyayinevi.com.tr\/index.php\/wp-json\/wp\/v2\/product_cat?post=721522"},{"taxonomy":"product_tag","embeddable":true,"href":"https:\/\/roveyayinevi.com.tr\/index.php\/wp-json\/wp\/v2\/product_tag?post=721522"}],"curies":[{"name":"wp","href":"https:\/\/api.w.org\/{rel}","templated":true}]}}