{"id":721521,"date":"2025-08-27T18:51:23","date_gmt":"2025-08-27T15:51:23","guid":{"rendered":"https:\/\/roveyayinevi.com.tr\/index.php\/urun\/wright-kardesler-bilimin-onculeri\/"},"modified":"2026-04-16T02:29:24","modified_gmt":"2026-04-15T23:29:24","slug":"wright-kardesler-bilimin-onculeri","status":"publish","type":"product","link":"https:\/\/roveyayinevi.com.tr\/index.php\/urun\/wright-kardesler-bilimin-onculeri\/","title":{"rendered":"Wright Karde\u015fler &#8211; Bilimin \u00d6nc\u00fcleri"},"content":{"rendered":"<p>Wright karde\u015flerin yarat\u0131c\u0131 karakterlerini besleyen \u00f6nemli kaynaklardan biri de aralar\u0131ndaki ili\u015fkiydi. \u0130ki karde\u015f aras\u0131nda ya\u015fanabilecek s\u0131k\u0131 bir ili\u015fkinin yarat\u0131c\u0131l\u0131kla ne gibi ili\u015fkisi olabilir ya da bu ili\u015fki bizlere nas\u0131l rehberlik edebilir? Wilbur\u2019un 1912\u2019deki s\u00f6zleri, aralar\u0131ndaki payla\u015f\u0131m\u0131n ve diyalogun \u00fcretimleri \u00fczerindeki etkisini a\u00e7\u0131k\u00e7a g\u00f6zler \u00f6n\u00fcne seriyor. \u201cK\u00fc\u00e7\u00fck bir \u00e7ocuk oldu\u011fumuz zamanlardan beri karde\u015fim Orville ve ben birlikte ya\u015fad\u0131k. Oyuncaklar\u0131m\u0131z genellikle ortakt\u0131, d\u00fc\u015f\u00fcncelerimiz ve isteklerimiz hakk\u0131nda konu\u015furduk. Bu y\u00fczden ya\u015fam\u0131m\u0131zda yapt\u0131\u011f\u0131m\u0131z neredeyse her \u015fey aram\u0131zda ge\u00e7en konu\u015fmalar\u0131n, \u00f6nerilerin ve tart\u0131\u015fmalar\u0131n sonucudur\u201d. Bu s\u00f6zlere dayanarak karde\u015fler aras\u0131nda hi\u00e7 \u00e7at\u0131\u015fma \u00e7\u0131kmad\u0131\u011f\u0131n\u0131 ya da aralar\u0131ndaki ili\u015fkinin her zaman i\u00e7in sorunsuz oldu\u011funu varsaymak do\u011fru olmayabilir.Yine de hedeflerine giderken hi\u00e7 ayr\u0131lmam\u0131\u015f olmamalar\u0131na bakarak ili\u015fkilerindeki problemleri her zaman yap\u0131c\u0131 bi\u00e7imde ele almak gibi bir tutuma sahip olduklar\u0131 d\u00fc\u015f\u00fcn\u00fclebiliriz. Ayr\u0131ca Wright Karde\u015flerin bilinen ya\u015fam \u00f6yk\u00fcs\u00fc, aralar\u0131ndaki rollerin iyi payla\u015f\u0131ld\u0131\u011f\u0131n\u0131, do\u011facak bir rekabetin de hi\u00e7bir zaman ili\u015fkiyi zedeleyecek boyuta ula\u015fmad\u0131\u011f\u0131n\u0131 d\u00fc\u015f\u00fcnd\u00fcrecek bilgilerle doludur.<\/p>\n","protected":false},"excerpt":{"rendered":"<p>Wright karde\u015flerin yarat\u0131c\u0131 karakterlerini besleyen \u00f6nemli kaynaklardan biri de aralar\u0131ndaki ili\u015fkiydi. \u0130ki karde\u015f aras\u0131nda ya\u015fanabilecek s\u0131k\u0131 bir ili\u015fkinin yarat\u0131c\u0131l\u0131kla ne gibi ili\u015fkisi olabilir ya da bu<span class=\"excerpt-hellip\"> [\u2026]<\/span><\/p>\n","protected":false},"featured_media":0,"template":"","meta":{"_monsterinsights_skip_tracking":false,"_monsterinsights_sitenote_active":false,"_monsterinsights_sitenote_note":"","_monsterinsights_sitenote_category":0},"product_brand":[],"product_cat":[13946,12304],"product_tag":[],"class_list":{"0":"post-721521","1":"product","2":"type-product","3":"status-publish","5":"product_cat-biyografi-otobiyografi","6":"product_cat-tarih","7":"pa_cilt-ciltsiz","8":"pa_tur-kitap","9":"pa_yayinevi-parola-yayinlari","10":"pa_yazar-turan-tektas","12":"first","13":"instock","14":"sale","15":"shipping-taxable","16":"purchasable","17":"product-type-simple"},"_links":{"self":[{"href":"https:\/\/roveyayinevi.com.tr\/index.php\/wp-json\/wp\/v2\/product\/721521","targetHints":{"allow":["GET"]}}],"collection":[{"href":"https:\/\/roveyayinevi.com.tr\/index.php\/wp-json\/wp\/v2\/product"}],"about":[{"href":"https:\/\/roveyayinevi.com.tr\/index.php\/wp-json\/wp\/v2\/types\/product"}],"wp:attachment":[{"href":"https:\/\/roveyayinevi.com.tr\/index.php\/wp-json\/wp\/v2\/media?parent=721521"}],"wp:term":[{"taxonomy":"product_brand","embeddable":true,"href":"https:\/\/roveyayinevi.com.tr\/index.php\/wp-json\/wp\/v2\/product_brand?post=721521"},{"taxonomy":"product_cat","embeddable":true,"href":"https:\/\/roveyayinevi.com.tr\/index.php\/wp-json\/wp\/v2\/product_cat?post=721521"},{"taxonomy":"product_tag","embeddable":true,"href":"https:\/\/roveyayinevi.com.tr\/index.php\/wp-json\/wp\/v2\/product_tag?post=721521"}],"curies":[{"name":"wp","href":"https:\/\/api.w.org\/{rel}","templated":true}]}}