{"id":721520,"date":"2025-08-27T18:51:22","date_gmt":"2025-08-27T15:51:22","guid":{"rendered":"https:\/\/roveyayinevi.com.tr\/index.php\/urun\/sirali-bagimli-degiskenli-modeller-kavram-ve-uygulamalar\/"},"modified":"2026-04-16T02:29:24","modified_gmt":"2026-04-15T23:29:24","slug":"sirali-bagimli-degiskenli-modeller-kavram-ve-uygulamalar","status":"publish","type":"product","link":"https:\/\/roveyayinevi.com.tr\/index.php\/urun\/sirali-bagimli-degiskenli-modeller-kavram-ve-uygulamalar\/","title":{"rendered":"S\u0131ral\u0131 Ba\u011f\u0131ml\u0131 De\u011fi\u015fkenli Modeller Kavram ve Uygulamalar"},"content":{"rendered":"<p>\u0130\u00c7\u0130NDEK\u0130LER Tablolar Dizini Grafikler Dizini Kategorik De\u011fi\u015fkenler S\u0131ral\u0131 Ba\u011f\u0131ml\u0131 De\u011fi\u015fkenli Modeller Modellerin De\u011ferlendirilmesi Model Kar\u015f\u0131la\u015ft\u0131rmalar\u0131<\/p>\n","protected":false},"excerpt":{"rendered":"<p>\u0130\u00c7\u0130NDEK\u0130LER Tablolar Dizini Grafikler Dizini Kategorik De\u011fi\u015fkenler S\u0131ral\u0131 Ba\u011f\u0131ml\u0131 De\u011fi\u015fkenli Modeller Modellerin De\u011ferlendirilmesi Model Kar\u015f\u0131la\u015ft\u0131rmalar\u0131<\/p>\n","protected":false},"featured_media":0,"template":"","meta":{"_monsterinsights_skip_tracking":false,"_monsterinsights_sitenote_active":false,"_monsterinsights_sitenote_note":"","_monsterinsights_sitenote_category":0},"product_brand":[],"product_cat":[20333,13043],"product_tag":[],"class_list":{"0":"post-721520","1":"product","2":"type-product","3":"status-publish","5":"product_cat-diger-ekonomi","6":"product_cat-ekonomi","7":"pa_cilt-ciltsiz","8":"pa_tur-kitap","9":"pa_yayinevi-gazi-kitabevi","10":"pa_yazar-sureyya-dal","12":"first","13":"instock","14":"sale","15":"shipping-taxable","16":"purchasable","17":"product-type-simple"},"_links":{"self":[{"href":"https:\/\/roveyayinevi.com.tr\/index.php\/wp-json\/wp\/v2\/product\/721520","targetHints":{"allow":["GET"]}}],"collection":[{"href":"https:\/\/roveyayinevi.com.tr\/index.php\/wp-json\/wp\/v2\/product"}],"about":[{"href":"https:\/\/roveyayinevi.com.tr\/index.php\/wp-json\/wp\/v2\/types\/product"}],"wp:attachment":[{"href":"https:\/\/roveyayinevi.com.tr\/index.php\/wp-json\/wp\/v2\/media?parent=721520"}],"wp:term":[{"taxonomy":"product_brand","embeddable":true,"href":"https:\/\/roveyayinevi.com.tr\/index.php\/wp-json\/wp\/v2\/product_brand?post=721520"},{"taxonomy":"product_cat","embeddable":true,"href":"https:\/\/roveyayinevi.com.tr\/index.php\/wp-json\/wp\/v2\/product_cat?post=721520"},{"taxonomy":"product_tag","embeddable":true,"href":"https:\/\/roveyayinevi.com.tr\/index.php\/wp-json\/wp\/v2\/product_tag?post=721520"}],"curies":[{"name":"wp","href":"https:\/\/api.w.org\/{rel}","templated":true}]}}