{"id":721519,"date":"2025-08-27T18:51:22","date_gmt":"2025-08-27T15:51:22","guid":{"rendered":"https:\/\/roveyayinevi.com.tr\/index.php\/urun\/behcet-hoca\/"},"modified":"2026-04-11T13:48:10","modified_gmt":"2026-04-11T10:48:10","slug":"behcet-hoca","status":"publish","type":"product","link":"https:\/\/roveyayinevi.com.tr\/index.php\/urun\/behcet-hoca\/","title":{"rendered":"Beh\u00e7et Hoca"},"content":{"rendered":"<p>Sanki d\u00fc\u011f\u00fcn olmu\u015fturSevmi\u015f, sevilmi\u015f, yenmi\u015f, yenilmi\u015f\u00c7ekmi\u015f, \u00e7ektirmi\u015fOyun h\u00fcz\u00fcn olmu\u015ftur. D\u00fc\u015ft\u00fcr do\u011fald\u0131r i\u00e7lenmeBezginlik g\u00f6llerinde bir geceKaranl\u0131kta senin deY\u00fczd\u00fc\u011f\u00fcn olmu\u015ftur. Ay pe\u015findeBitkin ak\u015famlar nikotinD\u00fc\u015fer bir g\u00fcn giyotinAks\u00e2deler giyindi\u011fin olmu\u015ftur. S\u00fcleyman ve Sab\u00e2, h\u00fcth\u00fct ve BelkisS\u00f6ylerdi sorsayd\u0131k, ge\u00e7 git, bunlar &#8211; -Necatigil yok \u015fimdiBelki bir g\u00fcn olmu\u015ftur.<\/p>\n","protected":false},"excerpt":{"rendered":"<p>Sanki d\u00fc\u011f\u00fcn olmu\u015fturSevmi\u015f, sevilmi\u015f, yenmi\u015f, yenilmi\u015f\u00c7ekmi\u015f, \u00e7ektirmi\u015fOyun h\u00fcz\u00fcn olmu\u015ftur. D\u00fc\u015ft\u00fcr do\u011fald\u0131r i\u00e7lenmeBezginlik g\u00f6llerinde bir geceKaranl\u0131kta senin deY\u00fczd\u00fc\u011f\u00fcn olmu\u015ftur. Ay pe\u015findeBitkin ak\u015famlar nikotinD\u00fc\u015fer bir g\u00fcn giyotinAks\u00e2deler giyindi\u011fin<span class=\"excerpt-hellip\"> [\u2026]<\/span><\/p>\n","protected":false},"featured_media":0,"template":"","meta":{"_monsterinsights_skip_tracking":false,"_monsterinsights_sitenote_active":false,"_monsterinsights_sitenote_note":"","_monsterinsights_sitenote_category":0},"product_brand":[],"product_cat":[14009,12291],"product_tag":[],"class_list":{"0":"post-721519","1":"product","2":"type-product","3":"status-publish","5":"product_cat-biyografi-otobiyografi-edebiyat","6":"product_cat-edebiyat","7":"pa_cilt-ciltsiz","8":"pa_tur-kitap","9":"pa_yayinevi-everest-yayinlari","10":"pa_yazar-hilmi-yavuz","12":"first","13":"instock","14":"sale","15":"shipping-taxable","16":"purchasable","17":"product-type-simple"},"_links":{"self":[{"href":"https:\/\/roveyayinevi.com.tr\/index.php\/wp-json\/wp\/v2\/product\/721519","targetHints":{"allow":["GET"]}}],"collection":[{"href":"https:\/\/roveyayinevi.com.tr\/index.php\/wp-json\/wp\/v2\/product"}],"about":[{"href":"https:\/\/roveyayinevi.com.tr\/index.php\/wp-json\/wp\/v2\/types\/product"}],"wp:attachment":[{"href":"https:\/\/roveyayinevi.com.tr\/index.php\/wp-json\/wp\/v2\/media?parent=721519"}],"wp:term":[{"taxonomy":"product_brand","embeddable":true,"href":"https:\/\/roveyayinevi.com.tr\/index.php\/wp-json\/wp\/v2\/product_brand?post=721519"},{"taxonomy":"product_cat","embeddable":true,"href":"https:\/\/roveyayinevi.com.tr\/index.php\/wp-json\/wp\/v2\/product_cat?post=721519"},{"taxonomy":"product_tag","embeddable":true,"href":"https:\/\/roveyayinevi.com.tr\/index.php\/wp-json\/wp\/v2\/product_tag?post=721519"}],"curies":[{"name":"wp","href":"https:\/\/api.w.org\/{rel}","templated":true}]}}