{"id":721518,"date":"2025-08-27T18:51:21","date_gmt":"2025-08-27T15:51:21","guid":{"rendered":"https:\/\/roveyayinevi.com.tr\/index.php\/urun\/gumruk-vergileri\/"},"modified":"2026-02-03T02:43:55","modified_gmt":"2026-02-02T23:43:55","slug":"gumruk-vergileri","status":"publish","type":"product","link":"https:\/\/roveyayinevi.com.tr\/index.php\/urun\/gumruk-vergileri\/","title":{"rendered":"G\u00fcmr\u00fck Vergileri"},"content":{"rendered":"<p>Elinizdeki bu kitapta b\u00fct\u00fcnc\u00fcl bir anlay\u0131\u015f, kavramsal bir bak\u0131\u015f a\u00e7\u0131s\u0131 \u00f6ne \u00e7\u0131kar\u0131lm\u0131\u015f, \u201ci\u015fin temel mant\u0131\u011f\u0131\u201d aktar\u0131lmaya \u00e7al\u0131\u015f\u0131lm\u0131\u015ft\u0131r. Yaln\u0131zca mevzuat\u0131n aktar\u0131lmas\u0131 yerine \u00f6ze ili\u015fkin bilgilere yer verilmi\u015ftir. Bu sebeple da kitab\u0131 isimlendirirken \u201cHer g\u00fcmr\u00fck\u00e7\u00fcn\u00fcn bilmesi gerekenler\u2026\u201d \u015feklinde bir isimlendirme yapmay\u0131 uygun g\u00f6rd\u00fck. Ayr\u0131ca bu kitapta ba\u015fka kaynaklarda g\u00f6remeyece\u011finiz pek \u00e7ok yeni ve de\u011ferli bilgiye ula\u015faca\u011f\u0131n\u0131z\u0131 umuyorum. Sonu\u00e7 olarak, bu kitap d\u0131\u015f ticaret ve g\u00fcmr\u00fck i\u015flemleri ile ilgilenen herkes i\u00e7in temel ba\u015fvuru kayna\u011f\u0131 niteli\u011finde olmas\u0131 amac\u0131yla haz\u0131rlanm\u0131\u015ft\u0131r. \u00dcniversitelerin d\u0131\u015f ticaret ve maliye ile ilgili b\u00f6l\u00fcmlerinde yard\u0131mc\u0131 kaynak olarak kullan\u0131labilir. D\u0131\u015f ticarete ve d\u0131\u015f ticaret e\u011fitimlerine olan ilginin giderek artt\u0131\u011f\u0131 g\u00fcn\u00fcm\u00fczde bu e\u011fitimler i\u00e7in de kitaptan faydalan\u0131labilir. Di\u011fer taraftan kitab\u0131n uzmanl\u0131k s\u0131nav\u0131na haz\u0131rlanan ticaret uzman yard\u0131mc\u0131lar\u0131 ve g\u00f6revde y\u00fckselme s\u0131navlar\u0131na, g\u00fcmr\u00fck m\u00fc\u015favirlik ve m\u00fc\u015favir yard\u0131mc\u0131l\u0131\u011f\u0131 s\u0131navlar\u0131na haz\u0131rlanan meslekta\u015flar\u0131m i\u00e7in de faydal\u0131 olaca\u011f\u0131n\u0131 d\u00fc\u015f\u00fcn\u00fcyorum.   \u0130\u00c7\u0130NDEK\u0130LER B\u00d6L\u00dcM 1 G\u00fcmr\u00fck ve G\u00fcmr\u00fck Vergilerine Genel Bak\u0131\u015f B\u00d6L\u00dcM 2 Vergi Tekni\u011fi A\u00e7\u0131s\u0131ndan G\u00fcmr\u00fck Vergileri B\u00d6L\u00dcM 3 G\u00fcmr\u00fck Vergileri Tan\u0131m\u0131na D\u00e2hil Olan Vergi ve Mali Y\u00fckler   <\/p>\n","protected":false},"excerpt":{"rendered":"<p>Elinizdeki bu kitapta b\u00fct\u00fcnc\u00fcl bir anlay\u0131\u015f, kavramsal bir bak\u0131\u015f a\u00e7\u0131s\u0131 \u00f6ne \u00e7\u0131kar\u0131lm\u0131\u015f, \u201ci\u015fin temel mant\u0131\u011f\u0131\u201d aktar\u0131lmaya \u00e7al\u0131\u015f\u0131lm\u0131\u015ft\u0131r. Yaln\u0131zca mevzuat\u0131n aktar\u0131lmas\u0131 yerine \u00f6ze ili\u015fkin bilgilere yer verilmi\u015ftir.<span class=\"excerpt-hellip\"> [\u2026]<\/span><\/p>\n","protected":false},"featured_media":0,"template":"","meta":{"_monsterinsights_skip_tracking":false,"_monsterinsights_sitenote_active":false,"_monsterinsights_sitenote_note":"","_monsterinsights_sitenote_category":0},"product_brand":[],"product_cat":[12573,12566],"product_tag":[],"class_list":{"0":"post-721518","1":"product","2":"type-product","3":"status-publish","5":"product_cat-akademik-kitaplar","6":"product_cat-egitim","7":"pa_cilt-ciltsiz","8":"pa_tur-kitap","9":"pa_yayinevi-gazi-kitabevi","10":"pa_yazar-mustafa-sahin","12":"first","13":"instock","14":"sale","15":"shipping-taxable","16":"purchasable","17":"product-type-simple"},"_links":{"self":[{"href":"https:\/\/roveyayinevi.com.tr\/index.php\/wp-json\/wp\/v2\/product\/721518","targetHints":{"allow":["GET"]}}],"collection":[{"href":"https:\/\/roveyayinevi.com.tr\/index.php\/wp-json\/wp\/v2\/product"}],"about":[{"href":"https:\/\/roveyayinevi.com.tr\/index.php\/wp-json\/wp\/v2\/types\/product"}],"wp:attachment":[{"href":"https:\/\/roveyayinevi.com.tr\/index.php\/wp-json\/wp\/v2\/media?parent=721518"}],"wp:term":[{"taxonomy":"product_brand","embeddable":true,"href":"https:\/\/roveyayinevi.com.tr\/index.php\/wp-json\/wp\/v2\/product_brand?post=721518"},{"taxonomy":"product_cat","embeddable":true,"href":"https:\/\/roveyayinevi.com.tr\/index.php\/wp-json\/wp\/v2\/product_cat?post=721518"},{"taxonomy":"product_tag","embeddable":true,"href":"https:\/\/roveyayinevi.com.tr\/index.php\/wp-json\/wp\/v2\/product_tag?post=721518"}],"curies":[{"name":"wp","href":"https:\/\/api.w.org\/{rel}","templated":true}]}}