{"id":721517,"date":"2025-08-27T18:51:20","date_gmt":"2025-08-27T15:51:20","guid":{"rendered":"https:\/\/roveyayinevi.com.tr\/index.php\/urun\/uluslararasi-hukukun-siyaset-cikmazi\/"},"modified":"2026-04-16T02:29:24","modified_gmt":"2026-04-15T23:29:24","slug":"uluslararasi-hukukun-siyaset-cikmazi","status":"publish","type":"product","link":"https:\/\/roveyayinevi.com.tr\/index.php\/urun\/uluslararasi-hukukun-siyaset-cikmazi\/","title":{"rendered":"Uluslararas\u0131 Hukukun Siyaset \u00c7\u0131kmaz\u0131"},"content":{"rendered":"<p>Uluslarars\u0131 hukuk ve siyasetin sorunlu ili\u015fkisini normatif bak\u0131\u015f a\u00e7\u0131s\u0131 ile el alan bu \u00e7al\u0131\u015fma,hukuk ve siyaset alan\u0131nda \u00f6nemli d\u00fc\u015f\u00fcn\u00fcrlerin fikirleri ile uluslararas\u0131 sistemin adil bir \u015fekilde s\u00fcrd\u00fcr\u00fclmesi i\u00e7in gerekli tarihsel arka plan\u0131n g\u00fcn\u00fcm\u00fczdeki ebedi bar\u0131\u015fa katk\u0131lar\u0131na de\u011finmektedir.Bu d\u00fc\u015f\u00fcnceler etraf\u0131nda ,uluslarars\u0131 hukuk ve siyasetin ABD gibi s\u00fcperg\u00fc\u00e7 konumundaki bir devletin tek tarafl\u0131 m\u00fcdahalelerine kar\u015f\u0131 nas\u0131l olu\u015fturulmas\u0131 gerekti\u011fi uluslararas\u0131 hukuk ve siyaset \u00e7er\u00e7evesinde de\u011ferlendirilmi\u015ftir. Uluslararas\u0131 hukuk ve  siyaset ili\u015fkisinin g\u00fcn\u00fcm\u00fczde nas\u0131l olmas\u0131 gerekti\u011fi konusunda farkl\u0131 ele\u015ftirel yakla\u015f\u0131mlar ele al\u0131narak ,uluslarars\u0131 hukukun uluslararas\u0131 toplumun genel bir fikir birli\u011fi ile d\u00fczenlenmesi gerekti\u011fi, g\u00fcn\u00fcm\u00fczde ya\u015fanan insanl\u0131k trajedileri ve devletlerin tek tarafl\u0131 m\u00fcdahalelerinin engellenmesinde \u00f6nemli f\u0131rsatlar sundu\u011fu ortaya koyulmaya \u00e7al\u0131\u015f\u0131lmaktad\u0131r.   \u0130\u00c7\u0130NDEK\u0130LER   B\u00d6L\u00dcM 1 NORMAT\u0130F TEOR\u0130LER B\u00d6L\u00dcM 2 ABD DI\u015e POL\u0130T\u0130KASI VE M\u00dcDAHALELER\u0130 B\u00d6L\u00dcM 3 ABD\u2019N\u0130N 11 EYL\u00dcL SONRASI AFGAN\u0130STAN \u2018A M\u00dcDAHALES\u0130   <\/p>\n","protected":false},"excerpt":{"rendered":"<p>Uluslarars\u0131 hukuk ve siyasetin sorunlu ili\u015fkisini normatif bak\u0131\u015f a\u00e7\u0131s\u0131 ile el alan bu \u00e7al\u0131\u015fma,hukuk ve siyaset alan\u0131nda \u00f6nemli d\u00fc\u015f\u00fcn\u00fcrlerin fikirleri ile uluslararas\u0131 sistemin adil bir \u015fekilde<span class=\"excerpt-hellip\"> [\u2026]<\/span><\/p>\n","protected":false},"featured_media":0,"template":"","meta":{"_monsterinsights_skip_tracking":false,"_monsterinsights_sitenote_active":false,"_monsterinsights_sitenote_note":"","_monsterinsights_sitenote_category":0},"product_brand":[],"product_cat":[15350,17602],"product_tag":[],"class_list":{"0":"post-721517","1":"product","2":"type-product","3":"status-publish","5":"product_cat-hukuk","6":"product_cat-hukuk-uzerine","7":"pa_cilt-ciltsiz","8":"pa_tur-kitap","9":"pa_yayinevi-gazi-kitabevi","10":"pa_yazar-mustafa-mutlu","12":"first","13":"instock","14":"sale","15":"shipping-taxable","16":"purchasable","17":"product-type-simple"},"_links":{"self":[{"href":"https:\/\/roveyayinevi.com.tr\/index.php\/wp-json\/wp\/v2\/product\/721517","targetHints":{"allow":["GET"]}}],"collection":[{"href":"https:\/\/roveyayinevi.com.tr\/index.php\/wp-json\/wp\/v2\/product"}],"about":[{"href":"https:\/\/roveyayinevi.com.tr\/index.php\/wp-json\/wp\/v2\/types\/product"}],"wp:attachment":[{"href":"https:\/\/roveyayinevi.com.tr\/index.php\/wp-json\/wp\/v2\/media?parent=721517"}],"wp:term":[{"taxonomy":"product_brand","embeddable":true,"href":"https:\/\/roveyayinevi.com.tr\/index.php\/wp-json\/wp\/v2\/product_brand?post=721517"},{"taxonomy":"product_cat","embeddable":true,"href":"https:\/\/roveyayinevi.com.tr\/index.php\/wp-json\/wp\/v2\/product_cat?post=721517"},{"taxonomy":"product_tag","embeddable":true,"href":"https:\/\/roveyayinevi.com.tr\/index.php\/wp-json\/wp\/v2\/product_tag?post=721517"}],"curies":[{"name":"wp","href":"https:\/\/api.w.org\/{rel}","templated":true}]}}