{"id":721516,"date":"2025-08-27T18:51:20","date_gmt":"2025-08-27T15:51:20","guid":{"rendered":"https:\/\/roveyayinevi.com.tr\/index.php\/urun\/soft-beceriler\/"},"modified":"2026-04-16T02:29:24","modified_gmt":"2026-04-15T23:29:24","slug":"soft-beceriler","status":"publish","type":"product","link":"https:\/\/roveyayinevi.com.tr\/index.php\/urun\/soft-beceriler\/","title":{"rendered":"Soft Beceriler"},"content":{"rendered":"<p>\u0130\u00c7\u0130NDEK\u0130LER 1.Soft Beceriler Nedir ya da Ne De\u011fildir ? 2.Soft Becerilere Neden \u0130htiyac\u0131m\u0131z Var ? 3.Ba\u015far\u0131ya G\u00f6t\u00fcren Temel Soft Beceriler Duygusal Zeka Tak\u0131m \u00c7al\u0131\u015fmas\u0131 Becerisi Problem \u00c7\u00f6zme Becerisi Etkili Sunum Becerisi Uyum Sa\u011flama Becerisi Yarat\u0131c\u0131l\u0131k \u0130\u015f Ahlak\u0131 Zaman Y\u00f6netimi Stres Y\u00f6netimi 4.Liderlik ve Soft Beceriler Bu \u00d6\u011frendiklerimiz G\u00fcnl\u00fck Hayatta Ne \u0130\u015fimize Yarayacak ?   <\/p>\n","protected":false},"excerpt":{"rendered":"<p>\u0130\u00c7\u0130NDEK\u0130LER 1.Soft Beceriler Nedir ya da Ne De\u011fildir ? 2.Soft Becerilere Neden \u0130htiyac\u0131m\u0131z Var ? 3.Ba\u015far\u0131ya G\u00f6t\u00fcren Temel Soft Beceriler Duygusal Zeka Tak\u0131m \u00c7al\u0131\u015fmas\u0131 Becerisi Problem<span class=\"excerpt-hellip\"> [\u2026]<\/span><\/p>\n","protected":false},"featured_media":0,"template":"","meta":{"_monsterinsights_skip_tracking":false,"_monsterinsights_sitenote_active":false,"_monsterinsights_sitenote_note":"","_monsterinsights_sitenote_category":0},"product_brand":[],"product_cat":[12357],"product_tag":[],"class_list":{"0":"post-721516","1":"product","2":"type-product","3":"status-publish","5":"product_cat-psikoloji","6":"pa_cilt-ciltsiz","7":"pa_tur-kitap","8":"pa_yayinevi-gazi-kitabevi","9":"pa_yazar-bahar-urhan-torun","11":"first","12":"instock","13":"sale","14":"shipping-taxable","15":"purchasable","16":"product-type-simple"},"_links":{"self":[{"href":"https:\/\/roveyayinevi.com.tr\/index.php\/wp-json\/wp\/v2\/product\/721516","targetHints":{"allow":["GET"]}}],"collection":[{"href":"https:\/\/roveyayinevi.com.tr\/index.php\/wp-json\/wp\/v2\/product"}],"about":[{"href":"https:\/\/roveyayinevi.com.tr\/index.php\/wp-json\/wp\/v2\/types\/product"}],"wp:attachment":[{"href":"https:\/\/roveyayinevi.com.tr\/index.php\/wp-json\/wp\/v2\/media?parent=721516"}],"wp:term":[{"taxonomy":"product_brand","embeddable":true,"href":"https:\/\/roveyayinevi.com.tr\/index.php\/wp-json\/wp\/v2\/product_brand?post=721516"},{"taxonomy":"product_cat","embeddable":true,"href":"https:\/\/roveyayinevi.com.tr\/index.php\/wp-json\/wp\/v2\/product_cat?post=721516"},{"taxonomy":"product_tag","embeddable":true,"href":"https:\/\/roveyayinevi.com.tr\/index.php\/wp-json\/wp\/v2\/product_tag?post=721516"}],"curies":[{"name":"wp","href":"https:\/\/api.w.org\/{rel}","templated":true}]}}